{"id":2039,"date":"2024-05-17T13:41:53","date_gmt":"2024-05-17T13:41:53","guid":{"rendered":"https:\/\/jadranski-zavod.hazu.hr?page_id=2039"},"modified":"2024-05-17T13:45:34","modified_gmt":"2024-05-17T13:45:34","slug":"referencing","status":"publish","type":"page","link":"https:\/\/jadranski-zavod.hazu.hr\/en\/referencing\/","title":{"rendered":"Referencing"},"content":{"rendered":"\n<p>Along with the comprehensive bibliographic information provided in the footnotes in accordance with the standard rules, a list of references should be included at the end of the article under the heading \u02ddBibliography\u02dd.<\/p>\n\n\n\n<p>In the first citation in a footnote, as well as in the bibliography at the end of the article, a comprehensive description of the bibliographic item should be provided. In subsequent citations in the footnotes, a reference should be made to the footnote in which the first citation appears. Alternatively, if possible, the author may refer to a previous citation by using ibid. or op. cit. with a page number. The reference must include the author&#8217;s last name and initials. If<br>there are more than three authors, then it is sufficient to state the first author, followed by the abbreviation et al.<\/p>\n\n\n\n<p>Internet sources are subject to all the above rules, and the reference should also include the web address and the date of access to the source.<\/p>\n\n\n\n<p><strong><span style=\"text-decoration: underline;\">EXAMPLES<\/span><\/strong><\/p>\n\n\n\n<p><strong>1) Books and Book Chapters or Monographs:<\/strong><\/p>\n\n\n\n<p><strong>a) The First Citation in the Footnote and in the Bibliography:<\/strong><\/p>\n\n\n\n<ol class=\"wp-block-list\">\n<li>Wallace, R. M. M., International Law, 5th ed., Sweet &amp; Maxwell, London, 2005.<\/li>\n\n\n\n<li>Martinez Gutierrez, N. A., Limitation of Liability in International Maritime Conventions, Routledge, London, 2011.<\/li>\n\n\n\n<li>Selvig, E., An Introduction to the 1976 Convention, Chapter 1, in: Limitation of Shipowners\u2019 Liability: The New Law, Institute of Maritime Law, University of Southampton, Sweet &amp; Maxwell, London, 1986.<\/li>\n\n\n\n<li>Tetley, W., Maritime Liens in the Conflict of Laws, in Nafziger, J. A. R.; Symeonides, S. C. (eds.), Law and Justice in a Multistate World, Transnational Publishers Inc., New York, 2002, pp. 439-457.<\/li>\n<\/ol>\n\n\n\n<p><strong>b) Second Citation in a Footnote:<\/strong><\/p>\n\n\n\n<ol class=\"wp-block-list\">\n<li>Martinez Gutierrez, N. A., Limitation of Liability\u2026, op. cit., p. 57; or Martinez Gutierrez,<br>N. A., Limitation of Liability\u2026, op. cit. in fn. 7; or Ibid., p. 57<\/li>\n<\/ol>\n\n\n\n<p><strong>2) Articles and Doctoral Theses or Master&#8217;s Thesis:<\/strong><\/p>\n\n\n\n<p><strong>a) The First Citation in a Footnote and in the Bibliography:<\/strong><\/p>\n\n\n\n<ol class=\"wp-block-list\">\n<li>Davies, M., Time to Change the Federal Forum Non Conveniens Analysis, Tulane Law Review, vol. 77 (2002), no. 2, pp. 309-386.<\/li>\n\n\n\n<li>Borelli, S.; Stanford, B., Troubled Waters in the Mare Nostrum: Interception and Push-backs of Migrants in the Mediterranean and the European Convention on Human Rights, Review of International Law and Politics, vol. 10 (2014), no. 37, pp. 29-69.<\/li>\n\n\n\n<li>Mandi\u0107, N.; Zuji\u0107, M., Pijaca, M., Inspection in Coastal Liner Shipping, in: Ivo\u0161evi\u0107, \u0160.; Vidan, P. (eds.), Book of Proceedings \u2013 8th International Maritime Science Conference, Faculty of Maritime Studies in Kotor and Faculty of Maritime Studies in Split, Kotor, 2019, pp. 471-479.<\/li>\n\n\n\n<li>Vasani, A., Shipbuilding Disputes: Influence of Industry Norms on Law and Contracts, Doctoral Thesis, City, University of London, 2018.<\/li>\n<\/ol>\n\n\n\n<p><strong>b) Subsequent Citations of the Same Reference in the Footnotes:<\/strong><\/p>\n\n\n\n<ol class=\"wp-block-list\">\n<li>Davies, M., Time to Change\u2026, op. cit., pp. 309-310; or Davies, M., Time to Change\u2026, op.<br>cit. in fn. 6; or Ibid., p. 310.<\/li>\n\n\n\n<li>Borelli, S.; Stanford, B., Troubled Waters in the Mare Nostrum\u2026, op. cit., p. 35; or Borelli,<br>S.; Stanford, B., Troubled Waters in the Mare Nostrum\u2026, op. cit. in fn. 7; or Ibid., p. 35.<\/li>\n<\/ol>\n\n\n\n<p><strong>3) Legislation:<\/strong><\/p>\n\n\n\n<ol class=\"wp-block-list\">\n<li>Directive 2009\/20\/EC of the European Parliament and of the Council of 23 April 2009 on<br>the Insurance of Shipowners for Maritime Claims, OJ L 131\/131, 28 May 2009.<\/li>\n\n\n\n<li>Legislative Decree no. 111 of 28 June 2012, Official Gazette of the Republic of Italy, no.<br>173, 26 July 2012.<\/li>\n\n\n\n<li>International Convention for the Prevention of Pollution from Ships (MARPOL), 1973 and<br>Protocol 1978, United Nations Treaty Series, vol. 1340, no. 22484.<\/li>\n\n\n\n<li>IMO Resolution LEG.1(82) adopted on 18 October 2000, Adoption of Amendments of the<br>Limits of Compensation in the Protocol of 1992 to amend the International Convention on Civil<br>Liability for Oil Pollution Damage, 1969.<\/li>\n<\/ol>\n\n\n\n<p><strong>4) Case Law:<\/strong><\/p>\n\n\n\n<ol class=\"wp-block-list\">\n<li>Empresa Cubana Importada de Alimentos \u02ddAlimport\u02dd v. Iasmos Shipping Co SA (\u02ddThe Good<br>Friend\u02dd) [1984] 2 Lloyd\u2019s Law Reports 586.<\/li>\n\n\n\n<li>High Commercial Court of the Republic of Croatia, P\u017e-8130\/03, 22 November 2016.<\/li>\n\n\n\n<li>H.L.R. v. France, App. No. 24573\/94, ECtHR, Judgment of 29 April 1997.<\/li>\n\n\n\n<li>Legality of the Threat or Use of Nuclear Weapons, Advisory Opinion, ICJ Reports 1996.<\/li>\n<\/ol>\n\n\n\n<p><strong>5) Other or Online Sources:<\/strong><\/p>\n\n\n\n<ol class=\"wp-block-list\">\n<li>Insolvency Risk in the German Travel Industry, CRIF, February 2021,<br>https:\/\/www.crif.com.mx\/home-en\/news\/press-notice\/2021\/february\/insolvency-riskin-thegerman-travel-industry\/ (28 February 2022).<\/li>\n\n\n\n<li>The Comit\u00e9 Maritime International (CMI), http:\/\/www.comitemaritime.org\/Recognition-ofForeign-Judi-cial-Sales-ofShips (30 January 2022).<\/li>\n\n\n\n<li>A Summary of the Natural Resource Damage Assessment Regulations under The United<br>States Oil Pollution Act, https:\/\/ec.europa.eu\/environment\/legal\/liability\/pdf\/ tp_enveco.pdf (1<br>February 2022).<\/li>\n<\/ol>\n","protected":false},"excerpt":{"rendered":"<p>Along with the comprehensive bibliographic information provided in the footnotes in accordance with the standard rules, a list of references should be included at the end of the article under the heading \u02ddBibliography\u02dd. In the first citation in a footnote, as well as in the bibliography at the end of the article, a comprehensive description&#8230;<\/p>\n","protected":false},"author":2,"featured_media":0,"parent":0,"menu_order":0,"comment_status":"closed","ping_status":"closed","template":"","meta":{"_acf_changed":false,"_kad_blocks_custom_css":"","_kad_blocks_head_custom_js":"","_kad_blocks_body_custom_js":"","_kad_blocks_footer_custom_js":"","_kad_post_transparent":"","_kad_post_title":"","_kad_post_layout":"","_kad_post_sidebar_id":"","_kad_post_content_style":"","_kad_post_vertical_padding":"","_kad_post_feature":"","_kad_post_feature_position":"","_kad_post_header":false,"_kad_post_footer":false,"footnotes":""},"class_list":["post-2039","page","type-page","status-publish","hentry"],"acf":[],"yoast_head":"<!-- This site is optimized with the Yoast SEO plugin v23.8 - https:\/\/yoast.com\/wordpress\/plugins\/seo\/ -->\n<title>Referencing - Adriatic Institute<\/title>\n<meta name=\"robots\" content=\"index, follow, max-snippet:-1, max-image-preview:large, max-video-preview:-1\" \/>\n<link rel=\"canonical\" href=\"https:\/\/jadranski-zavod.hazu.hr\/en\/referencing\/\" \/>\n<script type=\"application\/ld+json\" class=\"yoast-schema-graph\">{\"@context\":\"https:\/\/schema.org\",\"@graph\":[{\"@type\":\"WebPage\",\"@id\":\"https:\/\/jadranski-zavod.hazu.hr\/en\/referencing\/\",\"url\":\"https:\/\/jadranski-zavod.hazu.hr\/en\/referencing\/\",\"name\":\"Referencing - Adriatic Institute\",\"isPartOf\":{\"@id\":\"https:\/\/jadranski-zavod.hazu.hr\/en\/#website\"},\"datePublished\":\"2024-05-17T13:41:53+00:00\",\"dateModified\":\"2024-05-17T13:45:34+00:00\",\"breadcrumb\":{\"@id\":\"https:\/\/jadranski-zavod.hazu.hr\/en\/referencing\/#breadcrumb\"},\"inLanguage\":\"en-US\",\"potentialAction\":[{\"@type\":\"ReadAction\",\"target\":[\"https:\/\/jadranski-zavod.hazu.hr\/en\/referencing\/\"]}]},{\"@type\":\"BreadcrumbList\",\"@id\":\"https:\/\/jadranski-zavod.hazu.hr\/en\/referencing\/#breadcrumb\",\"itemListElement\":[{\"@type\":\"ListItem\",\"position\":1,\"name\":\"Po\u010detna\",\"item\":\"https:\/\/jadranski-zavod.hazu.hr\/en\/\"},{\"@type\":\"ListItem\",\"position\":2,\"name\":\"Referencing\"}]},{\"@type\":\"WebSite\",\"@id\":\"https:\/\/jadranski-zavod.hazu.hr\/en\/#website\",\"url\":\"https:\/\/jadranski-zavod.hazu.hr\/en\/\",\"name\":\"Jadranski zavod\",\"description\":\"Croatian Academy of Sciences and Arts\",\"potentialAction\":[{\"@type\":\"SearchAction\",\"target\":{\"@type\":\"EntryPoint\",\"urlTemplate\":\"https:\/\/jadranski-zavod.hazu.hr\/en\/?s={search_term_string}\"},\"query-input\":{\"@type\":\"PropertyValueSpecification\",\"valueRequired\":true,\"valueName\":\"search_term_string\"}}],\"inLanguage\":\"en-US\"}]}<\/script>\n<!-- \/ Yoast SEO plugin. -->","yoast_head_json":{"title":"Referencing - Adriatic Institute","robots":{"index":"index","follow":"follow","max-snippet":"max-snippet:-1","max-image-preview":"max-image-preview:large","max-video-preview":"max-video-preview:-1"},"canonical":"https:\/\/jadranski-zavod.hazu.hr\/en\/referencing\/","schema":{"@context":"https:\/\/schema.org","@graph":[{"@type":"WebPage","@id":"https:\/\/jadranski-zavod.hazu.hr\/en\/referencing\/","url":"https:\/\/jadranski-zavod.hazu.hr\/en\/referencing\/","name":"Referencing - Adriatic Institute","isPartOf":{"@id":"https:\/\/jadranski-zavod.hazu.hr\/en\/#website"},"datePublished":"2024-05-17T13:41:53+00:00","dateModified":"2024-05-17T13:45:34+00:00","breadcrumb":{"@id":"https:\/\/jadranski-zavod.hazu.hr\/en\/referencing\/#breadcrumb"},"inLanguage":"en-US","potentialAction":[{"@type":"ReadAction","target":["https:\/\/jadranski-zavod.hazu.hr\/en\/referencing\/"]}]},{"@type":"BreadcrumbList","@id":"https:\/\/jadranski-zavod.hazu.hr\/en\/referencing\/#breadcrumb","itemListElement":[{"@type":"ListItem","position":1,"name":"Po\u010detna","item":"https:\/\/jadranski-zavod.hazu.hr\/en\/"},{"@type":"ListItem","position":2,"name":"Referencing"}]},{"@type":"WebSite","@id":"https:\/\/jadranski-zavod.hazu.hr\/en\/#website","url":"https:\/\/jadranski-zavod.hazu.hr\/en\/","name":"Jadranski zavod","description":"Croatian Academy of Sciences and Arts","potentialAction":[{"@type":"SearchAction","target":{"@type":"EntryPoint","urlTemplate":"https:\/\/jadranski-zavod.hazu.hr\/en\/?s={search_term_string}"},"query-input":{"@type":"PropertyValueSpecification","valueRequired":true,"valueName":"search_term_string"}}],"inLanguage":"en-US"}]}},"taxonomy_info":[],"featured_image_src_large":false,"author_info":{"display_name":"Jadranski zavod","author_link":"https:\/\/jadranski-zavod.hazu.hr\/en\/author\/jsinovcicperkovic\/"},"comment_info":0,"_links":{"self":[{"href":"https:\/\/jadranski-zavod.hazu.hr\/en\/wp-json\/wp\/v2\/pages\/2039","targetHints":{"allow":["GET"]}}],"collection":[{"href":"https:\/\/jadranski-zavod.hazu.hr\/en\/wp-json\/wp\/v2\/pages"}],"about":[{"href":"https:\/\/jadranski-zavod.hazu.hr\/en\/wp-json\/wp\/v2\/types\/page"}],"author":[{"embeddable":true,"href":"https:\/\/jadranski-zavod.hazu.hr\/en\/wp-json\/wp\/v2\/users\/2"}],"replies":[{"embeddable":true,"href":"https:\/\/jadranski-zavod.hazu.hr\/en\/wp-json\/wp\/v2\/comments?post=2039"}],"version-history":[{"count":2,"href":"https:\/\/jadranski-zavod.hazu.hr\/en\/wp-json\/wp\/v2\/pages\/2039\/revisions"}],"predecessor-version":[{"id":2041,"href":"https:\/\/jadranski-zavod.hazu.hr\/en\/wp-json\/wp\/v2\/pages\/2039\/revisions\/2041"}],"wp:attachment":[{"href":"https:\/\/jadranski-zavod.hazu.hr\/en\/wp-json\/wp\/v2\/media?parent=2039"}],"curies":[{"name":"wp","href":"https:\/\/api.w.org\/{rel}","templated":true}]}}