{"id":2031,"date":"2024-03-04T13:20:18","date_gmt":"2024-03-04T13:20:18","guid":{"rendered":"https:\/\/jadranski-zavod.hazu.hr\/kontakt-2\/"},"modified":"2025-07-03T14:00:35","modified_gmt":"2025-07-03T13:00:35","slug":"kontakt-2","status":"publish","type":"page","link":"https:\/\/jadranski-zavod.hazu.hr\/en\/kontakt-2\/","title":{"rendered":"Contact"},"content":{"rendered":"\n<p><strong>Editorial Board:<\/strong><br>Jadranski zavod HAZU<br>Augusta \u0160enoe 4<br>10000 Zagreb<br>Tel\/fax +385 (0)1 4812 703<br>E-mail: <a href=\"mailto:jz@hazu.hr\"><strong>jz@hazu.hr<\/strong><\/a><\/p>\n\n\n\n<p><strong>Editor in Chief:<\/strong><br>Jak\u0161a Barbi\u0107, Professor Emeritus, Ph.D.<br>Jadranski zavod HAZU<br>Augusta \u0160enoe 4<br>10000 Zagreb<br>Tel\/fax +385 (0)1 4812 703<br>E-mail:\u00a0<a href=\"mailto:jaksa.barbic@outlook.com\"><strong>jaksa.barbic@outlook.com<\/strong><\/a><\/p>\n\n\n\n<p><strong>Executive Editor:<\/strong><br>Ivana Gojni\u0107<br>Jadranski zavod, HAZU<br>Augusta \u0160enoe 4<br>10000 Zagreb<br>Tel\/fax:+385 (0)1 4812 703<br>E-mail: <a href=\"mailto:igojnic@hazu.hr\"><strong>igojnic@hazu.hr<\/strong><\/a><\/p>\n\n\n\n<p><strong>Associate Editor:<\/strong><br>Jakov Sinov\u010di\u0107-Perkovi\u0107<br>Knji\u017enica Jadranskog zavoda HAZU<br>\u0160enoina 4<br>10000 Zagreb<br>Tel\/fax +385 (0)1 4812 703<br>E-mail: <a href=\"mailto:jsinovcicperkovic@hazu.hr\"><strong>jsinovcicperkovic@hazu.hr<\/strong><\/a><\/p>\n","protected":false},"excerpt":{"rendered":"<p>Editorial Board:Jadranski zavod HAZUAugusta \u0160enoe 410000 ZagrebTel\/fax +385 (0)1 4812 703E-mail: jz@hazu.hr Editor in Chief:Jak\u0161a Barbi\u0107, Professor Emeritus, Ph.D.Jadranski zavod HAZUAugusta \u0160enoe 410000 ZagrebTel\/fax +385 (0)1 4812 703E-mail:\u00a0jaksa.barbic@outlook.com Executive Editor:Ivana Gojni\u0107Jadranski zavod, HAZUAugusta \u0160enoe 410000 ZagrebTel\/fax:+385 (0)1 4812 703E-mail: igojnic@hazu.hr Associate Editor:Jakov Sinov\u010di\u0107-Perkovi\u0107Knji\u017enica Jadranskog zavoda HAZU\u0160enoina 410000 ZagrebTel\/fax +385 (0)1 4812 703E-mail: jsinovcicperkovic@hazu.hr<\/p>\n","protected":false},"author":2,"featured_media":0,"parent":0,"menu_order":0,"comment_status":"closed","ping_status":"closed","template":"","meta":{"_acf_changed":false,"_kad_blocks_custom_css":"","_kad_blocks_head_custom_js":"","_kad_blocks_body_custom_js":"","_kad_blocks_footer_custom_js":"","_kad_post_transparent":"","_kad_post_title":"","_kad_post_layout":"","_kad_post_sidebar_id":"","_kad_post_content_style":"","_kad_post_vertical_padding":"","_kad_post_feature":"","_kad_post_feature_position":"","_kad_post_header":false,"_kad_post_footer":false,"footnotes":""},"class_list":["post-2031","page","type-page","status-publish","hentry"],"acf":[],"yoast_head":"<!-- This site is optimized with the Yoast SEO plugin v23.8 - https:\/\/yoast.com\/wordpress\/plugins\/seo\/ -->\n<title>Contact - Adriatic Institute<\/title>\n<meta name=\"robots\" content=\"index, follow, max-snippet:-1, max-image-preview:large, max-video-preview:-1\" \/>\n<link rel=\"canonical\" href=\"https:\/\/jadranski-zavod.hazu.hr\/en\/kontakt-2\/\" \/>\n<script type=\"application\/ld+json\" class=\"yoast-schema-graph\">{\"@context\":\"https:\/\/schema.org\",\"@graph\":[{\"@type\":\"WebPage\",\"@id\":\"https:\/\/jadranski-zavod.hazu.hr\/en\/kontakt-2\/\",\"url\":\"https:\/\/jadranski-zavod.hazu.hr\/en\/kontakt-2\/\",\"name\":\"Contact - Adriatic Institute\",\"isPartOf\":{\"@id\":\"https:\/\/jadranski-zavod.hazu.hr\/en\/#website\"},\"datePublished\":\"2024-03-04T13:20:18+00:00\",\"dateModified\":\"2025-07-03T13:00:35+00:00\",\"breadcrumb\":{\"@id\":\"https:\/\/jadranski-zavod.hazu.hr\/en\/kontakt-2\/#breadcrumb\"},\"inLanguage\":\"en-US\",\"potentialAction\":[{\"@type\":\"ReadAction\",\"target\":[\"https:\/\/jadranski-zavod.hazu.hr\/en\/kontakt-2\/\"]}]},{\"@type\":\"BreadcrumbList\",\"@id\":\"https:\/\/jadranski-zavod.hazu.hr\/en\/kontakt-2\/#breadcrumb\",\"itemListElement\":[{\"@type\":\"ListItem\",\"position\":1,\"name\":\"Po\u010detna\",\"item\":\"https:\/\/jadranski-zavod.hazu.hr\/en\/\"},{\"@type\":\"ListItem\",\"position\":2,\"name\":\"Contact\"}]},{\"@type\":\"WebSite\",\"@id\":\"https:\/\/jadranski-zavod.hazu.hr\/en\/#website\",\"url\":\"https:\/\/jadranski-zavod.hazu.hr\/en\/\",\"name\":\"Jadranski zavod\",\"description\":\"Croatian Academy of Sciences and Arts\",\"potentialAction\":[{\"@type\":\"SearchAction\",\"target\":{\"@type\":\"EntryPoint\",\"urlTemplate\":\"https:\/\/jadranski-zavod.hazu.hr\/en\/?s={search_term_string}\"},\"query-input\":{\"@type\":\"PropertyValueSpecification\",\"valueRequired\":true,\"valueName\":\"search_term_string\"}}],\"inLanguage\":\"en-US\"}]}<\/script>\n<!-- \/ Yoast SEO plugin. -->","yoast_head_json":{"title":"Contact - Adriatic Institute","robots":{"index":"index","follow":"follow","max-snippet":"max-snippet:-1","max-image-preview":"max-image-preview:large","max-video-preview":"max-video-preview:-1"},"canonical":"https:\/\/jadranski-zavod.hazu.hr\/en\/kontakt-2\/","schema":{"@context":"https:\/\/schema.org","@graph":[{"@type":"WebPage","@id":"https:\/\/jadranski-zavod.hazu.hr\/en\/kontakt-2\/","url":"https:\/\/jadranski-zavod.hazu.hr\/en\/kontakt-2\/","name":"Contact - Adriatic Institute","isPartOf":{"@id":"https:\/\/jadranski-zavod.hazu.hr\/en\/#website"},"datePublished":"2024-03-04T13:20:18+00:00","dateModified":"2025-07-03T13:00:35+00:00","breadcrumb":{"@id":"https:\/\/jadranski-zavod.hazu.hr\/en\/kontakt-2\/#breadcrumb"},"inLanguage":"en-US","potentialAction":[{"@type":"ReadAction","target":["https:\/\/jadranski-zavod.hazu.hr\/en\/kontakt-2\/"]}]},{"@type":"BreadcrumbList","@id":"https:\/\/jadranski-zavod.hazu.hr\/en\/kontakt-2\/#breadcrumb","itemListElement":[{"@type":"ListItem","position":1,"name":"Po\u010detna","item":"https:\/\/jadranski-zavod.hazu.hr\/en\/"},{"@type":"ListItem","position":2,"name":"Contact"}]},{"@type":"WebSite","@id":"https:\/\/jadranski-zavod.hazu.hr\/en\/#website","url":"https:\/\/jadranski-zavod.hazu.hr\/en\/","name":"Jadranski zavod","description":"Croatian Academy of Sciences and Arts","potentialAction":[{"@type":"SearchAction","target":{"@type":"EntryPoint","urlTemplate":"https:\/\/jadranski-zavod.hazu.hr\/en\/?s={search_term_string}"},"query-input":{"@type":"PropertyValueSpecification","valueRequired":true,"valueName":"search_term_string"}}],"inLanguage":"en-US"}]}},"taxonomy_info":[],"featured_image_src_large":false,"author_info":{"display_name":"Jadranski zavod","author_link":"https:\/\/jadranski-zavod.hazu.hr\/en\/author\/jsinovcicperkovic\/"},"comment_info":0,"_links":{"self":[{"href":"https:\/\/jadranski-zavod.hazu.hr\/en\/wp-json\/wp\/v2\/pages\/2031","targetHints":{"allow":["GET"]}}],"collection":[{"href":"https:\/\/jadranski-zavod.hazu.hr\/en\/wp-json\/wp\/v2\/pages"}],"about":[{"href":"https:\/\/jadranski-zavod.hazu.hr\/en\/wp-json\/wp\/v2\/types\/page"}],"author":[{"embeddable":true,"href":"https:\/\/jadranski-zavod.hazu.hr\/en\/wp-json\/wp\/v2\/users\/2"}],"replies":[{"embeddable":true,"href":"https:\/\/jadranski-zavod.hazu.hr\/en\/wp-json\/wp\/v2\/comments?post=2031"}],"version-history":[{"count":5,"href":"https:\/\/jadranski-zavod.hazu.hr\/en\/wp-json\/wp\/v2\/pages\/2031\/revisions"}],"predecessor-version":[{"id":3439,"href":"https:\/\/jadranski-zavod.hazu.hr\/en\/wp-json\/wp\/v2\/pages\/2031\/revisions\/3439"}],"wp:attachment":[{"href":"https:\/\/jadranski-zavod.hazu.hr\/en\/wp-json\/wp\/v2\/media?parent=2031"}],"curies":[{"name":"wp","href":"https:\/\/api.w.org\/{rel}","templated":true}]}}