{"id":2016,"date":"2024-05-16T08:58:02","date_gmt":"2024-05-16T08:58:02","guid":{"rendered":"https:\/\/jadranski-zavod.hazu.hr?page_id=2016"},"modified":"2024-12-02T11:35:06","modified_gmt":"2024-12-02T10:35:06","slug":"associate-professor-iva-tuhtan-grgic-phd","status":"publish","type":"page","link":"https:\/\/jadranski-zavod.hazu.hr\/en\/editorial-board\/associate-professor-iva-tuhtan-grgic-phd\/","title":{"rendered":"Associate Professor Iva Tuhtan Grgi\u0107, PhD"},"content":{"rendered":"\n<div class=\"wp-block-columns is-layout-flex wp-container-core-columns-is-layout-9d6595d7 wp-block-columns-is-layout-flex\">\n<div class=\"wp-block-column is-layout-flow wp-block-column-is-layout-flow\" style=\"flex-basis:33.33%\">\n<figure class=\"wp-block-image size-full\"><img decoding=\"async\" width=\"580\" height=\"620\" src=\"https:\/\/jadranski-zavod.hazu.hr\/wp-content\/uploads\/2024\/03\/ivatuhtan.jpg\" alt=\"\" class=\"wp-image-934\" srcset=\"https:\/\/jadranski-zavod.hazu.hr\/wp-content\/uploads\/2024\/03\/ivatuhtan.jpg 580w, https:\/\/jadranski-zavod.hazu.hr\/wp-content\/uploads\/2024\/03\/ivatuhtan-281x300.jpg 281w\" sizes=\"(max-width: 580px) 100vw, 580px\" \/><\/figure>\n<\/div>\n\n\n\n<div class=\"wp-block-column has-theme-palette-8-background-color has-background is-layout-flow wp-block-column-is-layout-flow\" style=\"padding-top:var(--wp--preset--spacing--40);padding-right:var(--wp--preset--spacing--40);padding-bottom:var(--wp--preset--spacing--40);padding-left:var(--wp--preset--spacing--40);flex-basis:66.66%\">\n<p><strong>Associate Professor IVA TUHTAN GRGI\u0106, PhD<\/strong><\/p>\n\n\n\n<p>University of Rijeka, Faculty of Law<br>Hahli\u0107 6<br>51000 Rijeka, Croatia<br>Email:  <strong>iva.tuhtan.grgic@pravri.uniri.hr<\/strong><\/p>\n\n\n\n<p><strong>PERSONAL INFORMATION<\/strong><\/p>\n\n\n\n<p>Date of birth: 1977<\/p>\n\n\n\n<p><strong>EDUCATION<\/strong><\/p>\n\n\n\n<ul class=\"wp-block-list\">\n<li>2014 \u2013 Doctor of Law (PhD), Faculty of Law, University of Zagreb<\/li>\n\n\n\n<li>2001 \u2013 Lawyer, University of Rijeka, Faculty of Law<\/li>\n<\/ul>\n\n\n\n<p><strong>WORK EXPERIENCE<\/strong><\/p>\n\n\n\n<ul class=\"wp-block-list\">\n<li>2021 &#8211; Associate Professor, University of Rijeka, Faculty of Law<\/li>\n\n\n\n<li>2016-2021 \u2013 Assistant Professor, University of Rijeka, Faculty of Law<\/li>\n\n\n\n<li>2015-2016 \u2013 Senior Teaching Assistant, University of Rijeka, Faculty of Law<\/li>\n\n\n\n<li>2001-2015 \u2013 Teaching Assistant, University of Rijeka, Faculty of Law<\/li>\n<\/ul>\n\n\n\n<p><strong>SCIENTIFIC TRAINING<\/strong><\/p>\n\n\n\n<ul class=\"wp-block-list\">\n<li>2019 \u2013 La Sapienza, Univesit\u00e0 di Roma, Italy<\/li>\n\n\n\n<li>2018 \u2013 European University Institute (EUI), Firenca, Italy<\/li>\n\n\n\n<li>2012 \u2013 Max Planck Institute f\u00fcr ausl\u00e4ndisches und internationales Privatrecht, Hamburg, Germany<\/li>\n\n\n\n<li>2011 \u2013 Max Planck Institute f\u00fcr ausl\u00e4ndisches und internationales Privatrecht, Hamburg, Germany<\/li>\n\n\n\n<li>2010 \u2013 Max Planck Institute f\u00fcr ausl\u00e4ndisches und internationales Privatrecht, Hamburg, Germany<\/li>\n<\/ul>\n\n\n\n<p><strong>TEACHING AND MENTORING<\/strong><\/p>\n\n\n\n<ul class=\"wp-block-list\">\n<li>Integrated Undergraduate and Graduate University Study of Law: Maritime Law and General Transport Law, Marine Environmental Law<\/li>\n\n\n\n<li>Professional Administration Studies: Maritime Administrative Law, Law on the Protection of Marine Environment<\/li>\n\n\n\n<li>Doctoral Study: Law on the Protection of Marine Environment, Marine Insurance<\/li>\n\n\n\n<li>Organization and participation in conducting the International and Maritime Law Course at the IUC Dubrovnik<\/li>\n\n\n\n<li>Mentorship in the Doctoral Study (1 student)<\/li>\n<\/ul>\n\n\n\n<p><strong>SCIENTIFIC PROJECTS<\/strong><\/p>\n\n\n\n<ul class=\"wp-block-list\">\n<li>2020-2023 \u2013 &#8221;Transport Faced with the Challenges of Technological Development and Globalization: New Solutions in the Field of Liability and Competition&#8221;, Ministry of Science, Innovation and Universities, ref. PID2019-107204GB-C33 (2020-2024), guided by: Professor Maria Victoria Petit and Professor Achim Puetz<\/li>\n\n\n\n<li>2016-2019 \u2013 &#8221;Developing a Modern Legal and Insurance Regime for Croatian Marinas \u2013 Enhancing Competitiveness, Safety, Security and Marine Environmental Standards&#8221; (DELICROMAR), project no. 3061, guided by Associate Professor Adriana V. Padovan<\/li>\n\n\n\n<li>2007-2013 \u2013 &#8221;Social Security and Competition &#8211; European Requirements and National Solutions&#8221;, project MZO\u0160, project code: 115-1151212-2637, guided by Professor Nada Bodiroga Vukobrat<\/li>\n\n\n\n<li>2002-2006 \u2013 &#8221;Transformation of Social Ownership on the Immovable&#8221;, project MZO\u0160, guided by Professor Petar Simonetti<\/li>\n<\/ul>\n\n\n\n<p><strong>PROFESSIONAL ACTIVITIES<\/strong><\/p>\n\n\n\n<ul class=\"wp-block-list\">\n<li>active participation in over 30 international and domestic scientific and professional conferences, seminars, and roundtable discussions<\/li>\n\n\n\n<li>Head of the Expert Committee for Concessions on Maritime Domain in the Primorje-Gorski Kotar County<\/li>\n\n\n\n<li>Member of the Department of Maritime and Transport Law at the University of Rijeka, Faculty of Law<\/li>\n\n\n\n<li>Member of the organizing committee for several domestic and international conferences<\/li>\n\n\n\n<li>Reviewer for the Italian National Agency for the Evaluation of the University and Research Systems (ANVUR)<\/li>\n\n\n\n<li>External reviewer for the Research Quality Assessment (VQR) process from 2015 to 2019, conducted by ANVUR, Italy<\/li>\n<\/ul>\n\n\n\n<p><strong>MEMBERSHIP IN EDITORIAL BOARDS<\/strong><\/p>\n\n\n\n<ul class=\"wp-block-list\">\n<li>Member of the editorial board of the journal Comparative Maritime Law<\/li>\n<\/ul>\n\n\n\n<p><strong>MEMBERSHIPS IN PROFESSIONAL AND SCIENTIFIC ASSOCIATIONS<\/strong><\/p>\n\n\n\n<ul class=\"wp-block-list\">\n<li>Croatian Maritime Law Association, member since 2001, Vice President since 2018<\/li>\n\n\n\n<li>Croatian Transport Law Association, member since 2017<\/li>\n\n\n\n<li>Croatian Comparative Law Association, member since 2008, Member of the Management Bord from 2020 to 2024<\/li>\n<\/ul>\n\n\n\n<p><strong>MEMBERSHIP IN WORKING GROUPS<\/strong><\/p>\n\n\n\n<ul class=\"wp-block-list\">\n<li>Member of the expert working group for drafting the Law on Maritime Property and Seaports of the Ministry of Sea, Transport, and Infrastructure (2005, 2017, 2022)<\/li>\n<\/ul>\n\n\n\n<p><strong>PERSONAL SKILLS AND COMPETENCIES<\/strong><\/p>\n\n\n\n<p>Languages: Croatian, English, Italian<\/p>\n\n\n\n<p><strong>BIBLIOGRAPHY (selected)<\/strong><\/p>\n\n\n\n<ol class=\"wp-block-list\">\n<li>\u0106ori\u0107, Dorotea; Tuhtan Grgi\u0107, Iva; Stankovi\u0107, Gordan<br>Naknada ekolo\u0161ke \u0161tete u slu\u010daju one\u010di\u0161\u0107enja mora s brodova &#8211; hrvatski pravni okvir     Pomorsko poredbeno pravo = Comparative Maritime Law, vol. 61 (2022), no. 176, pp. 95-133<\/li>\n\n\n\n<li>Tuhtan Grgi\u0107, Iva; Padovan, Adriana Vincenca<br>Regulation (EC) 392\/2009 on the Liability of Carriers of Passengers by Sea in the Event of Accidents: An Example of the Impact of the EU Law beyond its Own Borders, Transporte, competencia y nuevas tecnologias \/ Transport, Competition and New Technologies, (eds. Petit Lavall, Maria Victoria; Puetz, Achim)                                                                                                                   Marical Pons, Madrid\/Barcelona\/Buenos Aires\/S\u00e3o Paulo, 2022, pp. 337-375<\/li>\n\n\n\n<li>Tuhtan Grgi\u0107, Iva<br>Svjetionici \u2013 pravni status i upravljanje de lege lata i de lege ferenda                                            Poredbeno pomorsko pravo = Comparative Maritime Law, vol. 60 (2021), no. 175, pp. 67-109<\/li>\n\n\n\n<li>Tuhtan Grgi\u0107, Iva<br>How Limited is Maritime Carriers\u2019 Liability for Death of and Personal Injury to Passengers under Croatian Law?, Exploring the Social Dimension of Europe, Essays in Honour of Nada Bodiroga-Vukobrat, Sander, G. G.; Po\u0161\u0107i\u0107, A.; Martinovi\u0107, A. (eds.)                                                                                   Verlag Dr. Kova\u010d, Hamburg, 2021, str. 497-511<\/li>\n\n\n\n<li>Tuhtan Grgi\u0107, Iva<br>Polje primjene imovinskopravnih odredbi Pomorskog zakonika s obzirom na objekte                                  Zbornik radova 3. me\u0111unarodne znanstvene konferencije iz pomorskog prava \u2013 MZKPP Split 2021, Pravni fakultet Sveu\u010dili\u0161ta u Splitu, Split, 2021, pp. 333-379<\/li>\n\n\n\n<li>Tuhtan Grgi\u0107, Iva; Bulum, Bo\u017eena; Petit Lavall, Maria Victoria<br>The Influence of European Law on Certain National Solutions Regarding the Concessioning of Nautical Tourism Ports                                                                                                                                                 Revista de Derecho Comunitario Europeo, no. 63, 2019, pp. 489-535<\/li>\n\n\n\n<li>Tuhtan Grgi\u0107, Iva<br>Postupak dodjele koncesije za luku nauti\u010dkog turizma u hrvatskom pravu, Modernizacija prava, Knjiga 47, Novi pravni re\u017eim za marine, Barbi\u0107, J., Padovan, A. V., Skorupan Wolff, V. (eds.)  Hrvatska akademija znanosti i umjetnosti, Zagreb, 2019, pp. 51-89<\/li>\n\n\n\n<li>Stankovi\u0107, Gordan; Tuhtan Grgi\u0107, Iva<br>Posljedice ura\u010dunavanja vrijednosti ulaganja u objekte na pomorskom dobru u odre\u0111enju iznosa temeljnog kapitala dru\u0161tva u postupku pretvorbe dru\u0161tvenog poduze\u0107a u dru\u0161tvo kapitala, Zborniku radova s Okruglog stola: Pravni okvir za luke nauti\u010dkog turizma, Barbi\u0107, J. (ed.)     Hrvatska akademija znanosti i umjetnosti, Zagreb, 2018, pp. 95-123<\/li>\n\n\n\n<li>\u0106ori\u0107, Dorotea; Tuhtan Grgi\u0107, Iva<br>The Rights of Persons with Disabilities and Reduced Mobility in the European and Croatian Transport Law                                                                                                                                                            Zbornik radova 2. Me\u0111unarodne konferencije transportnog prava i prava osiguranja, INTRANSLAW Zagreb 2017, Pravni fakultet Sveu\u010dili\u0161ta u Zagrebu, Zagreb, 2017, pp. 485-503<\/li>\n\n\n\n<li>Padovan, Adriana Vincenca; Tuhtan Grgi\u0107, Iva<br>Is the Marina Operator\u2019s Berthing Fee a Privileged Claim Under the Croatian Maritime Code?         Il diritto marittimo, Fascicolo II, Aprile-Giugnio 2017, Genova, pp. 366-399<\/li>\n<\/ol>\n\n\n\n<p>(\u2026) see more: <a href=\"https:\/\/www.pravri.uniri.hr\/files\/nastavnici\/ituhtangrgic_en.pdf\">https:\/\/www.pravri.uniri.hr\/files\/nastavnici\/ituhtangrgic_en.pdf<\/a><\/p>\n\n\n\n<p><strong><a href=\"https:\/\/jadranski-zavod.hazu.hr\/en\/editorial-board\/\">&lt;&lt;&lt; Back to the Editorial Board<\/a><\/strong><\/p>\n<\/div>\n<\/div>\n","protected":false},"excerpt":{"rendered":"<p>Associate Professor IVA TUHTAN GRGI\u0106, PhD University of Rijeka, Faculty of LawHahli\u0107 651000 Rijeka, CroatiaEmail: iva.tuhtan.grgic@pravri.uniri.hr PERSONAL INFORMATION Date of birth: 1977 EDUCATION WORK EXPERIENCE SCIENTIFIC TRAINING TEACHING AND MENTORING SCIENTIFIC PROJECTS PROFESSIONAL ACTIVITIES MEMBERSHIP IN EDITORIAL BOARDS MEMBERSHIPS IN PROFESSIONAL AND SCIENTIFIC ASSOCIATIONS MEMBERSHIP IN WORKING GROUPS PERSONAL SKILLS AND COMPETENCIES Languages: Croatian, English,&#8230;<\/p>\n","protected":false},"author":2,"featured_media":0,"parent":1906,"menu_order":0,"comment_status":"closed","ping_status":"closed","template":"","meta":{"_acf_changed":false,"_kad_blocks_custom_css":"","_kad_blocks_head_custom_js":"","_kad_blocks_body_custom_js":"","_kad_blocks_footer_custom_js":"","_kad_post_transparent":"","_kad_post_title":"","_kad_post_layout":"","_kad_post_sidebar_id":"","_kad_post_content_style":"","_kad_post_vertical_padding":"","_kad_post_feature":"","_kad_post_feature_position":"","_kad_post_header":false,"_kad_post_footer":false,"footnotes":""},"class_list":["post-2016","page","type-page","status-publish","hentry"],"acf":[],"yoast_head":"<!-- This site is optimized with the Yoast SEO plugin v23.8 - https:\/\/yoast.com\/wordpress\/plugins\/seo\/ -->\n<title>Associate Professor Iva Tuhtan Grgi\u0107, PhD - Adriatic Institute<\/title>\n<meta name=\"robots\" content=\"index, follow, max-snippet:-1, max-image-preview:large, max-video-preview:-1\" \/>\n<link rel=\"canonical\" href=\"https:\/\/jadranski-zavod.hazu.hr\/en\/editorial-board\/associate-professor-iva-tuhtan-grgic-phd\/\" \/>\n<script type=\"application\/ld+json\" class=\"yoast-schema-graph\">{\"@context\":\"https:\/\/schema.org\",\"@graph\":[{\"@type\":\"WebPage\",\"@id\":\"https:\/\/jadranski-zavod.hazu.hr\/en\/editorial-board\/associate-professor-iva-tuhtan-grgic-phd\/\",\"url\":\"https:\/\/jadranski-zavod.hazu.hr\/en\/editorial-board\/associate-professor-iva-tuhtan-grgic-phd\/\",\"name\":\"Associate Professor Iva Tuhtan Grgi\u0107, PhD - Adriatic Institute\",\"isPartOf\":{\"@id\":\"https:\/\/jadranski-zavod.hazu.hr\/en\/#website\"},\"primaryImageOfPage\":{\"@id\":\"https:\/\/jadranski-zavod.hazu.hr\/en\/editorial-board\/associate-professor-iva-tuhtan-grgic-phd\/#primaryimage\"},\"image\":{\"@id\":\"https:\/\/jadranski-zavod.hazu.hr\/en\/editorial-board\/associate-professor-iva-tuhtan-grgic-phd\/#primaryimage\"},\"thumbnailUrl\":\"https:\/\/jadranski-zavod.hazu.hr\/wp-content\/uploads\/2024\/03\/ivatuhtan.jpg\",\"datePublished\":\"2024-05-16T08:58:02+00:00\",\"dateModified\":\"2024-12-02T10:35:06+00:00\",\"breadcrumb\":{\"@id\":\"https:\/\/jadranski-zavod.hazu.hr\/en\/editorial-board\/associate-professor-iva-tuhtan-grgic-phd\/#breadcrumb\"},\"inLanguage\":\"en-US\",\"potentialAction\":[{\"@type\":\"ReadAction\",\"target\":[\"https:\/\/jadranski-zavod.hazu.hr\/en\/editorial-board\/associate-professor-iva-tuhtan-grgic-phd\/\"]}]},{\"@type\":\"ImageObject\",\"inLanguage\":\"en-US\",\"@id\":\"https:\/\/jadranski-zavod.hazu.hr\/en\/editorial-board\/associate-professor-iva-tuhtan-grgic-phd\/#primaryimage\",\"url\":\"https:\/\/jadranski-zavod.hazu.hr\/wp-content\/uploads\/2024\/03\/ivatuhtan.jpg\",\"contentUrl\":\"https:\/\/jadranski-zavod.hazu.hr\/wp-content\/uploads\/2024\/03\/ivatuhtan.jpg\"},{\"@type\":\"BreadcrumbList\",\"@id\":\"https:\/\/jadranski-zavod.hazu.hr\/en\/editorial-board\/associate-professor-iva-tuhtan-grgic-phd\/#breadcrumb\",\"itemListElement\":[{\"@type\":\"ListItem\",\"position\":1,\"name\":\"Po\u010detna\",\"item\":\"https:\/\/jadranski-zavod.hazu.hr\/en\/\"},{\"@type\":\"ListItem\",\"position\":2,\"name\":\"Editorial Board\",\"item\":\"https:\/\/jadranski-zavod.hazu.hr\/en\/editorial-board\/\"},{\"@type\":\"ListItem\",\"position\":3,\"name\":\"Associate Professor Iva Tuhtan Grgi\u0107, PhD\"}]},{\"@type\":\"WebSite\",\"@id\":\"https:\/\/jadranski-zavod.hazu.hr\/en\/#website\",\"url\":\"https:\/\/jadranski-zavod.hazu.hr\/en\/\",\"name\":\"Jadranski zavod\",\"description\":\"Croatian Academy of Sciences and Arts\",\"potentialAction\":[{\"@type\":\"SearchAction\",\"target\":{\"@type\":\"EntryPoint\",\"urlTemplate\":\"https:\/\/jadranski-zavod.hazu.hr\/en\/?s={search_term_string}\"},\"query-input\":{\"@type\":\"PropertyValueSpecification\",\"valueRequired\":true,\"valueName\":\"search_term_string\"}}],\"inLanguage\":\"en-US\"}]}<\/script>\n<!-- \/ Yoast SEO plugin. -->","yoast_head_json":{"title":"Associate Professor Iva Tuhtan Grgi\u0107, PhD - Adriatic Institute","robots":{"index":"index","follow":"follow","max-snippet":"max-snippet:-1","max-image-preview":"max-image-preview:large","max-video-preview":"max-video-preview:-1"},"canonical":"https:\/\/jadranski-zavod.hazu.hr\/en\/editorial-board\/associate-professor-iva-tuhtan-grgic-phd\/","schema":{"@context":"https:\/\/schema.org","@graph":[{"@type":"WebPage","@id":"https:\/\/jadranski-zavod.hazu.hr\/en\/editorial-board\/associate-professor-iva-tuhtan-grgic-phd\/","url":"https:\/\/jadranski-zavod.hazu.hr\/en\/editorial-board\/associate-professor-iva-tuhtan-grgic-phd\/","name":"Associate Professor Iva Tuhtan Grgi\u0107, PhD - Adriatic Institute","isPartOf":{"@id":"https:\/\/jadranski-zavod.hazu.hr\/en\/#website"},"primaryImageOfPage":{"@id":"https:\/\/jadranski-zavod.hazu.hr\/en\/editorial-board\/associate-professor-iva-tuhtan-grgic-phd\/#primaryimage"},"image":{"@id":"https:\/\/jadranski-zavod.hazu.hr\/en\/editorial-board\/associate-professor-iva-tuhtan-grgic-phd\/#primaryimage"},"thumbnailUrl":"https:\/\/jadranski-zavod.hazu.hr\/wp-content\/uploads\/2024\/03\/ivatuhtan.jpg","datePublished":"2024-05-16T08:58:02+00:00","dateModified":"2024-12-02T10:35:06+00:00","breadcrumb":{"@id":"https:\/\/jadranski-zavod.hazu.hr\/en\/editorial-board\/associate-professor-iva-tuhtan-grgic-phd\/#breadcrumb"},"inLanguage":"en-US","potentialAction":[{"@type":"ReadAction","target":["https:\/\/jadranski-zavod.hazu.hr\/en\/editorial-board\/associate-professor-iva-tuhtan-grgic-phd\/"]}]},{"@type":"ImageObject","inLanguage":"en-US","@id":"https:\/\/jadranski-zavod.hazu.hr\/en\/editorial-board\/associate-professor-iva-tuhtan-grgic-phd\/#primaryimage","url":"https:\/\/jadranski-zavod.hazu.hr\/wp-content\/uploads\/2024\/03\/ivatuhtan.jpg","contentUrl":"https:\/\/jadranski-zavod.hazu.hr\/wp-content\/uploads\/2024\/03\/ivatuhtan.jpg"},{"@type":"BreadcrumbList","@id":"https:\/\/jadranski-zavod.hazu.hr\/en\/editorial-board\/associate-professor-iva-tuhtan-grgic-phd\/#breadcrumb","itemListElement":[{"@type":"ListItem","position":1,"name":"Po\u010detna","item":"https:\/\/jadranski-zavod.hazu.hr\/en\/"},{"@type":"ListItem","position":2,"name":"Editorial Board","item":"https:\/\/jadranski-zavod.hazu.hr\/en\/editorial-board\/"},{"@type":"ListItem","position":3,"name":"Associate Professor Iva Tuhtan Grgi\u0107, PhD"}]},{"@type":"WebSite","@id":"https:\/\/jadranski-zavod.hazu.hr\/en\/#website","url":"https:\/\/jadranski-zavod.hazu.hr\/en\/","name":"Jadranski zavod","description":"Croatian Academy of Sciences and Arts","potentialAction":[{"@type":"SearchAction","target":{"@type":"EntryPoint","urlTemplate":"https:\/\/jadranski-zavod.hazu.hr\/en\/?s={search_term_string}"},"query-input":{"@type":"PropertyValueSpecification","valueRequired":true,"valueName":"search_term_string"}}],"inLanguage":"en-US"}]}},"taxonomy_info":[],"featured_image_src_large":false,"author_info":{"display_name":"Jadranski zavod","author_link":"https:\/\/jadranski-zavod.hazu.hr\/en\/author\/jsinovcicperkovic\/"},"comment_info":0,"_links":{"self":[{"href":"https:\/\/jadranski-zavod.hazu.hr\/en\/wp-json\/wp\/v2\/pages\/2016","targetHints":{"allow":["GET"]}}],"collection":[{"href":"https:\/\/jadranski-zavod.hazu.hr\/en\/wp-json\/wp\/v2\/pages"}],"about":[{"href":"https:\/\/jadranski-zavod.hazu.hr\/en\/wp-json\/wp\/v2\/types\/page"}],"author":[{"embeddable":true,"href":"https:\/\/jadranski-zavod.hazu.hr\/en\/wp-json\/wp\/v2\/users\/2"}],"replies":[{"embeddable":true,"href":"https:\/\/jadranski-zavod.hazu.hr\/en\/wp-json\/wp\/v2\/comments?post=2016"}],"version-history":[{"count":4,"href":"https:\/\/jadranski-zavod.hazu.hr\/en\/wp-json\/wp\/v2\/pages\/2016\/revisions"}],"predecessor-version":[{"id":3137,"href":"https:\/\/jadranski-zavod.hazu.hr\/en\/wp-json\/wp\/v2\/pages\/2016\/revisions\/3137"}],"up":[{"embeddable":true,"href":"https:\/\/jadranski-zavod.hazu.hr\/en\/wp-json\/wp\/v2\/pages\/1906"}],"wp:attachment":[{"href":"https:\/\/jadranski-zavod.hazu.hr\/en\/wp-json\/wp\/v2\/media?parent=2016"}],"curies":[{"name":"wp","href":"https:\/\/api.w.org\/{rel}","templated":true}]}}