{"id":1984,"date":"2024-05-15T12:51:40","date_gmt":"2024-05-15T12:51:40","guid":{"rendered":"https:\/\/jadranski-zavod.hazu.hr?page_id=1984"},"modified":"2024-11-29T13:02:31","modified_gmt":"2024-11-29T12:02:31","slug":"professor-ivana-kunda-phd","status":"publish","type":"page","link":"https:\/\/jadranski-zavod.hazu.hr\/en\/editorial-board\/professor-ivana-kunda-phd\/","title":{"rendered":"Prof. Dr. sc. Ivana Kunda"},"content":{"rendered":"\n<div class=\"wp-block-columns is-layout-flex wp-container-core-columns-is-layout-9d6595d7 wp-block-columns-is-layout-flex\">\n<div class=\"wp-block-column is-layout-flow wp-block-column-is-layout-flow\" style=\"flex-basis:33.33%\">\n<figure class=\"wp-block-image size-full is-resized\"><img decoding=\"async\" width=\"245\" height=\"285\" src=\"https:\/\/jadranski-zavod.hazu.hr\/wp-content\/uploads\/2024\/03\/ivanakunda.jpg\" alt=\"\" class=\"wp-image-891\" style=\"width:403px;height:auto\"\/><\/figure>\n<\/div>\n\n\n\n<div class=\"wp-block-column has-theme-palette-8-background-color has-background is-layout-flow wp-block-column-is-layout-flow\" style=\"padding-top:var(--wp--preset--spacing--40);padding-right:var(--wp--preset--spacing--40);padding-bottom:var(--wp--preset--spacing--40);padding-left:var(--wp--preset--spacing--40);flex-basis:66.66%\">\n<p><strong>Prof. Dr. sc. IVANA KUNDA<\/strong><\/p>\n\n\n\n<p>University of Rijeka, Faculty of Law<br>Hahli\u0107 6<br>51000 Rijeka, Croatia<br>Email: <strong>ivana.kunda@pravri.uniri.hr<\/strong><\/p>\n\n\n\n<p><strong>PERSONAL INFORMATION<\/strong><\/p>\n\n\n\n<p>Date of birth: 1976<\/p>\n\n\n\n<p><strong>EDUCATION<\/strong><\/p>\n\n\n\n<ul class=\"wp-block-list\">\n<li>1999 \u2013 Bachelor of Laws (LLB), University of Rijeka, Faculty of Law<\/li>\n\n\n\n<li>2004 \u2013 Bar Exam, Ministry of Justice and Public Administration, Zagreb<\/li>\n\n\n\n<li>2004 \u2013 Master of Laws (LLM), University of Rijeka, Faculty of Law<\/li>\n\n\n\n<li>2008 \u2013 Doctor of Law (PhD), Faculty of Law, University of Zagreb<\/li>\n<\/ul>\n\n\n\n<p><strong>WORK EXPERIENCE<\/strong><\/p>\n\n\n\n<ul class=\"wp-block-list\">\n<li>1999-2000 \u2013 Trainee Lawyer, Attorneys at Law Vuki\u0107 &amp; Partners, Rijeka<\/li>\n\n\n\n<li>2000-2002 \u2013 Court Trainee &#8211; volunteer, Commercial Court in Rijeka<\/li>\n\n\n\n<li>2000-present \u2013 Research Assistant, Senior Assistant, Assistant Professor, Associate Professor, Full Professor; University of Rijeka, Faculty of Law<\/li>\n\n\n\n<li>2013-present \u2013 Head of the Chair of International and European Private Law, University of Rijeka, Faculty of Law<\/li>\n\n\n\n<li>2016-present \u2013 Head of the Doctoral Study Programme, University of Rijeka, Faculty of Law<\/li>\n\n\n\n<li>2017-present \u2013 Vice-Dean for Research, University of Rijeka, Faculty of Law<\/li>\n<\/ul>\n\n\n\n<p><strong>TRAINING<\/strong><\/p>\n\n\n\n<ul class=\"wp-block-list\">\n<li>European University Institute, Firenza, Italy, 8-13 October 2018<\/li>\n\n\n\n<li>Visiting Scholar within the Fulbright exchange program, Columbia University School of Law, New York, USA, 1 February-31 July 2011<\/li>\n\n\n\n<li>The scholarship granted by GRUR (Gewerblicher Rechtsschutz und Urheberrecht)<\/li>\n\n\n\n<li>Max Planck Institute for Innovation and Competition (Max-Planck-Institut f\u00fcr Immaterialg\u00fcter- und Wettbewerbsrecht) M\u00fcnchen, Germany, 1 June-30 September 2014, 15 August-15 September 2008, 1 June-30 September 2007, 1 may-30 September 2006, 1-28 February 2006<\/li>\n\n\n\n<li>The scholarship granted by Deutschen Stiftung f\u00fcr internationale rechtliche Zusammenarbeit e.V., University of Hamburg Faculty of Law (Universit\u00e4t Hamburg, Fakult\u00e4t f\u00fcr Rechtswissenschaft) and the Max Planck Institute for Comparative and International Private Law (Max-Planck-Institut f\u00fcr ausl\u00e4ndisches und internationales Privatrecht), Hamburg, Germany, 1 June-15 October 2002<\/li>\n\n\n\n<li>The scholarship Matra granted by the Government of the Netherlands, The Hague Academy of International Law: Summer Session on Private International Law, The Hague, The Netherlands, 5-23 July 2004, 2-20 July 2001<\/li>\n\n\n\n<li>Scholarship of the Primorje-Gorski Kotar County for postgraduate studies in &#8220;Law on European Integration&#8221;, University of Rijeka Faculty of Law<\/li>\n<\/ul>\n\n\n\n<p><strong>TEACHING AND MENTORING<\/strong><\/p>\n\n\n\n<ul class=\"wp-block-list\">\n<li>University of Rijeka Faculty of Law: The Integrated University Study of Law; Professional Administration Studies; Postgraduate Specialist Study: Corporate Finance Law; Postgraduate Specialist Study: Law of European Integrations; Doctoral Study<\/li>\n\n\n\n<li>University of Zagreb: Postgraduate Specialist Study: Intellectual Property<\/li>\n\n\n\n<li>Michigan State University: Summer Institute of Intellectual Property Law Croatia<\/li>\n\n\n\n<li>Mentorship in doctoral studies (1 completed doctoral student and 3 in progress)<\/li>\n\n\n\n<li>Lectures at foreign institutions: Syracuse University, Syracuse (SAD); Academy of European Law, Trier (Germany); University of Aberdeen School of Law, Aberdeen (Scotland, United Kingdom); Libera Universit\u00e0 di Lingue e Comunicazione Milan (IULM) (Italy); Univerzitet v Ljubljani, Pravna fakulteta, Ljubljana (Slovenia); University of Antwerp, Antwerpen (Belgium); Universit\u00e0 degli studi di Torino, Torino (Italy); Politecnico di Milano, Milano (Italy)<\/li>\n<\/ul>\n\n\n\n<p><strong>PROFESSIONAL AND SCIENTIFIC ACTIVITIES<\/strong><\/p>\n\n\n\n<p><strong>Scientific projects<\/strong><\/p>\n\n\n\n<ul class=\"wp-block-list\">\n<li>2022-2024 \u2013 Digital Communication and Safeguarding the Parties\u2019 Rights: Challenges for European Civil Procedure &#8211; DIGI-GUARD (EU Justice No. 101046660 \u2014 DIGI-GUARD \u2014 JUST-2021-JCOO)<\/li>\n\n\n\n<li>2021-2023 \u2013 E-training on EU Family Property Regimes \u2014 EU-FamPro (EU Justice No. 101008404 \u2014JUST-AG-2020\/JUST-JTRA-EJTR-AG-2020)<\/li>\n\n\n\n<li>2021-2023 \u2013 Property Rights System over Tangible Goods in the Field of European Private International Law: Aspects of International Jurisdiction and Applicable Law, (the project of the Spanish Ministry of Science and Innovation)<\/li>\n\n\n\n<li>2020-2022 \u2013 Enabling Consumer to Become Prosumer in Energy Transition Era \u2013 ECPE (the project of the University of Camerino (UNICAM))<\/li>\n\n\n\n<li>2019-2024 \u2013 Young Researchers\u2019 Career Development Project \u2013 Training of New PhDs (DOK-01-2020) for doctoral student Martina Ti\u010di\u0107<\/li>\n\n\n\n<li>2019-2021 \u2013 Train to Enforce \u2013 Train2 EN4CE (EU Justice No. 854038-JUST-AG-2018\/JUST-JTRA-EJTR-AG-2018)<\/li>\n\n\n\n<li>2019-2021 \u2013 Diversity of Enforcement Titles in Cross-Border Debt Collection in the EU \u2013 EU_En4s (EU Justice No. 831628-JUST-AG-2018\/JUST-JCOO-AG-2018)<\/li>\n\n\n\n<li>2018-2021 \u2013 Facilitating Cross-Border Family Life: Towards a Common European Understanding \u2013 EUFams II (br. 800780-JUST-AG-2017\/JUST-JCOO AG_2017)<\/li>\n\n\n\n<li>2017-2019 \u2013 Personalized Solution in European Family and Succession Law \u2013 PSEFS (EU Justice No. 800821-JUST-AG-2017\/JUST-JCOO-AG-2017)<\/li>\n\n\n\n<li>2015-2019 \u2013 Corporate Acquisitions and Access to Entrepreneurial Financing after EU Accession (HRZZ project)<\/li>\n\n\n\n<li>2015-2017 \u2013 Remedies Concerning Enforcement of Foreign Judgements According to Brussels I Recast &#8211; BIARE (br. JUST\/2014\/JCOO\/AG\/CIVI\/7749)<\/li>\n\n\n\n<li>2015-2017 \u2013 EU Judiciary Training on Brussels IIa Regulation: From South to East (EU Justice No. JUST\/2014\/JTRA\/AG\/EJTR\/6854)<\/li>\n\n\n\n<li>2014-2017 \u2013 Business and Human Rights Challenges for Cross-Border Litigation in the European Union (EU Justice No. JUST\/2013\/JCIV\/AG\/4661)<\/li>\n<\/ul>\n\n\n\n<p><strong>Conferences and Seminars<\/strong><\/p>\n\n\n\n<ul class=\"wp-block-list\">\n<li>Chair of the program and organizing committee of the 8<sup>th<\/sup> International Scientific Conference Petar \u0160ar\u010devi\u0107 &#8221;Cultural Heritage and Legal Regulation: From Global Aspirations to Local Challenge&#8221;, Rijeka, 5-6 October 2023<\/li>\n\n\n\n<li>Member of the program and organizing committee Giornata di studio del Nord Adriatico \u2013 temi giuridici di attualit\u00e0, Rijeka, 25 October 2023<\/li>\n\n\n\n<li>Member of the program and organizing committee Giornata di studio del Nord Adriatico \u2013 temi giuridici di attualit\u00e0, Rijeka, 29 September 2022<\/li>\n\n\n\n<li>Member of the program and organizing committee Sense and Sensibility in Cross-Border Cases: Couples\u2019 Property, Opatija, 30 June 2022<\/li>\n\n\n\n<li>Chair of the program and member of the organizing committee YUFE LAW RIJEKA Conference \u201cSustainability as a Legal Principle\u201d, Rijeka, 23-24 June 2022<\/li>\n\n\n\n<li>Member of the program and organizing committee Giornata di studio del Nord Adriatico \u2013 temi giuridici di attualit\u00e0, Rijeka, 21 September 2020<\/li>\n\n\n\n<li>Chair of the program and member of the organizing committee 6<sup>th<\/sup> International Scientific Conference Petar \u0160ar\u010devi\u0107 &#8221;Intellectual Property Rights in the EU: Going Digital&#8221;, Zagreb, 18-19 October 2019<\/li>\n\n\n\n<li>Chair of the program and organizing committee Giornata di studio del Nord Adriatico \u2013 temi giuridici di attualit\u00e0, Rijeka, 4 July 2019<\/li>\n\n\n\n<li>Chair of the program and organizing committee Pride and Prejudice in Cross-Border Cases, Rijeka, 22 May 2018<\/li>\n\n\n\n<li>Chair of the program and organizing committee 5<sup>th<\/sup> International Scientific Conference Petar \u0160ar\u010devi\u0107 &#8221;Information and Data &#8211; The Road Ahead&#8221;, Opatija 6-7 October 2017<\/li>\n\n\n\n<li>Co-Director of the program committee &#8221;Corporate Acquisitions and Access to the Entrepreneurial Financing in the Post-Accession Period&#8221;, Opatija, 5-6 October 2015<\/li>\n\n\n\n<li>Member of the program and organizing committee 4<sup>th<\/sup> International Scientific Conference Petar \u0160ar\u010devi\u0107 &#8221;EU Competition and State Aid Rules: Interaction between Public and Private Enforcement&#8221;, Rovinj, 9-10 April 2015<\/li>\n\n\n\n<li>Chair of the program and organizing committee 3<sup>rd<\/sup> International Scientific Conference Petar \u0160ar\u010devi\u0107 &#8221;Family and Children: European Expectations and National Reality&#8221;, Opatija, 20-21 September 2013<\/li>\n\n\n\n<li>Director of the conference &#8216;Violation of Personality Rights in Croatian and European Law&#8221;, Rijeka, 28 February 2014<\/li>\n\n\n\n<li>Member of the program and organizing committee 1<sup>st<\/sup> International Scientific Conference Petar \u0160ar\u010devi\u0107 &#8221;The Brussels I Regulation: Challenges for Croatian Judiciary&#8221;, Opatija, 13-14 November 2009<\/li>\n\n\n\n<li>Chair of the program and organizing committee of the conferences RIDOC: Rijeka Doctoral Conference \u2013 8 December 2023; 7-8 December 2022; 10 December 2021; 4 December 2020; 7 December 2018; 2 December 2016<\/li>\n<\/ul>\n\n\n\n<p><strong>MEMBERSHIPS<\/strong><\/p>\n\n\n\n<p><strong>Membership in Editorial Boards and Blogs<\/strong><\/p>\n\n\n\n<ul class=\"wp-block-list\">\n<li>Editor of the Balkan Yearbook of European and International Law (BYEIL, Springer)<\/li>\n\n\n\n<li>Member of the Editoral Board Santander Art and Culture Law Review (SACLR)<\/li>\n\n\n\n<li>Member of the Editoral Board Zbornik radova Pravnog fakulteta Sveu\u010dili\u0161ta u Rijeci<\/li>\n\n\n\n<li>Editor for Croatia of the web site of the blog Conflictoflaw.net<\/li>\n<\/ul>\n\n\n\n<p><strong>Membership in Professional and Scientific Associations<\/strong><\/p>\n\n\n\n<ul class=\"wp-block-list\">\n<li>International Law Association (ILA)<\/li>\n\n\n\n<li>International Association for the Advancement of Teaching and Research in Intellectual Property (ATRIP)<\/li>\n\n\n\n<li>European Association for Private International Law (EAPIL)<\/li>\n\n\n\n<li>Croatian Comparative Law, Deputy President<\/li>\n\n\n\n<li>Croatian Maritime Law Association<\/li>\n<\/ul>\n\n\n\n<p><strong>Membership in Working Groups<\/strong><\/p>\n\n\n\n<ul class=\"wp-block-list\">\n<li>Member of the expert working group for drafting the Law on Private International Law from of the Ministry of Justice and Public Administration (2019)<\/li>\n\n\n\n<li>Member of the expert working group for drafting the Law on Amendments to the Family Law of the Ministry of Labour, Pension System, Family and Social Policy (2023)<\/li>\n<\/ul>\n\n\n\n<p><strong>BIBLIOGRAPHY (selected)<\/strong><\/p>\n\n\n\n<p><strong>Books<\/strong><\/p>\n\n\n\n<ol class=\"wp-block-list\">\n<li>Kunda, Ivana<br>Internationally Mandatory Rules of Third Country in European Contract Conflict of Laws: The Rome Convention and the Proposed Rome I Regulation, Pravni fakultet Sveu\u010dili\u0161ta u Rijeci, Rijeka, 2007.<\/li>\n<\/ol>\n\n\n\n<p><strong>Articles and Book Chapters<\/strong><\/p>\n\n\n\n<ol class=\"wp-block-list\">\n<li>Kunda, Ivana<br>Jesu li grani\u010dne digitalne tehnologije prerasle granice me\u0111unarodnog privatnog prava?, Barbi\u0107, J.; \u017dupan, M. (ed.), Me\u0111unarodno privatno pravo i globalni trendovi \/\/ Hrvatska akademija znanosti i umjetnosti (HAZU), Zagreb, 2024<\/li>\n\n\n\n<li>Kunda, Ivana<br>Crowdfunding in the EU: Private International Law Issues by Design, Macchiavello, E. (ed.), Regulation on European Crowdfunding Service Providers for Business: A Commentary \/\/ Edward Elgar, Cheltenham, UK \/ Northhampton, MA, USA, 2022, pp. 529-547<\/li>\n\n\n\n<li>Kunda, Ivana; Limant\u0117, Agn\u0117<br>Jurisdiction Provisions in the Twin Regulations, Ruggeri, L.; Limant\u0117, A.; Pogorel\u010dnik, Vogrinc, N. (eds.), The EU Regulations on Matrimonial Property and Property of Registered Partnerships \/\/ Intersentia, Cham, 2022, pp. 71-100<\/li>\n\n\n\n<li>Kunda, Ivana; Ti\u010di\u0107, Martina<br>Authentic Instruments and Court Settlements under the Twin Regulations, Ruggeri, L.; Limant\u0117, A.; Pogorel\u010dnik, Vogrinc, N. (eds.), The EU Regulations on Matrimonial Property and Property of Registered Partnerships \/\/ Intersentia, Cham, 2022, pp. 157-187<\/li>\n\n\n\n<li>Kunda, Ivana<br>Overriding Mandatory Provisions before the CJEU: Takeaways or Getaways?, Pfeiffer, M.; Brodec, J.; Br\u00edza, P.; Zavadilov\u00e1, M. (eds.) \/\/ Liber Amicorum Monika Pauknerov\u00e1, Wolters Kluwer, Prag, 2021, pp. 241-258<\/li>\n\n\n\n<li>\u017dupan, Mirela; Kunda, Ivana; Poretti, Paula<br>Judicial Training in European Private International Law in Family and Succession Matters, Pfeiffer, T.; Lobach, Q. C.; Rapp T. (eds.), Facilitating Cross-Border Family Life \u2013 Towards a Common European Understanding: EUFams II and Beyond \/\/ Heidelberg University Publishing, Heidelberg, 2021, pp. 91-149<\/li>\n\n\n\n<li>Kunda, Ivana<br>Experiences and Challenges of Croatia as EU Member State, Kellerhals, A.; Baumgartner, T. (eds.), Current Challenges of European Integration: 12th Network Europe Conference \/\/ EIZ Publishing, Z\u00fcrich, 2021, pp. 61-80<\/li>\n\n\n\n<li>Kunda, Ivana<br>Hyperlinking to Copyright Works in EU: Finding a Weak Link, Gervais, D. (ed.), The Future of Intellectual Property \/\/ Edward Elgar Publishing, Nashville, 2021, pp. 251-271<\/li>\n\n\n\n<li>Tomljenovi\u0107, Vesna; Kunda, Ivana<br>Requirement of \u201cMember States\u2019 legislation\u201d for dependent child allowance in EU Staff Regulation: Discriminationproof or Not? Sander, G. et al. (eds.), Exploring the Social Dimension of Europe \/\/ Verlag Dr. Kova\u010d, Hamburg, 2021, pp. 301-319<\/li>\n\n\n\n<li>Kunda, Ivana<br>Elektroni\u010dka trgovina &amp; Me\u0111unarodno privatnopravni odnosi, Mi\u0161\u0107eni\u0107, E. (ed.), Europsko privatno pravo \u2013 posebni dio \/\/ \u0160kolska knjiga, Zagreb, 2021, pp. 228-285<\/li>\n\n\n\n<li>Kunda, Ivana<br>Upu\u0107ivanje na propise EU u Zakonu o me\u0111unarodnom privatnom pravu, Barbi\u0107, J.; Sikiri\u0107, H. (eds.), Me\u0111unarodno privatno pravo \u2013 interakcija me\u0111unarodnih, europskih i doma\u0107ih propisa \/\/ Hrvatska akademija znanosti i umjetnosti (HAZU), Zagreb, 2020, pp. 21-48<\/li>\n<\/ol>\n\n\n\n<p><strong><a href=\"https:\/\/jadranski-zavod.hazu.hr\/en\/editorial-board\/\">&lt;&lt;&lt; Back to the Editorial Board<\/a><\/strong><\/p>\n<\/div>\n<\/div>\n","protected":false},"excerpt":{"rendered":"<p>Prof. Dr. sc. IVANA KUNDA University of Rijeka, Faculty of LawHahli\u0107 651000 Rijeka, CroatiaEmail: ivana.kunda@pravri.uniri.hr PERSONAL INFORMATION Date of birth: 1976 EDUCATION WORK EXPERIENCE TRAINING TEACHING AND MENTORING PROFESSIONAL AND SCIENTIFIC ACTIVITIES Scientific projects Conferences and Seminars MEMBERSHIPS Membership in Editorial Boards and Blogs Membership in Professional and Scientific Associations Membership in Working Groups BIBLIOGRAPHY&#8230;<\/p>\n","protected":false},"author":2,"featured_media":0,"parent":1906,"menu_order":0,"comment_status":"closed","ping_status":"closed","template":"","meta":{"_acf_changed":false,"_kad_blocks_custom_css":"","_kad_blocks_head_custom_js":"","_kad_blocks_body_custom_js":"","_kad_blocks_footer_custom_js":"","_kad_post_transparent":"","_kad_post_title":"","_kad_post_layout":"","_kad_post_sidebar_id":"","_kad_post_content_style":"","_kad_post_vertical_padding":"","_kad_post_feature":"","_kad_post_feature_position":"","_kad_post_header":false,"_kad_post_footer":false,"footnotes":""},"class_list":["post-1984","page","type-page","status-publish","hentry"],"acf":[],"yoast_head":"<!-- This site is optimized with the Yoast SEO plugin v23.8 - https:\/\/yoast.com\/wordpress\/plugins\/seo\/ -->\n<title>Prof. Dr. sc. Ivana Kunda - Adriatic Institute<\/title>\n<meta name=\"robots\" content=\"index, follow, max-snippet:-1, max-image-preview:large, max-video-preview:-1\" \/>\n<link rel=\"canonical\" href=\"https:\/\/jadranski-zavod.hazu.hr\/en\/editorial-board\/professor-ivana-kunda-phd\/\" \/>\n<script type=\"application\/ld+json\" class=\"yoast-schema-graph\">{\"@context\":\"https:\/\/schema.org\",\"@graph\":[{\"@type\":\"WebPage\",\"@id\":\"https:\/\/jadranski-zavod.hazu.hr\/en\/editorial-board\/professor-ivana-kunda-phd\/\",\"url\":\"https:\/\/jadranski-zavod.hazu.hr\/en\/editorial-board\/professor-ivana-kunda-phd\/\",\"name\":\"Prof. Dr. sc. Ivana Kunda - Adriatic Institute\",\"isPartOf\":{\"@id\":\"https:\/\/jadranski-zavod.hazu.hr\/en\/#website\"},\"primaryImageOfPage\":{\"@id\":\"https:\/\/jadranski-zavod.hazu.hr\/en\/editorial-board\/professor-ivana-kunda-phd\/#primaryimage\"},\"image\":{\"@id\":\"https:\/\/jadranski-zavod.hazu.hr\/en\/editorial-board\/professor-ivana-kunda-phd\/#primaryimage\"},\"thumbnailUrl\":\"https:\/\/jadranski-zavod.hazu.hr\/wp-content\/uploads\/2024\/03\/ivanakunda.jpg\",\"datePublished\":\"2024-05-15T12:51:40+00:00\",\"dateModified\":\"2024-11-29T12:02:31+00:00\",\"breadcrumb\":{\"@id\":\"https:\/\/jadranski-zavod.hazu.hr\/en\/editorial-board\/professor-ivana-kunda-phd\/#breadcrumb\"},\"inLanguage\":\"en-US\",\"potentialAction\":[{\"@type\":\"ReadAction\",\"target\":[\"https:\/\/jadranski-zavod.hazu.hr\/en\/editorial-board\/professor-ivana-kunda-phd\/\"]}]},{\"@type\":\"ImageObject\",\"inLanguage\":\"en-US\",\"@id\":\"https:\/\/jadranski-zavod.hazu.hr\/en\/editorial-board\/professor-ivana-kunda-phd\/#primaryimage\",\"url\":\"https:\/\/jadranski-zavod.hazu.hr\/wp-content\/uploads\/2024\/03\/ivanakunda.jpg\",\"contentUrl\":\"https:\/\/jadranski-zavod.hazu.hr\/wp-content\/uploads\/2024\/03\/ivanakunda.jpg\"},{\"@type\":\"BreadcrumbList\",\"@id\":\"https:\/\/jadranski-zavod.hazu.hr\/en\/editorial-board\/professor-ivana-kunda-phd\/#breadcrumb\",\"itemListElement\":[{\"@type\":\"ListItem\",\"position\":1,\"name\":\"Po\u010detna\",\"item\":\"https:\/\/jadranski-zavod.hazu.hr\/en\/\"},{\"@type\":\"ListItem\",\"position\":2,\"name\":\"Editorial Board\",\"item\":\"https:\/\/jadranski-zavod.hazu.hr\/en\/editorial-board\/\"},{\"@type\":\"ListItem\",\"position\":3,\"name\":\"Prof. Dr. sc. Ivana Kunda\"}]},{\"@type\":\"WebSite\",\"@id\":\"https:\/\/jadranski-zavod.hazu.hr\/en\/#website\",\"url\":\"https:\/\/jadranski-zavod.hazu.hr\/en\/\",\"name\":\"Jadranski zavod\",\"description\":\"Croatian Academy of Sciences and Arts\",\"potentialAction\":[{\"@type\":\"SearchAction\",\"target\":{\"@type\":\"EntryPoint\",\"urlTemplate\":\"https:\/\/jadranski-zavod.hazu.hr\/en\/?s={search_term_string}\"},\"query-input\":{\"@type\":\"PropertyValueSpecification\",\"valueRequired\":true,\"valueName\":\"search_term_string\"}}],\"inLanguage\":\"en-US\"}]}<\/script>\n<!-- \/ Yoast SEO plugin. -->","yoast_head_json":{"title":"Prof. Dr. sc. Ivana Kunda - Adriatic Institute","robots":{"index":"index","follow":"follow","max-snippet":"max-snippet:-1","max-image-preview":"max-image-preview:large","max-video-preview":"max-video-preview:-1"},"canonical":"https:\/\/jadranski-zavod.hazu.hr\/en\/editorial-board\/professor-ivana-kunda-phd\/","schema":{"@context":"https:\/\/schema.org","@graph":[{"@type":"WebPage","@id":"https:\/\/jadranski-zavod.hazu.hr\/en\/editorial-board\/professor-ivana-kunda-phd\/","url":"https:\/\/jadranski-zavod.hazu.hr\/en\/editorial-board\/professor-ivana-kunda-phd\/","name":"Prof. Dr. sc. Ivana Kunda - Adriatic Institute","isPartOf":{"@id":"https:\/\/jadranski-zavod.hazu.hr\/en\/#website"},"primaryImageOfPage":{"@id":"https:\/\/jadranski-zavod.hazu.hr\/en\/editorial-board\/professor-ivana-kunda-phd\/#primaryimage"},"image":{"@id":"https:\/\/jadranski-zavod.hazu.hr\/en\/editorial-board\/professor-ivana-kunda-phd\/#primaryimage"},"thumbnailUrl":"https:\/\/jadranski-zavod.hazu.hr\/wp-content\/uploads\/2024\/03\/ivanakunda.jpg","datePublished":"2024-05-15T12:51:40+00:00","dateModified":"2024-11-29T12:02:31+00:00","breadcrumb":{"@id":"https:\/\/jadranski-zavod.hazu.hr\/en\/editorial-board\/professor-ivana-kunda-phd\/#breadcrumb"},"inLanguage":"en-US","potentialAction":[{"@type":"ReadAction","target":["https:\/\/jadranski-zavod.hazu.hr\/en\/editorial-board\/professor-ivana-kunda-phd\/"]}]},{"@type":"ImageObject","inLanguage":"en-US","@id":"https:\/\/jadranski-zavod.hazu.hr\/en\/editorial-board\/professor-ivana-kunda-phd\/#primaryimage","url":"https:\/\/jadranski-zavod.hazu.hr\/wp-content\/uploads\/2024\/03\/ivanakunda.jpg","contentUrl":"https:\/\/jadranski-zavod.hazu.hr\/wp-content\/uploads\/2024\/03\/ivanakunda.jpg"},{"@type":"BreadcrumbList","@id":"https:\/\/jadranski-zavod.hazu.hr\/en\/editorial-board\/professor-ivana-kunda-phd\/#breadcrumb","itemListElement":[{"@type":"ListItem","position":1,"name":"Po\u010detna","item":"https:\/\/jadranski-zavod.hazu.hr\/en\/"},{"@type":"ListItem","position":2,"name":"Editorial Board","item":"https:\/\/jadranski-zavod.hazu.hr\/en\/editorial-board\/"},{"@type":"ListItem","position":3,"name":"Prof. Dr. sc. Ivana Kunda"}]},{"@type":"WebSite","@id":"https:\/\/jadranski-zavod.hazu.hr\/en\/#website","url":"https:\/\/jadranski-zavod.hazu.hr\/en\/","name":"Jadranski zavod","description":"Croatian Academy of Sciences and Arts","potentialAction":[{"@type":"SearchAction","target":{"@type":"EntryPoint","urlTemplate":"https:\/\/jadranski-zavod.hazu.hr\/en\/?s={search_term_string}"},"query-input":{"@type":"PropertyValueSpecification","valueRequired":true,"valueName":"search_term_string"}}],"inLanguage":"en-US"}]}},"taxonomy_info":[],"featured_image_src_large":false,"author_info":{"display_name":"Jadranski zavod","author_link":"https:\/\/jadranski-zavod.hazu.hr\/en\/author\/jsinovcicperkovic\/"},"comment_info":0,"_links":{"self":[{"href":"https:\/\/jadranski-zavod.hazu.hr\/en\/wp-json\/wp\/v2\/pages\/1984","targetHints":{"allow":["GET"]}}],"collection":[{"href":"https:\/\/jadranski-zavod.hazu.hr\/en\/wp-json\/wp\/v2\/pages"}],"about":[{"href":"https:\/\/jadranski-zavod.hazu.hr\/en\/wp-json\/wp\/v2\/types\/page"}],"author":[{"embeddable":true,"href":"https:\/\/jadranski-zavod.hazu.hr\/en\/wp-json\/wp\/v2\/users\/2"}],"replies":[{"embeddable":true,"href":"https:\/\/jadranski-zavod.hazu.hr\/en\/wp-json\/wp\/v2\/comments?post=1984"}],"version-history":[{"count":7,"href":"https:\/\/jadranski-zavod.hazu.hr\/en\/wp-json\/wp\/v2\/pages\/1984\/revisions"}],"predecessor-version":[{"id":3035,"href":"https:\/\/jadranski-zavod.hazu.hr\/en\/wp-json\/wp\/v2\/pages\/1984\/revisions\/3035"}],"up":[{"embeddable":true,"href":"https:\/\/jadranski-zavod.hazu.hr\/en\/wp-json\/wp\/v2\/pages\/1906"}],"wp:attachment":[{"href":"https:\/\/jadranski-zavod.hazu.hr\/en\/wp-json\/wp\/v2\/media?parent=1984"}],"curies":[{"name":"wp","href":"https:\/\/api.w.org\/{rel}","templated":true}]}}