{"id":1946,"date":"2024-05-15T07:57:13","date_gmt":"2024-05-15T07:57:13","guid":{"rendered":"https:\/\/jadranski-zavod.hazu.hr?page_id=1946"},"modified":"2024-11-29T13:59:39","modified_gmt":"2024-11-29T12:59:39","slug":"professor-dorotea-coric-phd","status":"publish","type":"page","link":"https:\/\/jadranski-zavod.hazu.hr\/en\/editorial-board\/professor-dorotea-coric-phd\/","title":{"rendered":"Professor Dorotea \u0106ori\u0107, PhD"},"content":{"rendered":"\n<div class=\"wp-block-columns is-layout-flex wp-container-core-columns-is-layout-9d6595d7 wp-block-columns-is-layout-flex\">\n<div class=\"wp-block-column is-layout-flow wp-block-column-is-layout-flow\" style=\"flex-basis:33.33%\">\n<figure class=\"wp-block-image size-full is-resized\"><img decoding=\"async\" width=\"278\" height=\"300\" src=\"https:\/\/jadranski-zavod.hazu.hr\/wp-content\/uploads\/2024\/03\/dorotea_coric.jpg\" alt=\"\" class=\"wp-image-846\" style=\"width:403px;height:auto\"\/><\/figure>\n<\/div>\n\n\n\n<div class=\"wp-block-column has-theme-palette-8-background-color has-background is-layout-flow wp-block-column-is-layout-flow\" style=\"padding-top:var(--wp--preset--spacing--40);padding-right:var(--wp--preset--spacing--40);padding-bottom:var(--wp--preset--spacing--40);padding-left:var(--wp--preset--spacing--40);flex-basis:66.66%\">\n<p><strong>Professor<\/strong> <strong>DOROTEA \u0106ORI\u0106, PhD<\/strong><\/p>\n\n\n\n<p>University of Rijeka, Faculty of Law<br>Hahli\u0107 6<br>51000 Rijeka, Croatia<br>Email: <strong>dorotea.coric@pravri.uniri.hr<\/strong><\/p>\n\n\n\n<p><strong>PERSONAL INFORMATION<\/strong><\/p>\n\n\n\n<p>Date of birth: 1961<\/p>\n\n\n\n<p><strong>EDUCATION<\/strong><\/p>\n\n\n\n<ul class=\"wp-block-list\">\n<li>1984 \u2013 jurist, University of Zagreb, Faculty of Law<\/li>\n\n\n\n<li>1987 \u2013 barrister, Ministry of Justice, Zagreb<\/li>\n\n\n\n<li>1989-1992 \u2013 Master of law (LLM), University of Zagreb, Faculty of Law, Zagreb<\/li>\n\n\n\n<li>2001 \u2013 Doctor of law (PhD), University of Split, Faculty of Law, Split<\/li>\n<\/ul>\n\n\n\n<p><strong>WORK EXPERIENCE<\/strong><\/p>\n\n\n\n<ul class=\"wp-block-list\">\n<li>1984-1987 \u2013 Law Office MARIC, Zagreb, \u0160enoina 1, 10000 Zagreb<\/li>\n\n\n\n<li>1990-2002 \u2013 Research assistant &#8211; Croatian Academy of Sciences and Arts \u2013 Adriatic Institute, Frane Petri\u0107a 4, Zagreb<\/li>\n\n\n\n<li>2007-2013 \u2013 Associate Professor, Head of the Maritime and Transportation Law Department, University of Rijeka, Faculty of Law<\/li>\n\n\n\n<li>2013-2018 \u2013 Full Professor, Head of the Maritime and Transportation Law &nbsp;Department, University of Rijeka, Faculty of Law<\/li>\n\n\n\n<li>Since 2018 \u2013 Full Professor Tenure, Head of the Maritime and Transportation Law Department, University of Rijeka, Faculty of Law<\/li>\n<\/ul>\n\n\n\n<p><strong>TRAINING<\/strong><\/p>\n\n\n\n<ul class=\"wp-block-list\">\n<li>1990 \u2013 Halifax, Canada &#8211; International Ocean institute &#8211; Training Programme on Marine &nbsp;Resources Management<\/li>\n\n\n\n<li>1996 \u2013 Southampton &#8211; Institute of Maritime Law &#8211; Maritime Law<\/li>\n<\/ul>\n\n\n\n<p><strong>TEACHING AND MENTORING<\/strong><\/p>\n\n\n\n<ul class=\"wp-block-list\">\n<li>Integrated Study of Law (undergraduate and graduate)<\/li>\n\n\n\n<li>Professional Study (Administrative Study Programme): Maritime and Transport Law, Maritime Administrative Law, Marine Environment Protection Law and Environment Protection Law<\/li>\n\n\n\n<li>Postgraduate Specialist Study in Corporate Finance Law and Specialist Study: Law of &nbsp;European Integrations, European Environment Protection Law and Basic Ship Finance and Security Instruments in Shipping<\/li>\n\n\n\n<li>Doctoral study: Marine Environment Protection Law<\/li>\n\n\n\n<li>Mentor at the doctoral study (3 students)<\/li>\n<\/ul>\n\n\n\n<p><strong>PERSONAL SKILLS AND COMPETENCIES<\/strong><\/p>\n\n\n\n<p>Languages: Croatian, English, Italian<\/p>\n\n\n\n<p><strong>PROFESSIONAL AND SCIENTIFIC ACTIVITIES<\/strong><\/p>\n\n\n\n<p><strong>Scientific projects<\/strong><\/p>\n\n\n\n<ul class=\"wp-block-list\">\n<li>2007-2013: \u201cCroatian Maritime Legislation, International Standards and the EU Law\u201d (researcher), funded by CMSES<\/li>\n\n\n\n<li>2002-2007: &#8221;Croatian Maritime Law and International Standards&#8217; (researcher), funded by CMSES<\/li>\n\n\n\n<li>1996-2002: &#8221;Theory and Practice of Croatian Maritime Legislation, International Unification of Maritime Law and Codification of Law of the Sea&#8221; 101001 (researcher), funded by CMSES<\/li>\n\n\n\n<li>1990-1995: \u201cDrafting Croatian Maritime Legislation\u201d 5-03\u2014026 (researcher), &nbsp;funded by CMSES<\/li>\n\n\n\n<li>2006-2009: \u2018\u2019Regional Cooperation and Marine Pollution in Adriatic Sea, Expert Study on Ship Based Oil Pollution in the Adriatic Sea\u2019\u2019 (researcher), funded by Fridtjof Nansen Institute, Norway;<\/li>\n\n\n\n<li>2016-2019: \u201cDeveloping a Modern Legal and Insurance Regime for Croatian Marinas \u2013 Enhancing Competitiveness, Safety, Security and Marine Environmental Standards (DELICROMAR)\u201d UIP-2013-11-3061 (researcher) funded by Croatian Science Foundation<\/li>\n<\/ul>\n\n\n\n<p><strong>Conferences and seminars<\/strong><\/p>\n\n\n\n<p>Active participation on 40 international and national scientific conferences and seminars<\/p>\n\n\n\n<p><strong>Membership in Editorial Boards<\/strong><\/p>\n\n\n\n<ul class=\"wp-block-list\">\n<li>Assistant of Editor, Comparative Maritime Law = Poredbeno pomorsko pravo<\/li>\n\n\n\n<li>The International Transport Law Review = \u010casopis za me\u0111unarodno transportno pravo<\/li>\n<\/ul>\n\n\n\n<p><strong>Professional and scientific associations<\/strong><\/p>\n\n\n\n<ul class=\"wp-block-list\">\n<li>Croatian Maritime Law Association, Vice-president, 1992-2018<\/li>\n\n\n\n<li>Croatian Transport Law Association, Chairman of the Supervisory Board<\/li>\n\n\n\n<li>Titulary member of the Comit\u00e9 Maritime International (CMI) since September 2022.<\/li>\n<\/ul>\n\n\n\n<p><strong>Professional Activities<\/strong><\/p>\n\n\n\n<ul class=\"wp-block-list\">\n<li>Member of the Expert Working group for drafting 1994 Croatian Maritime Code and &nbsp;2004 Croatian Maritime Code and its 2007, 2008, 2011 and 2013 Amendments<\/li>\n\n\n\n<li>Consultant of the Ministry of Sea, Traffic and Infrastructure for the international maritime agreements (1995-on)<\/li>\n\n\n\n<li>Member of the Organization and Scientific Committee of the International Transport Law Conference (INTRANSLAW)<\/li>\n<\/ul>\n\n\n\n<p><strong>BIBLIOGRAPHY (selected)<\/strong><\/p>\n\n\n\n<p><strong>Books<\/strong><\/p>\n\n\n\n<ol class=\"wp-block-list\">\n<li>\u0106ori\u0107, Dorotea.<br>International Regime on Liability and Compensation for Oil Pollution Damage.<br>Croatian Academy of Sciences and Arts \u2013 Adriatic Institute, Zagreb, 2002.<\/li>\n\n\n\n<li>\u0106ori\u0107, Dorotea.<br>Marine Pollution from Ship\u2019s \u2013 International and National Law Rules.<br>Faculty of Law Rijeka, Rijeka, 2009.<\/li>\n<\/ol>\n\n\n\n<p><strong>Articles<\/strong><\/p>\n\n\n\n<ol class=\"wp-block-list\">\n<li>\u0106ori\u0107, Dorotea.<br>Uvo\u0111enje poreza po tona\u017ei broda u pomorsko zakonodavstvo Republike Hrvatske (The<br>Introduction of a Tonnage Tax Regime into the Croatian Maritime Legislation). \/\/<br>Poredbeno pomorsko pravo = Comparative Maritime Law, Vol. 50 (2011), No. 165,<br>pp. 75-89.<\/li>\n\n\n\n<li>\u0106ori\u0107, Dorotea.<br>Direktiva EU o one\u010di\u0161\u0107enju mora s brodova i nadle\u017enosti obalnih dr\u017eava (The EU<br>Directive on Ship-source Pollution and on the Jurisdiction of the Coastal States). \/\/<br>Zbornik Pravnog fakulteta u Rijeci (Collective Papers of the University of Rijeka Faculty of Law), Vol. 32 (2011), No. 2, pp. 857-867.<\/li>\n\n\n\n<li>\u0106ori\u0107, Dorotea; \u0160anti\u0107, Ivo.<br>Nadzor sigurnosti plovidbe i utvr\u0111ivanje prekr\u0161ajne odgovornosti (Monitoring the Safety<br>of Navigation and Determining the Criminal Liability). \/\/ Pravni vjesnik: Journal of Law<br>and Social Sciences of the Faculty of Law, J. J. Strossmayer University of Osijek, Vol. 28 (2012), No. 12, pp.79-95.<\/li>\n\n\n\n<li>\u0106ori\u0107, Dorotea.<br>Pravni okvir za suzbijanje piratstva na moru (Legal Framework for Suppression of Marine Piracy). \/\/ Na\u0161e more (International Journal of Marine Science and Technology),<br>Dubrovnik, Vol. 59, No. 1-2, 2012, pp 50-60.<\/li>\n\n\n\n<li>\u0106ori\u0107, Dorotea; Pijaca, Marija.<br>Indemnity Clause in Standard Bareboat Charter: BARECON 2001. \/\/ Zbornik radova s VI. Me\u0111unarodne konferencije o pomorskoj znanosti &#8211; Book of Proceedings \/ 6th<br>International Maritime Science Conference &#8211; IMSC, Solin, 2014, pp. 309-315.<\/li>\n\n\n\n<li>\u0106ori\u0107, Dorotea.<br>Utjecaj europskog prava za\u0161tite okoli\u0161a na pomorski prijevoz ulja morem (The Impact of<br>the European Environmental Law on the Carriage of Oil by Sea). \/\/ Poredbeno pomorsko pravo = Comparative Maritime Law, Vol. 54 (2015), No. 169, pp. 533- 541.<\/li>\n\n\n\n<li>\u0106ori\u0107, Dorotea; Tuhtan Grgi\u0107, Iva.<br>Istra\u017eivanje i eksploatacija ugljikovodika na Jadranu: problem izvanugovorne<br>odgovornosti za one\u010di\u0161\u0107enje mora u hrvatskom zakonodavstvu (Exploration and Exploitation of Hydrocarbons in the Adriatic: The Problem of Non- contractual Liability<br>for the Pollution in the Croatian Law). \/\/ Na\u0161e more (International Journal of Marine Science and Technology), Vol. 62, No. 4, Supplement, 2015, pp. 113-119.<\/li>\n\n\n\n<li>\u0106ori\u0107, Dorotea.<br>The Meaning and Use of the Term Ship in the Croatian Maritime Legislation. \/\/ Il Diritto Marittimo, Quaderni 3, 2016 \u2013 The Ship: An Example of Legal Pluriflication-Qualification, pp. 231-247.<\/li>\n\n\n\n<li>\u0106ori\u0107, Dorotea; Padovan, A. V.; \u010ci\u010dova\u010dki, L.<br>Prevention of Pollution by Yachts Sewage in the Ports of Nautical Tourism \u2013 The Legal<br>Framework. \/\/ Book of Proceedings \/ 7th International Maritime Science Conference \u2013<br>IMSC, Solin, 2017, pp. 381-394.<\/li>\n\n\n\n<li>\u0106ori\u0107, Dorotea.Marine Pollution from Seabed Activities \u2013 Croatian Liabilty Regime. Il Diritto Marittimo, Vol. I, Gennaio &#8211; Marzo 2017, pp. 47-64.<\/li>\n<\/ol>\n\n\n\n<p><strong>Participation in Conferences (selected)<\/strong><\/p>\n\n\n\n<ol class=\"wp-block-list\">\n<li>European Maritime Day, EU Maritime Law and Policy, Protection of the Marine Environment, Safety of Sea, Ports and the Adriatic\/Mediterranean Sea, Portoro\u017e,<br>Slovenia, 18th May 2012, presentation title: \u201cThe Croatian Legal Frameworkfor the Prevention of Pollution form Ships\u201d<br>(published on www.dpss-mlas\/si\/en\/eu-maritime-day\/2012 ).<\/li>\n\n\n\n<li>Adriatic Spill Conference, Opatija, 15-16 May 2013, presentation title: \u201cInternational<br>Regime for HNS Spills Damage Compensation\u201d (with M. P. Miler, PhD).<\/li>\n\n\n\n<li>Conference organized by Croatian maritime Association \u2013 The Latest Amendments to<br>the Maritime Act and other current issues of Maritime Law, Malinska 10-11 October, 2013., presentation title: \u201cPrevention of Marine Pollution according tothe Maritime Act\u201d.<\/li>\n\n\n\n<li>Conference Croatian Maritime Domain and Seaports Legislation and Other Relevant Topics of Maritime and Transport Law, Mali Losinj, May 2015, presentation title:<br>\u201cLiability and compensation for pollution from offshore activities\u201d (with Assoc. Prof. Iva Tuhtan Grgi\u0107, PhD).<\/li>\n\n\n\n<li>ENER-MAR-CORP-COM Conference, 24th March 2016, Faculty of Law, University of Zagreb, presentation title: \u201cCroatian Hydrocarbons&#8217; Explotation and Exploration Regulationde lege ferenda\u201d.<\/li>\n\n\n\n<li>ADRIATIC CONFERENCE, 28 &#8211; 29 May 2016., Portoro\u017e, presentation title: \u201cMarine<br>Pollution form Seabed Activities\u201d.<\/li>\n\n\n\n<li>IMSLC Modern Challenges of Marine Navigation, 29 &#8211; 30 September 2016, Faculty of Law, University of Split, presentation title: \u201cProtection of the Marine Environment in Marinas \u2013 Croatian Legal Framework\u201d.<\/li>\n\n\n\n<li>5th International Research Seminar in Maritime, Port and Trasport Law, Alma Mater Studiorum University of Bologna, 1 July 2016, master class: \u201cThe Meaning and Use of the Term Ship in the Croatian Maritime Legislation\u201d.<\/li>\n\n\n\n<li>Conference Ownership \u2013 Obligations \u2013 Procedure, Pore\u010d, Croatia, April 2016, organised by the Faculty of Law, University of Rijeka, presentation title: Marine Pollution Damage Compensation according to the Croatian Maritime Act\u201d.<\/li>\n\n\n\n<li>Conference Maritime Law and Law of the Sea: Adriatic States in the European frameworks, 7th November 2016, Zagreb, Croatian Academy of Sciences and Arts, presentation title: \u201cThe Impact of the European Environmental Law on the Carriage of Oil by Sea\u201d.<\/li>\n\n\n\n<li>Round Table &#8211; Legal Protection of the Sea, Croatian Academy of Sciences and Arts, 23 November 2016, presentation title: \u201cThe Liability Regimes for Marine Polluton Damage from Maritime Objects\u201d.<\/li>\n<\/ol>\n\n\n\n<p>(\u2026) see more: <a href=\"https:\/\/www.bib.irb.hr\/pregled\/profil\/13832\">https:\/\/www.bib.irb.hr\/pregled\/profil\/13832<\/a><\/p>\n<\/div>\n<\/div>\n","protected":false},"excerpt":{"rendered":"<p>Professor DOROTEA \u0106ORI\u0106, PhD University of Rijeka, Faculty of LawHahli\u0107 651000 Rijeka, CroatiaEmail: dorotea.coric@pravri.uniri.hr PERSONAL INFORMATION Date of birth: 1961 EDUCATION WORK EXPERIENCE TRAINING TEACHING AND MENTORING PERSONAL SKILLS AND COMPETENCIES Languages: Croatian, English, Italian PROFESSIONAL AND SCIENTIFIC ACTIVITIES Scientific projects Conferences and seminars Active participation on 40 international and national scientific conferences and seminars&#8230;<\/p>\n","protected":false},"author":2,"featured_media":0,"parent":1906,"menu_order":0,"comment_status":"closed","ping_status":"closed","template":"","meta":{"_acf_changed":false,"_kad_blocks_custom_css":"","_kad_blocks_head_custom_js":"","_kad_blocks_body_custom_js":"","_kad_blocks_footer_custom_js":"","_kad_post_transparent":"","_kad_post_title":"","_kad_post_layout":"","_kad_post_sidebar_id":"","_kad_post_content_style":"","_kad_post_vertical_padding":"","_kad_post_feature":"","_kad_post_feature_position":"","_kad_post_header":false,"_kad_post_footer":false,"footnotes":""},"class_list":["post-1946","page","type-page","status-publish","hentry"],"acf":[],"yoast_head":"<!-- This site is optimized with the Yoast SEO plugin v23.8 - https:\/\/yoast.com\/wordpress\/plugins\/seo\/ -->\n<title>Professor Dorotea \u0106ori\u0107, PhD - Adriatic Institute<\/title>\n<meta name=\"robots\" content=\"index, follow, max-snippet:-1, max-image-preview:large, max-video-preview:-1\" \/>\n<link rel=\"canonical\" href=\"https:\/\/jadranski-zavod.hazu.hr\/en\/editorial-board\/professor-dorotea-coric-phd\/\" \/>\n<script type=\"application\/ld+json\" class=\"yoast-schema-graph\">{\"@context\":\"https:\/\/schema.org\",\"@graph\":[{\"@type\":\"WebPage\",\"@id\":\"https:\/\/jadranski-zavod.hazu.hr\/en\/editorial-board\/professor-dorotea-coric-phd\/\",\"url\":\"https:\/\/jadranski-zavod.hazu.hr\/en\/editorial-board\/professor-dorotea-coric-phd\/\",\"name\":\"Professor Dorotea \u0106ori\u0107, PhD - Adriatic Institute\",\"isPartOf\":{\"@id\":\"https:\/\/jadranski-zavod.hazu.hr\/en\/#website\"},\"primaryImageOfPage\":{\"@id\":\"https:\/\/jadranski-zavod.hazu.hr\/en\/editorial-board\/professor-dorotea-coric-phd\/#primaryimage\"},\"image\":{\"@id\":\"https:\/\/jadranski-zavod.hazu.hr\/en\/editorial-board\/professor-dorotea-coric-phd\/#primaryimage\"},\"thumbnailUrl\":\"https:\/\/jadranski-zavod.hazu.hr\/wp-content\/uploads\/2024\/03\/dorotea_coric.jpg\",\"datePublished\":\"2024-05-15T07:57:13+00:00\",\"dateModified\":\"2024-11-29T12:59:39+00:00\",\"breadcrumb\":{\"@id\":\"https:\/\/jadranski-zavod.hazu.hr\/en\/editorial-board\/professor-dorotea-coric-phd\/#breadcrumb\"},\"inLanguage\":\"en-US\",\"potentialAction\":[{\"@type\":\"ReadAction\",\"target\":[\"https:\/\/jadranski-zavod.hazu.hr\/en\/editorial-board\/professor-dorotea-coric-phd\/\"]}]},{\"@type\":\"ImageObject\",\"inLanguage\":\"en-US\",\"@id\":\"https:\/\/jadranski-zavod.hazu.hr\/en\/editorial-board\/professor-dorotea-coric-phd\/#primaryimage\",\"url\":\"https:\/\/jadranski-zavod.hazu.hr\/wp-content\/uploads\/2024\/03\/dorotea_coric.jpg\",\"contentUrl\":\"https:\/\/jadranski-zavod.hazu.hr\/wp-content\/uploads\/2024\/03\/dorotea_coric.jpg\"},{\"@type\":\"BreadcrumbList\",\"@id\":\"https:\/\/jadranski-zavod.hazu.hr\/en\/editorial-board\/professor-dorotea-coric-phd\/#breadcrumb\",\"itemListElement\":[{\"@type\":\"ListItem\",\"position\":1,\"name\":\"Po\u010detna\",\"item\":\"https:\/\/jadranski-zavod.hazu.hr\/en\/\"},{\"@type\":\"ListItem\",\"position\":2,\"name\":\"Editorial Board\",\"item\":\"https:\/\/jadranski-zavod.hazu.hr\/en\/editorial-board\/\"},{\"@type\":\"ListItem\",\"position\":3,\"name\":\"Professor Dorotea \u0106ori\u0107, PhD\"}]},{\"@type\":\"WebSite\",\"@id\":\"https:\/\/jadranski-zavod.hazu.hr\/en\/#website\",\"url\":\"https:\/\/jadranski-zavod.hazu.hr\/en\/\",\"name\":\"Jadranski zavod\",\"description\":\"Croatian Academy of Sciences and Arts\",\"potentialAction\":[{\"@type\":\"SearchAction\",\"target\":{\"@type\":\"EntryPoint\",\"urlTemplate\":\"https:\/\/jadranski-zavod.hazu.hr\/en\/?s={search_term_string}\"},\"query-input\":{\"@type\":\"PropertyValueSpecification\",\"valueRequired\":true,\"valueName\":\"search_term_string\"}}],\"inLanguage\":\"en-US\"}]}<\/script>\n<!-- \/ Yoast SEO plugin. -->","yoast_head_json":{"title":"Professor Dorotea \u0106ori\u0107, PhD - Adriatic Institute","robots":{"index":"index","follow":"follow","max-snippet":"max-snippet:-1","max-image-preview":"max-image-preview:large","max-video-preview":"max-video-preview:-1"},"canonical":"https:\/\/jadranski-zavod.hazu.hr\/en\/editorial-board\/professor-dorotea-coric-phd\/","schema":{"@context":"https:\/\/schema.org","@graph":[{"@type":"WebPage","@id":"https:\/\/jadranski-zavod.hazu.hr\/en\/editorial-board\/professor-dorotea-coric-phd\/","url":"https:\/\/jadranski-zavod.hazu.hr\/en\/editorial-board\/professor-dorotea-coric-phd\/","name":"Professor Dorotea \u0106ori\u0107, PhD - Adriatic Institute","isPartOf":{"@id":"https:\/\/jadranski-zavod.hazu.hr\/en\/#website"},"primaryImageOfPage":{"@id":"https:\/\/jadranski-zavod.hazu.hr\/en\/editorial-board\/professor-dorotea-coric-phd\/#primaryimage"},"image":{"@id":"https:\/\/jadranski-zavod.hazu.hr\/en\/editorial-board\/professor-dorotea-coric-phd\/#primaryimage"},"thumbnailUrl":"https:\/\/jadranski-zavod.hazu.hr\/wp-content\/uploads\/2024\/03\/dorotea_coric.jpg","datePublished":"2024-05-15T07:57:13+00:00","dateModified":"2024-11-29T12:59:39+00:00","breadcrumb":{"@id":"https:\/\/jadranski-zavod.hazu.hr\/en\/editorial-board\/professor-dorotea-coric-phd\/#breadcrumb"},"inLanguage":"en-US","potentialAction":[{"@type":"ReadAction","target":["https:\/\/jadranski-zavod.hazu.hr\/en\/editorial-board\/professor-dorotea-coric-phd\/"]}]},{"@type":"ImageObject","inLanguage":"en-US","@id":"https:\/\/jadranski-zavod.hazu.hr\/en\/editorial-board\/professor-dorotea-coric-phd\/#primaryimage","url":"https:\/\/jadranski-zavod.hazu.hr\/wp-content\/uploads\/2024\/03\/dorotea_coric.jpg","contentUrl":"https:\/\/jadranski-zavod.hazu.hr\/wp-content\/uploads\/2024\/03\/dorotea_coric.jpg"},{"@type":"BreadcrumbList","@id":"https:\/\/jadranski-zavod.hazu.hr\/en\/editorial-board\/professor-dorotea-coric-phd\/#breadcrumb","itemListElement":[{"@type":"ListItem","position":1,"name":"Po\u010detna","item":"https:\/\/jadranski-zavod.hazu.hr\/en\/"},{"@type":"ListItem","position":2,"name":"Editorial Board","item":"https:\/\/jadranski-zavod.hazu.hr\/en\/editorial-board\/"},{"@type":"ListItem","position":3,"name":"Professor Dorotea \u0106ori\u0107, PhD"}]},{"@type":"WebSite","@id":"https:\/\/jadranski-zavod.hazu.hr\/en\/#website","url":"https:\/\/jadranski-zavod.hazu.hr\/en\/","name":"Jadranski zavod","description":"Croatian Academy of Sciences and Arts","potentialAction":[{"@type":"SearchAction","target":{"@type":"EntryPoint","urlTemplate":"https:\/\/jadranski-zavod.hazu.hr\/en\/?s={search_term_string}"},"query-input":{"@type":"PropertyValueSpecification","valueRequired":true,"valueName":"search_term_string"}}],"inLanguage":"en-US"}]}},"taxonomy_info":[],"featured_image_src_large":false,"author_info":{"display_name":"Jadranski zavod","author_link":"https:\/\/jadranski-zavod.hazu.hr\/en\/author\/jsinovcicperkovic\/"},"comment_info":0,"_links":{"self":[{"href":"https:\/\/jadranski-zavod.hazu.hr\/en\/wp-json\/wp\/v2\/pages\/1946","targetHints":{"allow":["GET"]}}],"collection":[{"href":"https:\/\/jadranski-zavod.hazu.hr\/en\/wp-json\/wp\/v2\/pages"}],"about":[{"href":"https:\/\/jadranski-zavod.hazu.hr\/en\/wp-json\/wp\/v2\/types\/page"}],"author":[{"embeddable":true,"href":"https:\/\/jadranski-zavod.hazu.hr\/en\/wp-json\/wp\/v2\/users\/2"}],"replies":[{"embeddable":true,"href":"https:\/\/jadranski-zavod.hazu.hr\/en\/wp-json\/wp\/v2\/comments?post=1946"}],"version-history":[{"count":4,"href":"https:\/\/jadranski-zavod.hazu.hr\/en\/wp-json\/wp\/v2\/pages\/1946\/revisions"}],"predecessor-version":[{"id":3051,"href":"https:\/\/jadranski-zavod.hazu.hr\/en\/wp-json\/wp\/v2\/pages\/1946\/revisions\/3051"}],"up":[{"embeddable":true,"href":"https:\/\/jadranski-zavod.hazu.hr\/en\/wp-json\/wp\/v2\/pages\/1906"}],"wp:attachment":[{"href":"https:\/\/jadranski-zavod.hazu.hr\/en\/wp-json\/wp\/v2\/media?parent=1946"}],"curies":[{"name":"wp","href":"https:\/\/api.w.org\/{rel}","templated":true}]}}