{"id":1940,"date":"2024-05-14T13:44:47","date_gmt":"2024-05-14T13:44:47","guid":{"rendered":"https:\/\/jadranski-zavod.hazu.hr?page_id=1940"},"modified":"2024-12-02T11:12:24","modified_gmt":"2024-12-02T10:12:24","slug":"assist-prof-trpimir-mihael-sosic-phd","status":"publish","type":"page","link":"https:\/\/jadranski-zavod.hazu.hr\/en\/editorial-board\/assist-prof-trpimir-mihael-sosic-phd\/","title":{"rendered":"Assistant Professor Trpimir Mihael \u0160o\u0161i\u0107, PhD"},"content":{"rendered":"\n<div class=\"wp-block-columns is-layout-flex wp-container-core-columns-is-layout-9d6595d7 wp-block-columns-is-layout-flex\">\n<div class=\"wp-block-column is-layout-flow wp-block-column-is-layout-flow\" style=\"flex-basis:33.33%\">\n<figure class=\"wp-block-image size-large\"><img decoding=\"async\" width=\"1009\" height=\"1024\" src=\"https:\/\/jadranski-zavod.hazu.hr\/wp-content\/uploads\/2024\/03\/TM-Sosic-1009x1024.jpg\" alt=\"\" class=\"wp-image-886\" srcset=\"https:\/\/jadranski-zavod.hazu.hr\/wp-content\/uploads\/2024\/03\/TM-Sosic-1009x1024.jpg 1009w, https:\/\/jadranski-zavod.hazu.hr\/wp-content\/uploads\/2024\/03\/TM-Sosic-295x300.jpg 295w, https:\/\/jadranski-zavod.hazu.hr\/wp-content\/uploads\/2024\/03\/TM-Sosic-768x780.jpg 768w, https:\/\/jadranski-zavod.hazu.hr\/wp-content\/uploads\/2024\/03\/TM-Sosic.jpg 1047w\" sizes=\"(max-width: 1009px) 100vw, 1009px\" \/><\/figure>\n<\/div>\n\n\n\n<div class=\"wp-block-column has-theme-palette-8-background-color has-background is-layout-flow wp-block-column-is-layout-flow\" style=\"padding-top:var(--wp--preset--spacing--40);padding-right:var(--wp--preset--spacing--40);padding-bottom:var(--wp--preset--spacing--40);padding-left:var(--wp--preset--spacing--40);flex-basis:66.66%\">\n<p><strong>Assistant Professor TRPIMIR MIHAEL \u0160O\u0160I\u0106, PhD<\/strong><\/p>\n\n\n\n<p>University of Zagreb Faculty of Law<br>Trg Republike Hrvatske 14<br>10000 Zagreb, Croatia<br>Email: <strong>trpimir.sosic@pravo.unizg.hr<\/strong><\/p>\n\n\n\n<p><strong>EDUCATION<\/strong><\/p>\n\n\n\n<ul class=\"wp-block-list\">\n<li>2012 \u2013 PhD (doctor scientiarum), University of Zagreb Faculty of Law<\/li>\n\n\n\n<li>2006 \u2013 Second university degree in law (magister scientiarum), University of Zagreb Faculty of Law<\/li>\n\n\n\n<li>2000 \u2013 State Judiciary Examination (Croatian equivalent of the bar examination)<\/li>\n\n\n\n<li>1997 \u2013 First university degree in law (iuris consultus diplomate probatus), University of Zagreb Faculty of Law<\/li>\n<\/ul>\n\n\n\n<p><strong>WORK EXPERIENCE<\/strong><\/p>\n\n\n\n<ul class=\"wp-block-list\">\n<li>Since 2015 \u2013 Assistant Professor at the University of Zagreb Faculty of Law, Department of International Law<\/li>\n\n\n\n<li>2012-2015 \u2013 Senior Assistant Lecturer at the University of Zagreb Faculty of Law, Department of International Law<\/li>\n\n\n\n<li>2007-2012 \u2013 Assistant Lecturer at the University of Zagreb Faculty of Law, Department of International Law<\/li>\n\n\n\n<li>2001-2007 \u2013 Research and Teaching Assistant at the University of Zagreb Faculty of Law, Department of International Law<\/li>\n\n\n\n<li>1997-2001 \u2013 Clerk-at-Law (trainee) at the Law Office of Dr Dragutin Sikiri\u0107 in Zagreb, Croatia<\/li>\n<\/ul>\n\n\n\n<p><strong>COURSES\/RESEARCH STAYS\/FELLOWSHIPS<\/strong><\/p>\n\n\n\n<ul class=\"wp-block-list\">\n<li>2015 \u2013 Visiting fellowship at the Shanghai Institutes for International Studies in Shanghai, China<\/li>\n\n\n\n<li>2010-2011 \u2013 Research stay at the Max Planck Institute for Comparative Public Law and International Law (Max-Planck-Institut f\u00fcr ausl\u00e4ndisches \u00f6ffentliches Recht und V\u00f6lkerrecht) in Heidelberg, Germany<\/li>\n\n\n\n<li>2005 \u2013 Research stay at the T.M.C. Asser Instituut in The Hague, Netherlands<\/li>\n\n\n\n<li>2004 \u2013 Summer course in public international law at The Hague Academy of International Law<\/li>\n\n\n\n<li>2001 \u2013 Law of the Sea Course at the Inter-University Centre in Dubrovnik, Croatia<\/li>\n\n\n\n<li>2000 \u2013 Fifth Session of the Rhodes Academy of Oceans Law and Policy in Rhodes, Greece<\/li>\n<\/ul>\n\n\n\n<p><strong>TEACHING ASSIGNMENTS<\/strong><\/p>\n\n\n\n<ul class=\"wp-block-list\">\n<li>Since 2019 \u2013 Teaches English-language course on International Cultural Heritage Law<\/li>\n\n\n\n<li>Since 2019 \u2013 Gives lectures on Public International Law in the framework of the Croatian Ministry of Defence\u2019s Ban Josip Jela\u010di\u0107 War College<\/li>\n\n\n\n<li>Since 2019 \u2013 Gives lectures in International Public Law and Introduction to Diplomatic and Consular Law at the postgraduate study at the Faculty of Political Science, University of Zagreb<\/li>\n\n\n\n<li>Since 2016 \u2013 Gives lectures on various topics of public international law to doctoral students and other students at post-graduate level<\/li>\n\n\n\n<li>Since 2015 \u2013 Teaches course on Diplomatic and Consular Law<\/li>\n\n\n\n<li>Since 2015 \u2013 Teaches course on Diplomatic and Consular Law and Ordinary teaching and examination licence as assistant professor at the University of Zagreb, Faculty of Law, Department of International Law<\/li>\n\n\n\n<li>Since 2014 \u2013 Teaches course on Public International Law (capita selecta) within the framework of the University of Zagreb\u2019s interdisciplinary undergraduate study programmes \u201cMilitary Engineering\u201d and \u201cMilitary Leadership and Management\u201d for future officers of the Croatian Armed Forces<\/li>\n\n\n\n<li>2014-2016 \u2013 Gives lectures on International, Diplomatic and Consular Law within the framework of the University of Zagreb\u2019s English-language postgraduate interdisciplinary specialist study programme \u201cDiplomacy\u201d<\/li>\n\n\n\n<li>Since 2012 \u2013 Teaches English-language course on the International Law of the Sea for foreign guest students at the University of Zagreb Faculty of Law<\/li>\n\n\n\n<li>Since 2007 \u2013 Extraordinary teaching and examination licence; gives lectures (capita selecta) in the third-year general course on Public International Law and the fifth-year elective course on the International Law of the Sea; conducts tutorials in Public International Law for third-year students; conducts examinations in Public International Law and the International Law of the Sea<\/li>\n<\/ul>\n\n\n\n<p><strong>PARTICIPATION IN RESEARCH PROJECTS<\/strong><\/p>\n\n\n\n<ul class=\"wp-block-list\">\n<li>2019-2021 \u2013 \u201cThe New Maritime Silk Road: Navigation and Security in the Technological Era\u201d, project leader: Professor Andrea Caligiuri, carried by University of Macerata, University Center for Maritime Studies and Transport (CUSMAT); coordinated the subgroup on maritime security<\/li>\n\n\n\n<li>2007-2013 \u2013 \u201cContemporary Development of International Law on the Global and Regional Level\u201d (\u201eSuvremeni razvoj me\u0111unarodnog prava na globalnoj i regionalnoj razini\u201d), project leader: Professor Budislav Vukas; funded by the Croatian Ministry of Science, Education and Sports<\/li>\n\n\n\n<li>2006-2011 \u2013 \u201cMarine Environment Protection and Resource Management: The Changing Legal and Policy Framework for the Adriatic Sea\u201d, project leader: Dr. Davor Vidas, coordinating institution: Fridtjof Nansen Institute; funded by the Research Council of Norway<\/li>\n\n\n\n<li>2006 \u2013 \u201cState Border between Croatia and Slovenia\u201d (\u201eHrvatsko-slovenska dr\u017eavna granica\u201d), project leader: Professor Davorin Rudolf, coordinating institution: Institute for Scientific and Artistic Work of the Croatian Academy of Sciences and Arts<\/li>\n\n\n\n<li>2002-2006 \u2013 \u201cPreventing Violations of International Law in Contemporary Circumstances\u201d (\u201eSuzbijanje i sprje\u010davanje kr\u0161enja me\u0111unarodnog prava u suvremenim uvjetima\u201d), project leader: Professor Budislav Vukas; funded by the Croatian Ministry of Science, Education and Sports<\/li>\n\n\n\n<li>2001-2002 \u2013 \u201cSocial Policy and Social Work in Croatia\u201d (\u201eSocijalna politika i socijalni rad u Hrvatskoj\u201d), project leader: Professor Vlado Puljiz; funded by the Croatian Ministry of Science<\/li>\n<\/ul>\n\n\n\n<p><strong>MEMBERSHIPS AND WORKING GROUPS<\/strong><\/p>\n\n\n\n<ul class=\"wp-block-list\">\n<li>Since 2021 \u2013 Associate member of the University of Macerata\u2019s Interdepartmental Research Center on the Adriatic and the Mediterranean (Centro interdipartimentale di Ricerca sull\u2019Adriatico e il Mediterraneo \u2013 CiRAM)<\/li>\n\n\n\n<li>Since 2021 \u2013 Member of the Zagreb Law Review\u2019s (Zagreba\u010dka pravna revija) editorial board<\/li>\n\n\n\n<li>Since 2020 \u2013 Legal expert to the Croatian delegation in the Coordination Committee for the Protection of the Underwater Cultural Heritage the area of the Skerki Bank and the Sicilian Channel<\/li>\n\n\n\n<li>2019-2023 \u2013 Expert Member of the Croatian delegation in the Council of the European Union\u2019s Working Party on the Law of the Sea (COMAR)<\/li>\n\n\n\n<li>2018-2019 \u2013 Member of the Ministry of Croatian Veterans\u2019 working party for the elaboration of a legislative bill on missing persons in the Homeland War<\/li>\n\n\n\n<li>Since 2017 \u2013 Member of the Croatian Commission for the Implementation of the Convention for the Protection of Cultural Property in the Event of Armed Conflict (14 May 1954), including the First and Second Protocols to the Convention<\/li>\n\n\n\n<li>2011-2015 \u2013 Member of the expert group formed by the Ministry of Foreign and European Affairs of the Republic of Croatia which prepared the legal positions of Croatia in the arbitral proceedings against the Republic of Slovenia regarding the maritime and land boundary between the two states<\/li>\n<\/ul>\n\n\n\n<p><strong>MEMBERSHIP IN PROFESSIONAL AND SCIENTIFIC ASSOCIATIONS<\/strong><\/p>\n\n\n\n<ul class=\"wp-block-list\">\n<li>Since 2016 \u2013 Association Internationale du Droit de la Mer (AssIDMer)<\/li>\n\n\n\n<li>Since 2014 \u2013 International Law Association (ILA; individual member)<\/li>\n\n\n\n<li>Since 2008 \u2013 Croatian Academy of Legal Sciences (associate member)<\/li>\n\n\n\n<li>Since 1999 \u2013 Croatian Society of International Law (National Branch of the International Law Association)<\/li>\n<\/ul>\n\n\n\n<p><strong>PERSONAL SKILLS AND COMPETENCES<\/strong><\/p>\n\n\n\n<p>Languages: Croatian; German, English and French<\/p>\n\n\n\n<p><strong>BIBLIOGRAPHY (selected)<\/strong><\/p>\n\n\n\n<p><strong>Books<\/strong><\/p>\n\n\n\n<ol class=\"wp-block-list\">\n<li>Wolfrum, R\u00fcdiger; Ser\u0161i\u0107, Maja; \u0160o\u0161i\u0107, Trpimir Mihael (eds.)<br>Contemporary Developments in International Law: Essays in Honour of Budislav Vukas<br>Brill-Nijhoff, Leiden, 2016<\/li>\n\n\n\n<li>Vukas, Budislav; \u0160o\u0161i\u0107, Trpimir Mihael<br>International Law: New Actors, New Concepts \u2013 Continuing Dilemmas                                                      Liber Amicorum Bo\u017eidar Bakoti\u0107, Martinus Nijhoff Publishers, Leiden, 2010<\/li>\n<\/ol>\n\n\n\n<p><strong>Articles and Book Chapters<\/strong><\/p>\n\n\n\n<ol class=\"wp-block-list\">\n<li>\u0160o\u0161i\u0107, Trpimir Mihael<br>The Protection of Underwater Cultural Heritage beyond the Exclusive Jurisdictional Reach of Coastal States, Caligiuri, A.; Cataldi, G.; Ros, N. (eds.), L&#8217;\u00e9volution du droit de la mer: R\u00e9flexions \u00e0 l&#8217;occasion du 20\u00e8me anniversaire de l&#8217;AssIDMer (2001-2021) \/ The Evolution of the Law of the Sea: Reflections for the 20th AssIDMer Anniversary (2001-2021)<br>Editoriale Scientifica, Napoli, 2023, pp. 175-188<\/li>\n\n\n\n<li>\u0160o\u0161i\u0107, Trpimir Mihael<br>The Future Treaty on Marine Biological Diversity beyond National Jurisdiction, Protected Areas and Freedom of Navigation in the Context of the &#8221;Maritime Silk Road&#8221;, Caligiuri, A.; Pollastrelli, S. (eds.), Law and Security along the 21st Century Maritime Silk Road<br>Editoriale Scientifica, Napoli, 2021, pp. 65-78<\/li>\n\n\n\n<li>\u0160o\u0161i\u0107, Trpimir Mihael<br>Me\u0111unarodnopravna za\u0161tita kulturne ba\u0161tine dubokog podmorja \u2013 ima li spasa &#8221;Titanicu&#8221;? Pravni vjesnik, vol. 36 (2020), no. 2, pp. 75-99<\/li>\n\n\n\n<li>\u0160o\u0161i\u0107, Trpimir Mihael<br>Neki aspekti du\u017enosti pru\u017eanja pomo\u0107i na moru u kontekstu migrantskih kretanja morem, Barbi\u0107, J. (ed.), Polo\u017eaj migranata u me\u0111unarodnom i europskom pravu                                                                      Hrvatska akademija znanosti i umjetnosti, Zagreb, 2020, pp. 51-66<\/li>\n\n\n\n<li>\u0160o\u0161i\u0107, Trpimir Mihael<br>Plovidbena prava prema Konvenciji Ujedinjenih naroda o pravu mora i morski pojasevi Republike Hrvatske                                                                                                                                                         Zagreba\u010dka pravna revija, vol. 8 (2019), no. 3, pp. 237-258<\/li>\n\n\n\n<li>\u0160o\u0161i\u0107, Trpimir Mihael<br>Izbjeglice na moru: jurisdikcijski prijepori u svjetlu Konvencije o pravu mora i Konvencije o pravnom polo\u017eaju izbjeglica                                                                                                                                    Zbornik Pravnog fakulteta u Zagrebu, vol. 67 (2017), no. 3-4, pp. 627-654<\/li>\n\n\n\n<li>\u0160o\u0161i\u0107, Trpimir Mihael<br>The 2001 UNESCO Convention and the Protection of the Underwater Cultural Heritage in the Adriatic and Ionian Seas, Caligiuri, A. (ed.), Governance of the Adriatic and Ionian Marine Space Editoriale Scientifica, Napoli, 2016, pp. 119-136<\/li>\n\n\n\n<li>\u0160o\u0161i\u0107, Trpimir Mihael<br>The 24-Mile Archaeological Zone: Abandoned or Confirmed?, Wolfrum, R; Ser\u0161i\u0107, M.; \u0160o\u0161i\u0107, T. M. (eds.), Contemporary Developments in International Law \u2013 Essays in Honour of Budislav Vukas Brill-Nijhoff, Leiden, 2016, pp. 305-327<\/li>\n<\/ol>\n\n\n\n<p><strong><a href=\"https:\/\/jadranski-zavod.hazu.hr\/en\/editorial-board\/\">&lt;&lt;&lt; Back to the Editorial Board<\/a><\/strong><\/p>\n<\/div>\n<\/div>\n","protected":false},"excerpt":{"rendered":"<p>Assistant Professor TRPIMIR MIHAEL \u0160O\u0160I\u0106, PhD University of Zagreb Faculty of LawTrg Republike Hrvatske 1410000 Zagreb, CroatiaEmail: trpimir.sosic@pravo.unizg.hr EDUCATION WORK EXPERIENCE COURSES\/RESEARCH STAYS\/FELLOWSHIPS TEACHING ASSIGNMENTS PARTICIPATION IN RESEARCH PROJECTS MEMBERSHIPS AND WORKING GROUPS MEMBERSHIP IN PROFESSIONAL AND SCIENTIFIC ASSOCIATIONS PERSONAL SKILLS AND COMPETENCES Languages: Croatian; German, English and French BIBLIOGRAPHY (selected) Books Articles and Book&#8230;<\/p>\n","protected":false},"author":2,"featured_media":0,"parent":1906,"menu_order":0,"comment_status":"closed","ping_status":"closed","template":"","meta":{"_acf_changed":false,"_kad_blocks_custom_css":"","_kad_blocks_head_custom_js":"","_kad_blocks_body_custom_js":"","_kad_blocks_footer_custom_js":"","_kad_post_transparent":"","_kad_post_title":"","_kad_post_layout":"","_kad_post_sidebar_id":"","_kad_post_content_style":"","_kad_post_vertical_padding":"","_kad_post_feature":"","_kad_post_feature_position":"","_kad_post_header":false,"_kad_post_footer":false,"footnotes":""},"class_list":["post-1940","page","type-page","status-publish","hentry"],"acf":[],"yoast_head":"<!-- This site is optimized with the Yoast SEO plugin v23.8 - https:\/\/yoast.com\/wordpress\/plugins\/seo\/ -->\n<title>Assistant Professor Trpimir Mihael \u0160o\u0161i\u0107, PhD - Adriatic Institute<\/title>\n<meta name=\"robots\" content=\"index, follow, max-snippet:-1, max-image-preview:large, max-video-preview:-1\" \/>\n<link rel=\"canonical\" href=\"https:\/\/jadranski-zavod.hazu.hr\/en\/editorial-board\/assist-prof-trpimir-mihael-sosic-phd\/\" \/>\n<script type=\"application\/ld+json\" class=\"yoast-schema-graph\">{\"@context\":\"https:\/\/schema.org\",\"@graph\":[{\"@type\":\"WebPage\",\"@id\":\"https:\/\/jadranski-zavod.hazu.hr\/en\/editorial-board\/assist-prof-trpimir-mihael-sosic-phd\/\",\"url\":\"https:\/\/jadranski-zavod.hazu.hr\/en\/editorial-board\/assist-prof-trpimir-mihael-sosic-phd\/\",\"name\":\"Assistant Professor Trpimir Mihael \u0160o\u0161i\u0107, PhD - Adriatic Institute\",\"isPartOf\":{\"@id\":\"https:\/\/jadranski-zavod.hazu.hr\/en\/#website\"},\"primaryImageOfPage\":{\"@id\":\"https:\/\/jadranski-zavod.hazu.hr\/en\/editorial-board\/assist-prof-trpimir-mihael-sosic-phd\/#primaryimage\"},\"image\":{\"@id\":\"https:\/\/jadranski-zavod.hazu.hr\/en\/editorial-board\/assist-prof-trpimir-mihael-sosic-phd\/#primaryimage\"},\"thumbnailUrl\":\"https:\/\/jadranski-zavod.hazu.hr\/wp-content\/uploads\/2024\/03\/TM-Sosic-1009x1024.jpg\",\"datePublished\":\"2024-05-14T13:44:47+00:00\",\"dateModified\":\"2024-12-02T10:12:24+00:00\",\"breadcrumb\":{\"@id\":\"https:\/\/jadranski-zavod.hazu.hr\/en\/editorial-board\/assist-prof-trpimir-mihael-sosic-phd\/#breadcrumb\"},\"inLanguage\":\"en-US\",\"potentialAction\":[{\"@type\":\"ReadAction\",\"target\":[\"https:\/\/jadranski-zavod.hazu.hr\/en\/editorial-board\/assist-prof-trpimir-mihael-sosic-phd\/\"]}]},{\"@type\":\"ImageObject\",\"inLanguage\":\"en-US\",\"@id\":\"https:\/\/jadranski-zavod.hazu.hr\/en\/editorial-board\/assist-prof-trpimir-mihael-sosic-phd\/#primaryimage\",\"url\":\"https:\/\/jadranski-zavod.hazu.hr\/wp-content\/uploads\/2024\/03\/TM-Sosic-1009x1024.jpg\",\"contentUrl\":\"https:\/\/jadranski-zavod.hazu.hr\/wp-content\/uploads\/2024\/03\/TM-Sosic-1009x1024.jpg\"},{\"@type\":\"BreadcrumbList\",\"@id\":\"https:\/\/jadranski-zavod.hazu.hr\/en\/editorial-board\/assist-prof-trpimir-mihael-sosic-phd\/#breadcrumb\",\"itemListElement\":[{\"@type\":\"ListItem\",\"position\":1,\"name\":\"Po\u010detna\",\"item\":\"https:\/\/jadranski-zavod.hazu.hr\/en\/\"},{\"@type\":\"ListItem\",\"position\":2,\"name\":\"Editorial Board\",\"item\":\"https:\/\/jadranski-zavod.hazu.hr\/en\/editorial-board\/\"},{\"@type\":\"ListItem\",\"position\":3,\"name\":\"Assistant Professor Trpimir Mihael \u0160o\u0161i\u0107, PhD\"}]},{\"@type\":\"WebSite\",\"@id\":\"https:\/\/jadranski-zavod.hazu.hr\/en\/#website\",\"url\":\"https:\/\/jadranski-zavod.hazu.hr\/en\/\",\"name\":\"Jadranski zavod\",\"description\":\"Croatian Academy of Sciences and Arts\",\"potentialAction\":[{\"@type\":\"SearchAction\",\"target\":{\"@type\":\"EntryPoint\",\"urlTemplate\":\"https:\/\/jadranski-zavod.hazu.hr\/en\/?s={search_term_string}\"},\"query-input\":{\"@type\":\"PropertyValueSpecification\",\"valueRequired\":true,\"valueName\":\"search_term_string\"}}],\"inLanguage\":\"en-US\"}]}<\/script>\n<!-- \/ Yoast SEO plugin. -->","yoast_head_json":{"title":"Assistant Professor Trpimir Mihael \u0160o\u0161i\u0107, PhD - Adriatic Institute","robots":{"index":"index","follow":"follow","max-snippet":"max-snippet:-1","max-image-preview":"max-image-preview:large","max-video-preview":"max-video-preview:-1"},"canonical":"https:\/\/jadranski-zavod.hazu.hr\/en\/editorial-board\/assist-prof-trpimir-mihael-sosic-phd\/","schema":{"@context":"https:\/\/schema.org","@graph":[{"@type":"WebPage","@id":"https:\/\/jadranski-zavod.hazu.hr\/en\/editorial-board\/assist-prof-trpimir-mihael-sosic-phd\/","url":"https:\/\/jadranski-zavod.hazu.hr\/en\/editorial-board\/assist-prof-trpimir-mihael-sosic-phd\/","name":"Assistant Professor Trpimir Mihael \u0160o\u0161i\u0107, PhD - Adriatic Institute","isPartOf":{"@id":"https:\/\/jadranski-zavod.hazu.hr\/en\/#website"},"primaryImageOfPage":{"@id":"https:\/\/jadranski-zavod.hazu.hr\/en\/editorial-board\/assist-prof-trpimir-mihael-sosic-phd\/#primaryimage"},"image":{"@id":"https:\/\/jadranski-zavod.hazu.hr\/en\/editorial-board\/assist-prof-trpimir-mihael-sosic-phd\/#primaryimage"},"thumbnailUrl":"https:\/\/jadranski-zavod.hazu.hr\/wp-content\/uploads\/2024\/03\/TM-Sosic-1009x1024.jpg","datePublished":"2024-05-14T13:44:47+00:00","dateModified":"2024-12-02T10:12:24+00:00","breadcrumb":{"@id":"https:\/\/jadranski-zavod.hazu.hr\/en\/editorial-board\/assist-prof-trpimir-mihael-sosic-phd\/#breadcrumb"},"inLanguage":"en-US","potentialAction":[{"@type":"ReadAction","target":["https:\/\/jadranski-zavod.hazu.hr\/en\/editorial-board\/assist-prof-trpimir-mihael-sosic-phd\/"]}]},{"@type":"ImageObject","inLanguage":"en-US","@id":"https:\/\/jadranski-zavod.hazu.hr\/en\/editorial-board\/assist-prof-trpimir-mihael-sosic-phd\/#primaryimage","url":"https:\/\/jadranski-zavod.hazu.hr\/wp-content\/uploads\/2024\/03\/TM-Sosic-1009x1024.jpg","contentUrl":"https:\/\/jadranski-zavod.hazu.hr\/wp-content\/uploads\/2024\/03\/TM-Sosic-1009x1024.jpg"},{"@type":"BreadcrumbList","@id":"https:\/\/jadranski-zavod.hazu.hr\/en\/editorial-board\/assist-prof-trpimir-mihael-sosic-phd\/#breadcrumb","itemListElement":[{"@type":"ListItem","position":1,"name":"Po\u010detna","item":"https:\/\/jadranski-zavod.hazu.hr\/en\/"},{"@type":"ListItem","position":2,"name":"Editorial Board","item":"https:\/\/jadranski-zavod.hazu.hr\/en\/editorial-board\/"},{"@type":"ListItem","position":3,"name":"Assistant Professor Trpimir Mihael \u0160o\u0161i\u0107, PhD"}]},{"@type":"WebSite","@id":"https:\/\/jadranski-zavod.hazu.hr\/en\/#website","url":"https:\/\/jadranski-zavod.hazu.hr\/en\/","name":"Jadranski zavod","description":"Croatian Academy of Sciences and Arts","potentialAction":[{"@type":"SearchAction","target":{"@type":"EntryPoint","urlTemplate":"https:\/\/jadranski-zavod.hazu.hr\/en\/?s={search_term_string}"},"query-input":{"@type":"PropertyValueSpecification","valueRequired":true,"valueName":"search_term_string"}}],"inLanguage":"en-US"}]}},"taxonomy_info":[],"featured_image_src_large":false,"author_info":{"display_name":"Jadranski zavod","author_link":"https:\/\/jadranski-zavod.hazu.hr\/en\/author\/jsinovcicperkovic\/"},"comment_info":0,"_links":{"self":[{"href":"https:\/\/jadranski-zavod.hazu.hr\/en\/wp-json\/wp\/v2\/pages\/1940","targetHints":{"allow":["GET"]}}],"collection":[{"href":"https:\/\/jadranski-zavod.hazu.hr\/en\/wp-json\/wp\/v2\/pages"}],"about":[{"href":"https:\/\/jadranski-zavod.hazu.hr\/en\/wp-json\/wp\/v2\/types\/page"}],"author":[{"embeddable":true,"href":"https:\/\/jadranski-zavod.hazu.hr\/en\/wp-json\/wp\/v2\/users\/2"}],"replies":[{"embeddable":true,"href":"https:\/\/jadranski-zavod.hazu.hr\/en\/wp-json\/wp\/v2\/comments?post=1940"}],"version-history":[{"count":4,"href":"https:\/\/jadranski-zavod.hazu.hr\/en\/wp-json\/wp\/v2\/pages\/1940\/revisions"}],"predecessor-version":[{"id":3133,"href":"https:\/\/jadranski-zavod.hazu.hr\/en\/wp-json\/wp\/v2\/pages\/1940\/revisions\/3133"}],"up":[{"embeddable":true,"href":"https:\/\/jadranski-zavod.hazu.hr\/en\/wp-json\/wp\/v2\/pages\/1906"}],"wp:attachment":[{"href":"https:\/\/jadranski-zavod.hazu.hr\/en\/wp-json\/wp\/v2\/media?parent=1940"}],"curies":[{"name":"wp","href":"https:\/\/api.w.org\/{rel}","templated":true}]}}