{"id":1930,"date":"2024-05-13T13:25:12","date_gmt":"2024-05-13T13:25:12","guid":{"rendered":"https:\/\/jadranski-zavod.hazu.hr?page_id=1930"},"modified":"2024-12-02T10:13:41","modified_gmt":"2024-12-02T09:13:41","slug":"assist-prof-marija-pijaca-phd","status":"publish","type":"page","link":"https:\/\/jadranski-zavod.hazu.hr\/en\/editorial-board\/assist-prof-marija-pijaca-phd\/","title":{"rendered":"Associate Professor Marija Pijaca, PhD"},"content":{"rendered":"\n<div class=\"wp-block-columns is-layout-flex wp-container-core-columns-is-layout-9d6595d7 wp-block-columns-is-layout-flex\">\n<div class=\"wp-block-column is-layout-flow wp-block-column-is-layout-flow\" style=\"flex-basis:33.33%\">\n<figure class=\"wp-block-image size-full is-resized\"><img decoding=\"async\" width=\"256\" height=\"279\" src=\"https:\/\/jadranski-zavod.hazu.hr\/wp-content\/uploads\/2024\/03\/marija_pijaca.jpg\" alt=\"\" class=\"wp-image-917\" style=\"width:403px;height:auto\"\/><\/figure>\n<\/div>\n\n\n\n<div class=\"wp-block-column has-theme-palette-8-background-color has-background is-layout-flow wp-block-column-is-layout-flow\" style=\"padding-top:var(--wp--preset--spacing--40);padding-right:var(--wp--preset--spacing--40);padding-bottom:var(--wp--preset--spacing--40);padding-left:var(--wp--preset--spacing--40);flex-basis:66.66%\">\n<p><strong>Associate Professor MARIJA PIJACA, PhD<\/strong><\/p>\n\n\n\n<p>Maritime Department, University of Zadar<br>Mihovila Pavlinovi\u0107a 1<br>23000 Zadar, Croatia<br>Email: <strong>mpijaca@unizd.hr<\/strong><\/p>\n\n\n\n<p><strong>PERSONAL INFORMATION<\/strong><\/p>\n\n\n\n<p>1974 \u2013 born in Zadar<\/p>\n\n\n\n<p><strong>EDUCATION<\/strong><\/p>\n\n\n\n<ul class=\"wp-block-list\">\n<li>2000 \u2013 graduated at the Faculty of Law, University of Zagreb<\/li>\n\n\n\n<li>2011 \u2013 Master\u2019s degree at the Postgraduate scientific study in Maritime Law and Law of the Sea at the Faculty of Law, University of Split (&#8220;Towing at Sea Contract&#8221;)<\/li>\n\n\n\n<li>2016 \u2013 obtained PhD degree at the Faculty of Law, University of Rijeka (&#8220;Bareboat Charter Contract&#8221;)<\/li>\n<\/ul>\n\n\n\n<p><strong>WORK EXPERIENCE<\/strong><\/p>\n\n\n\n<ul class=\"wp-block-list\">\n<li>2000-2003 \u2013 Punta skala d.d. Zadar<\/li>\n\n\n\n<li>2003-2004 \u2013 Borik d.d. Zadar<\/li>\n\n\n\n<li>2004-2006 \u2013 The British Croatian Chamber of Commerce &#8211; BCCC, London, UK<\/li>\n\n\n\n<li>2007-2009 \u2013 The State Archives in Zadar<\/li>\n\n\n\n<li>2009-2016 \u2013 Assistant in the scientific field of Social Sciences, Maritime and General Transport Law, Maritime Department, University of Zadar<\/li>\n\n\n\n<li>2016-2018 \u2013 Postdoctoral Researcher, Maritime Department, University of Zadar<\/li>\n\n\n\n<li>2018-2023 \u2013 Assistant Professor, Maritime Department, University of Zadar<\/li>\n\n\n\n<li>Since 2023 \u2013 Associate Professor, Maritime Department, University of Zadar<\/li>\n<\/ul>\n\n\n\n<p><strong>PROFESSIONAL ACTIVITIES<\/strong><\/p>\n\n\n\n<ul class=\"wp-block-list\">\n<li>She teaches on the following subjects: Maritime Public Law, Maritime Administrative Law and Transport Insurance at the Undergraduate programme of Nautical Studies and Maritime Transport Technology, Maritime Department, University of Zadar<\/li>\n\n\n\n<li>She teaches on the subject of Maritime Law at the Undergraduate studies in Marine Engineering and Maritime Transport Technology, Maritime Department, University of Zadar<\/li>\n\n\n\n<li>She teches on the subject of Maritime Contracts at the Graduate study in Maritime Organization, Maritime Department, University of Zadar<\/li>\n\n\n\n<li>She participates in teaching the Special Education Programme for Seafarers for the Highest Vocations in Shipping, Maritime Department, University of Zadar<\/li>\n\n\n\n<li>She teaches on the subject of Social and Health Legislation at the Undergraduate studies in University Nursing Study, Department of Health Studies, University of Zadar<\/li>\n\n\n\n<li>She teaches on the subject of Labour Law Relations in Healthcare at the Undergraduate University Nursing Study, Department of Health Studies, University of Zadar<\/li>\n\n\n\n<li>She participates in numerous national and international scientific conferences<\/li>\n\n\n\n<li>She was a mentor during the preparation of over 100 theses at the Undergraduate programmes of Nautical Studies and Maritime Transport Technology and Marine Engineering and Maritime Transport Technology at the Maritime Department of the University of Zadar<\/li>\n<\/ul>\n\n\n\n<p><strong>OTHER SCIENTIFIC AND PROFESSIONAL ACTIVITIES<\/strong><\/p>\n\n\n\n<ul class=\"wp-block-list\">\n<li>Researcher on the project &#8220;Challenges in the Legal Regulation of Seaports considering Application of the European Union Law and National Legal Tradition&#8221;, Adriatic Institute of the Croatian Academy of Sciences and Arts (2020-2022)<\/li>\n\n\n\n<li>Researcher on the scientific project Developing a Modern Legal and Insurance Regime for Croatian Marinas &#8211; Enhancing Competitiveness, Safety, Security and Marine Environmental Standards &#8211; DELICROMAR, Adriatic Institute of the Croatian Academy of Sciences and Arts (2017-2019)<\/li>\n\n\n\n<li>Member of the Croatian Maritime Law Association<\/li>\n\n\n\n<li>Member of the Quality Management Committee, University of Zadar<\/li>\n\n\n\n<li>Coordinator for ERASMUS and ECTS at the Maritime Department<\/li>\n\n\n\n<li>Coordinator for the promotion of the Maritime Department<\/li>\n<\/ul>\n\n\n\n<p><strong>Bibliography (selected)<\/strong><\/p>\n\n\n\n<p><strong>Author&#8217;s books<\/strong><\/p>\n\n\n\n<ol class=\"wp-block-list\">\n<li>Pijaca, Marija\u00a0\u00a0\u00a0\u00a0\u00a0\u00a0\u00a0\u00a0\u00a0\u00a0\u00a0\u00a0\u00a0\u00a0\u00a0\u00a0\u00a0\u00a0\u00a0\u00a0\u00a0\u00a0\u00a0\u00a0\u00a0\u00a0\u00a0\u00a0\u00a0\u00a0\u00a0\u00a0\u00a0\u00a0\u00a0\u00a0\u00a0\u00a0\u00a0\u00a0\u00a0\u00a0\u00a0\u00a0\u00a0\u00a0\u00a0\u00a0\u00a0\u00a0\u00a0\u00a0\u00a0\u00a0\u00a0\u00a0\u00a0\u00a0\u00a0\u00a0\u00a0\u00a0\u00a0\u00a0\u00a0\u00a0\u00a0\u00a0\u00a0\u00a0\u00a0\u00a0\u00a0\u00a0\u00a0\u00a0\u00a0\u00a0\u00a0\u00a0\u00a0\u00a0\u00a0\u00a0\u00a0\u00a0\u00a0\u00a0\u00a0\u00a0 <br>Ugovor o zakupu broda<br>Zadar : Sveu\u010dili\u0161te u Zadru, 2016 (monograph)<\/li>\n<\/ol>\n\n\n\n<p><strong>Book chapters<\/strong><\/p>\n\n\n\n<ol class=\"wp-block-list\">\n<li>Bulum, Bo\u017eena; Mijatovi\u0107, Nikola; Pijaca, Marija                                                                                                 Regulation of Investment Aid for European Union Airports &#8211; Could it Be Applied to Seaports?  Current Issues in Maritime and Transport Law, Musi, M.; Zunarelli, S. (eds.), Bologna, Italy : Bonomo Editore, 2016, pp. 299-335<\/li>\n\n\n\n<li>Pijaca, Marija.<br>Usporedba hrvatskog i engleskog prava i poslovne prakse osiguranja odgovornosti marine     Novi pravni re\u017eim za marine, Barbi\u0107, J.; Padovan, A. V.; Skorupan Wolff, V. (ur.), Zagreb : Hrvatska akademija znanosti i umjetnosti, 2019, pp. 217-251<\/li>\n<\/ol>\n\n\n\n<p><strong>Scientific articles<\/strong><\/p>\n\n\n\n<ol class=\"wp-block-list\">\n<li>Pijaca, Marija; Bulum, Bo\u017eena<br>Comparison of Problems Related to the Carriage of Goods by Sea Between Traditional and Autonomous Vessels                                                                                                                                        TransNav, vol. 15 (2021), no. 1, pp. 125-131<\/li>\n\n\n\n<li>Bulum, Bo\u017eena; Pijaca, Marija<br>Dr\u017eavne potpore za financiranje infrastrukture morskih luka u recentnim odlukama Europskih institucija                                                                                                                                                                                  3. Me\u0111unarodna znanstvena konferencija pomorskog prava \u201eSuvremeni izazovi pomorske plovidbe\u201c, Zbornik radova, Ami\u017ei\u0107 Jelov\u010di\u0107, P.; Klari\u0107, M.; Bolan\u010da, D.; Skorupan Wolff, V.; Padovan, A. V.; Bulum, B.; Grbec, M. (eds.), Split : Pravni fakultet u Splitu, 2021, pp. 79-98<\/li>\n\n\n\n<li>Pijaca, Marija; Vu\u010denovi\u0107, Josipa; Bulum, Bo\u017eena<br>Differences in Contracting of Harbour, Coastal and Ocean Towage                                                           ICTS 2020 Maritime, Transport and Logistics Science Conference Proceedings, Zanne, M.; Bajec, P.; Twrdy, E. (eds.), Portoro\u017e : Faculty of Maritime Studies and Transport, Portoro\u017e, 2020, pp. 263-269<\/li>\n\n\n\n<li>Mandi\u0107, Nikola; Zuji\u0107, Marijan, Pijaca, Marija<br>Inspection in Coastal Liner Shipping                                                                                                                Book of Proceedings \u2013 8<sup>th<\/sup> International Maritime Science Conference \/ Ivo\u0161evi\u0107, \u0160.; Vidan, P. (eds.), Kotor : Faculty of Maritime Studies in Kotor and Faculty of Maritime Studies in Split, 2019, pp. 471-479<\/li>\n\n\n\n<li>Pijaca, Marija; Bulum, Bo\u017eena<br>Liabilty of the Bareboat Charter Parties for Non-contractual Obligations During the Bareboat Charter Ccontract-period in the Context of Croatian Maritime Law                                                                   2<sup>nd<\/sup> International Scientific Conference on Maritime Law Proceedings Book, Ami\u017ei\u0107 Jelov\u010di\u0107, P. <em>e<\/em>t al. (eds.), Split : Faculty of Law University of Split, 2018, pp. 281-293<\/li>\n\n\n\n<li>Pavli\u010dek, Josip; Padovan, Adriana Vincenca; Pijaca, Marija<br>Criminological and Legal Aspects of Croatian Ports and Maarinas Security                                       Criminal Justice and Security in Central and Eastern Europe: From Common Sense to Evidence \u2013 based Polocy Making, Me\u0161ko, G.; Lobrikar, B.; Prislan, K.; Hacin, R. (eds.), Maribor : University of Maribor Press, 2018, pp. 469-484<\/li>\n\n\n\n<li>Pijaca, Marija; Bulum, Bo\u017eena<br>Rights, Obligations and Liabilities of the Parties in Towage Contracts \u2013 National and Standard Legal Solutions                                                                                                                                                  Conference Book of Proceedings, 1<sup>st<\/sup> International Scientific Conference of Maritime Law, ISCML 2016, Ami\u017ei\u0107 Jelov\u010di\u0107, P. et al. (eds.), Split : Faculty of Law University in Split, 2017, pp. 253-278<\/li>\n\n\n\n<li>Pijaca, Marija; Boti\u0107, Marjana.<br>Standard Offshore Wind Farm Personnel Transfer and Support Vessel Charter Party, WINDTIME Book of Proceedings 7<sup>th<\/sup> International Maritime Science Conference, Vidan, P.; Ra\u010di\u0107, R. (eds.), Split: Faculty of Maritime Studies University of Split, 2017, pp. 126-132<\/li>\n\n\n\n<li>Pijaca, Marija<br>Freight Insurance in Charter Parties \u2013 Solutions Provided by National Legislation and Institute Clauses                                                                                                                                                                Proceedings of the 2<sup>nd<\/sup> International Transport and Insurance Law Conference Intranslaw \/ \u0106ori\u0107, D.; Radionov, N.; \u010car, A. (eds.), Zagreb : Pravni fakultet Sveu\u010dili\u0161ta u Zagrebu, 2017, pp. 113-132<\/li>\n\n\n\n<li>Pijaca, Marija; \u0106ori\u0107, Dorotea<br>Indemnity clause in Standard Bareboat Charter                                                                                                Book of Proceedings \/ 6<sup>th<\/sup> International Maritime Science Conference IMSC 2014, Vidan, P.; Twrdy, E., Leder, N.; Muli\u0107, R. (eds.), Split: Faculty of Maritime Studies, 2014, pp. 309-315<\/li>\n\n\n\n<li>Pijaca, Marija<br>Pravni odnosi izme\u0111u marine i charter kompanije u svezi s ugovorom o vezu \u2013 prikaz hrvatske i komparativne poslovne prakse                                                                                                                   Poredbeno pomorsko pravo = Comparative Maritime Law, vol. 57 (2018), no. 172, pp. 253<strong>&#8211;<\/strong>284<\/li>\n\n\n\n<li>Pijaca, Marija<br>Pravni odnosi iz zakupa broda prema odredbama BIMCO obrasca BARECON 2001<br>Poredbeno pomorsko pravo = Comparative Maritime Law, vol. 56 (2017), no. 171, pp. 145-209<\/li>\n\n\n\n<li>Pijaca, Marija; Mandi\u0107, Nikola.<br>Bareboat Charter Registry                                                                                                                        Transactions on Maritime Science (TOMS), vol. 5 (2016), no. 1, pp. 48-52<\/li>\n\n\n\n<li>Bulum, Bo\u017eena; Voki\u0107 \u017du\u017eul, Marina; Pijaca, Marija<br>Directive 2014\/23\/EU on the Award of Concession Contracts and its Application in the Shipping Sector                                                                                                                                                                    Zbornik Pravnog fakulteta u Zagrebu, vol. 66 (2016), no. 2-3, pp. 309-333<\/li>\n\n\n\n<li>Pijaca, Marija<br>Pravno ure\u0111enje zakupa broda u talijanskom, francuskom, engleskom i ameri\u010dkom pravu Poredbeno pomorsko pravo = Comparative Maritime Law, vol. 54 (2015), no. 169, pp. 309-325<\/li>\n<\/ol>\n\n\n\n<p>(\u2026) see more: <a href=\"https:\/\/www.bib.irb.hr\/pregled\/profil\/24731\">https:\/\/www.bib.irb.hr\/pregled\/profil\/24731<\/a><\/p>\n\n\n\n<p><strong><a href=\"https:\/\/jadranski-zavod.hazu.hr\/en\/editorial-board\/\">&lt;&lt;&lt; Back to the Editorial Board<\/a><\/strong><\/p>\n<\/div>\n<\/div>\n","protected":false},"excerpt":{"rendered":"<p>Associate Professor MARIJA PIJACA, PhD Maritime Department, University of ZadarMihovila Pavlinovi\u0107a 123000 Zadar, CroatiaEmail: mpijaca@unizd.hr PERSONAL INFORMATION 1974 \u2013 born in Zadar EDUCATION WORK EXPERIENCE PROFESSIONAL ACTIVITIES OTHER SCIENTIFIC AND PROFESSIONAL ACTIVITIES Bibliography (selected) Author&#8217;s books Book chapters Scientific articles (\u2026) see more: https:\/\/www.bib.irb.hr\/pregled\/profil\/24731 &lt;&lt;&lt; Back to the Editorial Board<\/p>\n","protected":false},"author":2,"featured_media":0,"parent":1906,"menu_order":0,"comment_status":"closed","ping_status":"closed","template":"","meta":{"_acf_changed":false,"_kad_blocks_custom_css":"","_kad_blocks_head_custom_js":"","_kad_blocks_body_custom_js":"","_kad_blocks_footer_custom_js":"","_kad_post_transparent":"","_kad_post_title":"","_kad_post_layout":"","_kad_post_sidebar_id":"","_kad_post_content_style":"","_kad_post_vertical_padding":"","_kad_post_feature":"","_kad_post_feature_position":"","_kad_post_header":false,"_kad_post_footer":false,"footnotes":""},"class_list":["post-1930","page","type-page","status-publish","hentry"],"acf":[],"yoast_head":"<!-- This site is optimized with the Yoast SEO plugin v23.8 - https:\/\/yoast.com\/wordpress\/plugins\/seo\/ -->\n<title>Associate Professor Marija Pijaca, PhD - Adriatic Institute<\/title>\n<meta name=\"robots\" content=\"index, follow, max-snippet:-1, max-image-preview:large, max-video-preview:-1\" \/>\n<link rel=\"canonical\" href=\"https:\/\/jadranski-zavod.hazu.hr\/en\/editorial-board\/assist-prof-marija-pijaca-phd\/\" \/>\n<script type=\"application\/ld+json\" class=\"yoast-schema-graph\">{\"@context\":\"https:\/\/schema.org\",\"@graph\":[{\"@type\":\"WebPage\",\"@id\":\"https:\/\/jadranski-zavod.hazu.hr\/en\/editorial-board\/assist-prof-marija-pijaca-phd\/\",\"url\":\"https:\/\/jadranski-zavod.hazu.hr\/en\/editorial-board\/assist-prof-marija-pijaca-phd\/\",\"name\":\"Associate Professor Marija Pijaca, PhD - Adriatic Institute\",\"isPartOf\":{\"@id\":\"https:\/\/jadranski-zavod.hazu.hr\/en\/#website\"},\"primaryImageOfPage\":{\"@id\":\"https:\/\/jadranski-zavod.hazu.hr\/en\/editorial-board\/assist-prof-marija-pijaca-phd\/#primaryimage\"},\"image\":{\"@id\":\"https:\/\/jadranski-zavod.hazu.hr\/en\/editorial-board\/assist-prof-marija-pijaca-phd\/#primaryimage\"},\"thumbnailUrl\":\"https:\/\/jadranski-zavod.hazu.hr\/wp-content\/uploads\/2024\/03\/marija_pijaca.jpg\",\"datePublished\":\"2024-05-13T13:25:12+00:00\",\"dateModified\":\"2024-12-02T09:13:41+00:00\",\"breadcrumb\":{\"@id\":\"https:\/\/jadranski-zavod.hazu.hr\/en\/editorial-board\/assist-prof-marija-pijaca-phd\/#breadcrumb\"},\"inLanguage\":\"en-US\",\"potentialAction\":[{\"@type\":\"ReadAction\",\"target\":[\"https:\/\/jadranski-zavod.hazu.hr\/en\/editorial-board\/assist-prof-marija-pijaca-phd\/\"]}]},{\"@type\":\"ImageObject\",\"inLanguage\":\"en-US\",\"@id\":\"https:\/\/jadranski-zavod.hazu.hr\/en\/editorial-board\/assist-prof-marija-pijaca-phd\/#primaryimage\",\"url\":\"https:\/\/jadranski-zavod.hazu.hr\/wp-content\/uploads\/2024\/03\/marija_pijaca.jpg\",\"contentUrl\":\"https:\/\/jadranski-zavod.hazu.hr\/wp-content\/uploads\/2024\/03\/marija_pijaca.jpg\"},{\"@type\":\"BreadcrumbList\",\"@id\":\"https:\/\/jadranski-zavod.hazu.hr\/en\/editorial-board\/assist-prof-marija-pijaca-phd\/#breadcrumb\",\"itemListElement\":[{\"@type\":\"ListItem\",\"position\":1,\"name\":\"Po\u010detna\",\"item\":\"https:\/\/jadranski-zavod.hazu.hr\/en\/\"},{\"@type\":\"ListItem\",\"position\":2,\"name\":\"Editorial Board\",\"item\":\"https:\/\/jadranski-zavod.hazu.hr\/en\/editorial-board\/\"},{\"@type\":\"ListItem\",\"position\":3,\"name\":\"Associate Professor Marija Pijaca, PhD\"}]},{\"@type\":\"WebSite\",\"@id\":\"https:\/\/jadranski-zavod.hazu.hr\/en\/#website\",\"url\":\"https:\/\/jadranski-zavod.hazu.hr\/en\/\",\"name\":\"Jadranski zavod\",\"description\":\"Croatian Academy of Sciences and Arts\",\"potentialAction\":[{\"@type\":\"SearchAction\",\"target\":{\"@type\":\"EntryPoint\",\"urlTemplate\":\"https:\/\/jadranski-zavod.hazu.hr\/en\/?s={search_term_string}\"},\"query-input\":{\"@type\":\"PropertyValueSpecification\",\"valueRequired\":true,\"valueName\":\"search_term_string\"}}],\"inLanguage\":\"en-US\"}]}<\/script>\n<!-- \/ Yoast SEO plugin. -->","yoast_head_json":{"title":"Associate Professor Marija Pijaca, PhD - Adriatic Institute","robots":{"index":"index","follow":"follow","max-snippet":"max-snippet:-1","max-image-preview":"max-image-preview:large","max-video-preview":"max-video-preview:-1"},"canonical":"https:\/\/jadranski-zavod.hazu.hr\/en\/editorial-board\/assist-prof-marija-pijaca-phd\/","schema":{"@context":"https:\/\/schema.org","@graph":[{"@type":"WebPage","@id":"https:\/\/jadranski-zavod.hazu.hr\/en\/editorial-board\/assist-prof-marija-pijaca-phd\/","url":"https:\/\/jadranski-zavod.hazu.hr\/en\/editorial-board\/assist-prof-marija-pijaca-phd\/","name":"Associate Professor Marija Pijaca, PhD - Adriatic Institute","isPartOf":{"@id":"https:\/\/jadranski-zavod.hazu.hr\/en\/#website"},"primaryImageOfPage":{"@id":"https:\/\/jadranski-zavod.hazu.hr\/en\/editorial-board\/assist-prof-marija-pijaca-phd\/#primaryimage"},"image":{"@id":"https:\/\/jadranski-zavod.hazu.hr\/en\/editorial-board\/assist-prof-marija-pijaca-phd\/#primaryimage"},"thumbnailUrl":"https:\/\/jadranski-zavod.hazu.hr\/wp-content\/uploads\/2024\/03\/marija_pijaca.jpg","datePublished":"2024-05-13T13:25:12+00:00","dateModified":"2024-12-02T09:13:41+00:00","breadcrumb":{"@id":"https:\/\/jadranski-zavod.hazu.hr\/en\/editorial-board\/assist-prof-marija-pijaca-phd\/#breadcrumb"},"inLanguage":"en-US","potentialAction":[{"@type":"ReadAction","target":["https:\/\/jadranski-zavod.hazu.hr\/en\/editorial-board\/assist-prof-marija-pijaca-phd\/"]}]},{"@type":"ImageObject","inLanguage":"en-US","@id":"https:\/\/jadranski-zavod.hazu.hr\/en\/editorial-board\/assist-prof-marija-pijaca-phd\/#primaryimage","url":"https:\/\/jadranski-zavod.hazu.hr\/wp-content\/uploads\/2024\/03\/marija_pijaca.jpg","contentUrl":"https:\/\/jadranski-zavod.hazu.hr\/wp-content\/uploads\/2024\/03\/marija_pijaca.jpg"},{"@type":"BreadcrumbList","@id":"https:\/\/jadranski-zavod.hazu.hr\/en\/editorial-board\/assist-prof-marija-pijaca-phd\/#breadcrumb","itemListElement":[{"@type":"ListItem","position":1,"name":"Po\u010detna","item":"https:\/\/jadranski-zavod.hazu.hr\/en\/"},{"@type":"ListItem","position":2,"name":"Editorial Board","item":"https:\/\/jadranski-zavod.hazu.hr\/en\/editorial-board\/"},{"@type":"ListItem","position":3,"name":"Associate Professor Marija Pijaca, PhD"}]},{"@type":"WebSite","@id":"https:\/\/jadranski-zavod.hazu.hr\/en\/#website","url":"https:\/\/jadranski-zavod.hazu.hr\/en\/","name":"Jadranski zavod","description":"Croatian Academy of Sciences and Arts","potentialAction":[{"@type":"SearchAction","target":{"@type":"EntryPoint","urlTemplate":"https:\/\/jadranski-zavod.hazu.hr\/en\/?s={search_term_string}"},"query-input":{"@type":"PropertyValueSpecification","valueRequired":true,"valueName":"search_term_string"}}],"inLanguage":"en-US"}]}},"taxonomy_info":[],"featured_image_src_large":false,"author_info":{"display_name":"Jadranski zavod","author_link":"https:\/\/jadranski-zavod.hazu.hr\/en\/author\/jsinovcicperkovic\/"},"comment_info":0,"_links":{"self":[{"href":"https:\/\/jadranski-zavod.hazu.hr\/en\/wp-json\/wp\/v2\/pages\/1930","targetHints":{"allow":["GET"]}}],"collection":[{"href":"https:\/\/jadranski-zavod.hazu.hr\/en\/wp-json\/wp\/v2\/pages"}],"about":[{"href":"https:\/\/jadranski-zavod.hazu.hr\/en\/wp-json\/wp\/v2\/types\/page"}],"author":[{"embeddable":true,"href":"https:\/\/jadranski-zavod.hazu.hr\/en\/wp-json\/wp\/v2\/users\/2"}],"replies":[{"embeddable":true,"href":"https:\/\/jadranski-zavod.hazu.hr\/en\/wp-json\/wp\/v2\/comments?post=1930"}],"version-history":[{"count":4,"href":"https:\/\/jadranski-zavod.hazu.hr\/en\/wp-json\/wp\/v2\/pages\/1930\/revisions"}],"predecessor-version":[{"id":3116,"href":"https:\/\/jadranski-zavod.hazu.hr\/en\/wp-json\/wp\/v2\/pages\/1930\/revisions\/3116"}],"up":[{"embeddable":true,"href":"https:\/\/jadranski-zavod.hazu.hr\/en\/wp-json\/wp\/v2\/pages\/1906"}],"wp:attachment":[{"href":"https:\/\/jadranski-zavod.hazu.hr\/en\/wp-json\/wp\/v2\/media?parent=1930"}],"curies":[{"name":"wp","href":"https:\/\/api.w.org\/{rel}","templated":true}]}}