{"id":1926,"date":"2024-05-13T11:10:23","date_gmt":"2024-05-13T11:10:23","guid":{"rendered":"https:\/\/jadranski-zavod.hazu.hr?page_id=1926"},"modified":"2024-12-02T09:44:59","modified_gmt":"2024-12-02T08:44:59","slug":"associate-professor-petra-perisic-phd","status":"publish","type":"page","link":"https:\/\/jadranski-zavod.hazu.hr\/en\/editorial-board\/associate-professor-petra-perisic-phd\/","title":{"rendered":"Associate Professor Petra Peri\u0161i\u0107, PhD"},"content":{"rendered":"\n<div class=\"wp-block-columns is-layout-flex wp-container-core-columns-is-layout-9d6595d7 wp-block-columns-is-layout-flex\">\n<div class=\"wp-block-column is-layout-flow wp-block-column-is-layout-flow\" style=\"flex-basis:33.33%\">\n<figure class=\"wp-block-image size-full\"><img decoding=\"async\" width=\"566\" height=\"865\" src=\"https:\/\/jadranski-zavod.hazu.hr\/wp-content\/uploads\/2024\/03\/petra_perisic.jpg\" alt=\"\" class=\"wp-image-822\" srcset=\"https:\/\/jadranski-zavod.hazu.hr\/wp-content\/uploads\/2024\/03\/petra_perisic.jpg 566w, https:\/\/jadranski-zavod.hazu.hr\/wp-content\/uploads\/2024\/03\/petra_perisic-196x300.jpg 196w\" sizes=\"(max-width: 566px) 100vw, 566px\" \/><\/figure>\n<\/div>\n\n\n\n<div class=\"wp-block-column has-theme-palette-8-background-color has-background is-layout-flow wp-block-column-is-layout-flow\" style=\"padding-top:var(--wp--preset--spacing--40);padding-right:var(--wp--preset--spacing--40);padding-bottom:var(--wp--preset--spacing--40);padding-left:var(--wp--preset--spacing--40);flex-basis:66.66%\">\n<p><strong>Associate Professor PETRA PERI\u0160I\u0106, PhD<\/strong><\/p>\n\n\n\n<p>University of Rijeka, Faculty of Law<br>Hahli\u0107 6<br>51000 Rijeka, Croatia<br>Email: <strong>petra.perisic@pravri.uniri.hr<\/strong><\/p>\n\n\n\n<p><strong>PERSONAL INFORMATION<\/strong><\/p>\n\n\n\n<p>Date of birth: 1980<\/p>\n\n\n\n<p><strong>EDUCATION<\/strong><\/p>\n\n\n\n<ul class=\"wp-block-list\">\n<li>2004 \u2013 Lawyer, University of Rijeka, Faculty of Law<\/li>\n\n\n\n<li>2009 \u2013 Master of Laws (LLM), Faculty of Law, University of Split<\/li>\n\n\n\n<li>2012 \u2013 Doctor of Law (PhD), Faculty of Law, University of Zagreb<\/li>\n<\/ul>\n\n\n\n<p><strong>WORK EXPERIENCE<\/strong><\/p>\n\n\n\n<ul class=\"wp-block-list\">\n<li>2005-2006 \u2013 Notary Public Apprentice, Notary Public Office Vesna \u0106uzela, Rijeka<\/li>\n\n\n\n<li>2006-2012 \u2013 Teaching Assistant, University of Rijeka, Faculty of Law<\/li>\n\n\n\n<li>2012-2016 \u2013 Senior Teaching Assistant, University of Rijeka, Faculty of Law<\/li>\n\n\n\n<li>2016-2021 \u2013 Assistant Professor, University of Rijeka, Faculty of Law<\/li>\n\n\n\n<li>2021 &#8211; Associate Professor, University of Rijeka, Faculty of Law<\/li>\n<\/ul>\n\n\n\n<p><strong>TRAINING<\/strong><\/p>\n\n\n\n<ul class=\"wp-block-list\">\n<li>2008 \u2013 European University Institute, Florence, Italy<\/li>\n\n\n\n<li>2014 \u2013 The Hague Academy of International Law, The Haag, The Netherlands<\/li>\n\n\n\n<li>2019 \u2013 Europa-Institut, Saarbr\u00fccken, Germany<\/li>\n<\/ul>\n\n\n\n<p><strong>TEACHING<\/strong><\/p>\n\n\n\n<ul class=\"wp-block-list\">\n<li>Integrated Study of Law: International Law, International law seminar, International Law of the Sea, The Law of International Organizations<\/li>\n\n\n\n<li>Erasmus students: International Law, International Law of the Sea<\/li>\n<\/ul>\n\n\n\n<p><strong>PROFESSIONAL AND SCIENTIFIC ACTIVITIES<\/strong><\/p>\n\n\n\n<p><strong>Projects<\/strong><\/p>\n\n\n\n<ul class=\"wp-block-list\">\n<li>115-1152437-2490 Human Rights and Minority Rights in the European Legal Space (project supervisor prof. V. Crni\u0107-Groti\u0107)<\/li>\n\n\n\n<li>Providentia Studiorum Iuris \u2013 Improving the Quality of Studying at Law Faculties in Croatia (project supervisor prof. Dario \u0110er\u0111a), 2019-2022 \u2013 Operating program Human resources 2014-2020, funded by European Social Fund<\/li>\n<\/ul>\n\n\n\n<p><strong>Conferences (selection)<\/strong><\/p>\n\n\n\n<ol class=\"wp-block-list\">\n<li>New Tendencies in the Sphere of International Legal Personality of Individuals, International Conference on Interdisciplinary Social Sciences, Split, 12 June 2015<\/li>\n\n\n\n<li>Status of the \u201cResponsibility to Protect (RtoP)\u201d Doctrine in Light of the Conflicts in Libya and Syria, 12<sup>th<\/sup> International Conference on Social Sciences, Amsterdam, The Netherlands, 19 May 2017<\/li>\n\n\n\n<li>Maritime Delimitation between the Republic of Croatia and the Republic of Slovenia in the Bay of Piran, IISES 2<sup>nd<\/sup> Law and Political Science Conference, Prag, Czech Republic, 11 June 2018<\/li>\n\n\n\n<li>Military Intervention in International Law \u2013 Changing of a Traditional Paradigm, Legal Tradition and New Legal Challenges, Novi Sad, Serbia, 3-4 October 2019<\/li>\n\n\n\n<li>Attribution of Conduct in UN Peacekeeping Operations, Legal Tradition and New Legal Challenges, Novi Sad, Serbia, 2 October 2020<\/li>\n\n\n\n<li>Push-backs of Migrants at Sea and the Principle of Non-refoulement, The Law of the Future \u2013 The Future of Law, Pan-European University, Faculty of Law, Bratislava, Slovakia, 16 October 2021<\/li>\n\n\n\n<li>Children on the Move: A Protection-Based Approach to Unaccompanied Migrant Minors in International Law, Life in the Time of COVID-19 &#8211; Social Implications on the Security and Well-being of Vulnerable Groups in the European Context, Rijeka, 8 July 2022<\/li>\n\n\n\n<li>Dalla \u201eZona di protezione ittica e ambientale\u201c alla zona economica esclusiva \u2013 i diritti sovrani e la giurisdizione della Repubblica di Croazia nell&#8217;Adriatico, Giornata di studio del Nord Adriatico \u2013 temi giuridici di attualit\u00e0, 29 September 2022 ( coauthor professor Igor Vio)<\/li>\n\n\n\n<li>Annex G of the Agreement on Succession Issues (2001) \u2013 Self-executing or Not?, Conference in Memory of Prof. Emer. V.-\u0110. Degan, Rijeka, 31 March 2023 (coauthors professor V. Crni\u0107-Groti\u0107 and professor S. Fabijani\u0107 Gagro)<\/li>\n\n\n\n<li>Uloga me\u0111unarodnih i regionalnih sudskih i kvazisudskih tijela u borbi protiv klimatskih promjena (The Role of International and Regional Judicial and Quasi-judicial Bodies in the Fight against Climate Change), Godi\u0161nji skup Akademije pravnih znanosti Hrvatske\/Annual Meeting of the Croatian Academy of Legal Sciences), Osijek, 18-19 May 2023<\/li>\n<\/ol>\n\n\n\n<p><strong>Summer schools \/ webinars \/ roundtables<\/strong><\/p>\n\n\n\n<ol class=\"wp-block-list\">\n<li>Summer school \u201eProtection of Ethnic Minorities\u201c SEELS, lecture on the topic of \u201eThe Right to Self-determination in International Law with Specific Reference to the Proclamation of the Kosovo Independence\u201c, Durr\u00ebs, Albania, 9 September 2017<\/li>\n\n\n\n<li>Summer school \u201eDiplomacy &amp; Law\u201c, ELSA Rijeka, lecture on the topic of \u201ePeaceful Settlement of the Maritime Dispute between the Republic of Croatia and the Republic of Slovenia\u201c, Rijeka, 19 July 2018<\/li>\n\n\n\n<li>Webinar \u201eIntroduction to the Law of the Sea\u201c for the students from the University of Opole, Poland, 7 March 2023<\/li>\n\n\n\n<li>Roundtable on the topic of \u201eCultural Heritage and Climate Change\u201c for the students from the Mathias Corvinus Collegium from Budapest, Mi\u0161kolc, Hungary, 23 November 2023<\/li>\n<\/ol>\n\n\n\n<p><strong>MEMBERSHIPS IN EDITORIAL BOARDS<\/strong><\/p>\n\n\n\n<ul class=\"wp-block-list\">\n<li>Zbornika radova Pravnog fakulteta Sveu\u010dili\u0161ta u Rijeci \/ Collected Papers of the Faculty of Law University of Rijeka, member<\/li>\n\n\n\n<li>Poredbeno pomorsko pravo = Comparative Maritime Law, member<\/li>\n\n\n\n<li>Acta Universitatis Danubius Juridica, member<\/li>\n<\/ul>\n\n\n\n<p><strong>PERSONAL SKILLS AND COMPETENCES<\/strong><\/p>\n\n\n\n<p>Languages: Croatian; English, basic Italian<\/p>\n\n\n\n<p><strong>BIBLIOGRAPHY<\/strong><\/p>\n\n\n\n<p><strong>Articles<\/strong><\/p>\n\n\n\n<ol class=\"wp-block-list\">\n<li>Peri\u0161i\u0107, Petra<br>Institut historijskog zaljeva s osvrtom na zahtjev Republike Slovenije za Savudrijskom<br>valom \/ Historic Bays with Specific Reference to the Claim of the Republic of Slovenia to the Savudrija Bay                                                                                                                                                 Zbornik Pravnog fakulteta u Zagrebu \/ Collected Papers of Zagreb Law Faculty, vol. 60 (2010), no. 6, pp. 1369-1390<\/li>\n\n\n\n<li>Peri\u0161i\u0107, Petra<br>Dopustivost oru\u017eanih intervencija radi spa\u0161avanja vlastitih dr\u017eavljana u inozemstvu \/ Permissibility of Military Interventions for the Protection of Nationals Abroad                                           Zbornik Pravnog fakulteta Sveu\u010dili\u0161ta u Rijeci \/ Collected Papers of the Faculty of Law University of Rijeka, vol. 33 (2012), no. 2, pp. 747-765<\/li>\n\n\n\n<li>Peri\u0161i\u0107, Petra<br>Pravo naroda na vanjsko samoodre\u0111enje izvan kolonijalnog konteksta i slu\u010daj progla\u0161enja<br>nezavisnosti Kosova \/ The Right of Peoples to External Self-determination Outside of the Colonial Context and the Proclamation of the Kosovo Independence                                                           Zbornik Pravnog fakulteta Sveu\u010dili\u0161ta u Rijeci \/ Collected Papers of the Faculty of Law University of Rijeka, vol. 34 (2013), no. 2, pp. 761-783<\/li>\n\n\n\n<li>Peri\u0161i\u0107, Petra<br>Preventivna samoobrana i me\u0111unarodno pravo \/ Preventive Self-defence and International Law Zbornik radova Pravnog fakulteta u Splitu                                                                                               Collected Papers of the Faculty of Law in Split, vol. 51 (2014), no. 1, pp. 509-525<\/li>\n\n\n\n<li>Peri\u0161i\u0107, Petra; \u0160tifani\u0107, Toni<br>Ambiguity of the \u201cPeaceful Purposes\u201d Principle in the Outer Space Law \/ Proces preobrazbe<br>hrvatskog visokoobrazovnog sustava                                                                                                                              Pravni fakultet u Rijeci, Rijeka, 12 December 2014<\/li>\n\n\n\n<li>Peri\u0161i\u0107, Petra<br>Some Remarks on the International Legal Personality of Individuals                                                                         The Comparative and International Law Journal of Southern Africa, vol. XLIX (2016), no. 2, pp. 223-246<\/li>\n\n\n\n<li>Peri\u0161i\u0107, Petra<br>Implications of the Conflicts in Libya and Syria for the \u201eResponsibility to Protect\u201c Doctrine<br>Zbornik Pravnog fakulteta u Zagrebu \/ Collected Papers of Zagreb Law Faculty, vol. 67 (2017), no. 5, pp. 783-814<\/li>\n\n\n\n<li>Peri\u0161i\u0107, Petra<br>Maritime Delimitation between the Republic of Croatia and the Republic of Slovenia in the Bay<br>of Piran                                                                                                                                                            Proceedings of the 2nd Law and Political Science Conference, Prague, 2018, pp. 35-49<\/li>\n\n\n\n<li>Peri\u0161i\u0107, Petra<br>Intervention by Invitation \u2013 When Can Consent from a Host State Justify Foreign Military<br>Intervention?                                                                                                                                                       Russian Law Journal, 2019, no. 4, pp. 4-29<\/li>\n\n\n\n<li>Peri\u0161i\u0107, Petra<br>Attribution of Conduct in UN Peacekeeping Operations                                                                              P\u00e9cs Journal of International and European Law, vol. I (2020), pp. 9-23<\/li>\n\n\n\n<li>Peri\u0161i\u0107, Petra; Ostoji\u0107, Paulina<br>Pushbacks of Migrants in the Mediterranean \u2013 Reconciling Border Control Measures and Obligation to Protect Human Rights                                                                                                         Poredbeno pomorsko pravo = Comparative Maritime Law, vol. 61 (2022), no. 176, pp. 585-614<\/li>\n\n\n\n<li>Crni\u0107-Groti\u0107, Vesna; Fabijani\u0107 Gagro, Sandra; Peri\u0161i\u0107, Petra<br>Annex G of the 2001 Agreement on Succession Issues: Self-executing or Not?                                  Poredbeno pomorsko pravo = Comparative Maritime Law, vol. 62 (2023), no. 177, pp. 95-121<\/li>\n<\/ol>\n\n\n\n<p><strong><a href=\"https:\/\/jadranski-zavod.hazu.hr\/en\/editorial-board\/\">&lt;&lt;&lt; Back to the Editorial Board<\/a><\/strong><\/p>\n<\/div>\n<\/div>\n","protected":false},"excerpt":{"rendered":"<p>Associate Professor PETRA PERI\u0160I\u0106, PhD University of Rijeka, Faculty of LawHahli\u0107 651000 Rijeka, CroatiaEmail: petra.perisic@pravri.uniri.hr PERSONAL INFORMATION Date of birth: 1980 EDUCATION WORK EXPERIENCE TRAINING TEACHING PROFESSIONAL AND SCIENTIFIC ACTIVITIES Projects Conferences (selection) Summer schools \/ webinars \/ roundtables MEMBERSHIPS IN EDITORIAL BOARDS PERSONAL SKILLS AND COMPETENCES Languages: Croatian; English, basic Italian BIBLIOGRAPHY Articles &lt;&lt;&lt;&#8230;<\/p>\n","protected":false},"author":2,"featured_media":0,"parent":1906,"menu_order":0,"comment_status":"closed","ping_status":"closed","template":"","meta":{"_acf_changed":false,"_kad_blocks_custom_css":"","_kad_blocks_head_custom_js":"","_kad_blocks_body_custom_js":"","_kad_blocks_footer_custom_js":"","_kad_post_transparent":"","_kad_post_title":"","_kad_post_layout":"","_kad_post_sidebar_id":"","_kad_post_content_style":"","_kad_post_vertical_padding":"","_kad_post_feature":"","_kad_post_feature_position":"","_kad_post_header":false,"_kad_post_footer":false,"footnotes":""},"class_list":["post-1926","page","type-page","status-publish","hentry"],"acf":[],"yoast_head":"<!-- This site is optimized with the Yoast SEO plugin v23.8 - https:\/\/yoast.com\/wordpress\/plugins\/seo\/ -->\n<title>Associate Professor Petra Peri\u0161i\u0107, PhD - Adriatic Institute<\/title>\n<meta name=\"robots\" content=\"index, follow, max-snippet:-1, max-image-preview:large, max-video-preview:-1\" \/>\n<link rel=\"canonical\" href=\"https:\/\/jadranski-zavod.hazu.hr\/en\/editorial-board\/associate-professor-petra-perisic-phd\/\" \/>\n<script type=\"application\/ld+json\" class=\"yoast-schema-graph\">{\"@context\":\"https:\/\/schema.org\",\"@graph\":[{\"@type\":\"WebPage\",\"@id\":\"https:\/\/jadranski-zavod.hazu.hr\/en\/editorial-board\/associate-professor-petra-perisic-phd\/\",\"url\":\"https:\/\/jadranski-zavod.hazu.hr\/en\/editorial-board\/associate-professor-petra-perisic-phd\/\",\"name\":\"Associate Professor Petra Peri\u0161i\u0107, PhD - Adriatic Institute\",\"isPartOf\":{\"@id\":\"https:\/\/jadranski-zavod.hazu.hr\/en\/#website\"},\"primaryImageOfPage\":{\"@id\":\"https:\/\/jadranski-zavod.hazu.hr\/en\/editorial-board\/associate-professor-petra-perisic-phd\/#primaryimage\"},\"image\":{\"@id\":\"https:\/\/jadranski-zavod.hazu.hr\/en\/editorial-board\/associate-professor-petra-perisic-phd\/#primaryimage\"},\"thumbnailUrl\":\"https:\/\/jadranski-zavod.hazu.hr\/wp-content\/uploads\/2024\/03\/petra_perisic.jpg\",\"datePublished\":\"2024-05-13T11:10:23+00:00\",\"dateModified\":\"2024-12-02T08:44:59+00:00\",\"breadcrumb\":{\"@id\":\"https:\/\/jadranski-zavod.hazu.hr\/en\/editorial-board\/associate-professor-petra-perisic-phd\/#breadcrumb\"},\"inLanguage\":\"en-US\",\"potentialAction\":[{\"@type\":\"ReadAction\",\"target\":[\"https:\/\/jadranski-zavod.hazu.hr\/en\/editorial-board\/associate-professor-petra-perisic-phd\/\"]}]},{\"@type\":\"ImageObject\",\"inLanguage\":\"en-US\",\"@id\":\"https:\/\/jadranski-zavod.hazu.hr\/en\/editorial-board\/associate-professor-petra-perisic-phd\/#primaryimage\",\"url\":\"https:\/\/jadranski-zavod.hazu.hr\/wp-content\/uploads\/2024\/03\/petra_perisic.jpg\",\"contentUrl\":\"https:\/\/jadranski-zavod.hazu.hr\/wp-content\/uploads\/2024\/03\/petra_perisic.jpg\"},{\"@type\":\"BreadcrumbList\",\"@id\":\"https:\/\/jadranski-zavod.hazu.hr\/en\/editorial-board\/associate-professor-petra-perisic-phd\/#breadcrumb\",\"itemListElement\":[{\"@type\":\"ListItem\",\"position\":1,\"name\":\"Po\u010detna\",\"item\":\"https:\/\/jadranski-zavod.hazu.hr\/en\/\"},{\"@type\":\"ListItem\",\"position\":2,\"name\":\"Editorial Board\",\"item\":\"https:\/\/jadranski-zavod.hazu.hr\/en\/editorial-board\/\"},{\"@type\":\"ListItem\",\"position\":3,\"name\":\"Associate Professor Petra Peri\u0161i\u0107, PhD\"}]},{\"@type\":\"WebSite\",\"@id\":\"https:\/\/jadranski-zavod.hazu.hr\/en\/#website\",\"url\":\"https:\/\/jadranski-zavod.hazu.hr\/en\/\",\"name\":\"Jadranski zavod\",\"description\":\"Croatian Academy of Sciences and Arts\",\"potentialAction\":[{\"@type\":\"SearchAction\",\"target\":{\"@type\":\"EntryPoint\",\"urlTemplate\":\"https:\/\/jadranski-zavod.hazu.hr\/en\/?s={search_term_string}\"},\"query-input\":{\"@type\":\"PropertyValueSpecification\",\"valueRequired\":true,\"valueName\":\"search_term_string\"}}],\"inLanguage\":\"en-US\"}]}<\/script>\n<!-- \/ Yoast SEO plugin. -->","yoast_head_json":{"title":"Associate Professor Petra Peri\u0161i\u0107, PhD - Adriatic Institute","robots":{"index":"index","follow":"follow","max-snippet":"max-snippet:-1","max-image-preview":"max-image-preview:large","max-video-preview":"max-video-preview:-1"},"canonical":"https:\/\/jadranski-zavod.hazu.hr\/en\/editorial-board\/associate-professor-petra-perisic-phd\/","schema":{"@context":"https:\/\/schema.org","@graph":[{"@type":"WebPage","@id":"https:\/\/jadranski-zavod.hazu.hr\/en\/editorial-board\/associate-professor-petra-perisic-phd\/","url":"https:\/\/jadranski-zavod.hazu.hr\/en\/editorial-board\/associate-professor-petra-perisic-phd\/","name":"Associate Professor Petra Peri\u0161i\u0107, PhD - Adriatic Institute","isPartOf":{"@id":"https:\/\/jadranski-zavod.hazu.hr\/en\/#website"},"primaryImageOfPage":{"@id":"https:\/\/jadranski-zavod.hazu.hr\/en\/editorial-board\/associate-professor-petra-perisic-phd\/#primaryimage"},"image":{"@id":"https:\/\/jadranski-zavod.hazu.hr\/en\/editorial-board\/associate-professor-petra-perisic-phd\/#primaryimage"},"thumbnailUrl":"https:\/\/jadranski-zavod.hazu.hr\/wp-content\/uploads\/2024\/03\/petra_perisic.jpg","datePublished":"2024-05-13T11:10:23+00:00","dateModified":"2024-12-02T08:44:59+00:00","breadcrumb":{"@id":"https:\/\/jadranski-zavod.hazu.hr\/en\/editorial-board\/associate-professor-petra-perisic-phd\/#breadcrumb"},"inLanguage":"en-US","potentialAction":[{"@type":"ReadAction","target":["https:\/\/jadranski-zavod.hazu.hr\/en\/editorial-board\/associate-professor-petra-perisic-phd\/"]}]},{"@type":"ImageObject","inLanguage":"en-US","@id":"https:\/\/jadranski-zavod.hazu.hr\/en\/editorial-board\/associate-professor-petra-perisic-phd\/#primaryimage","url":"https:\/\/jadranski-zavod.hazu.hr\/wp-content\/uploads\/2024\/03\/petra_perisic.jpg","contentUrl":"https:\/\/jadranski-zavod.hazu.hr\/wp-content\/uploads\/2024\/03\/petra_perisic.jpg"},{"@type":"BreadcrumbList","@id":"https:\/\/jadranski-zavod.hazu.hr\/en\/editorial-board\/associate-professor-petra-perisic-phd\/#breadcrumb","itemListElement":[{"@type":"ListItem","position":1,"name":"Po\u010detna","item":"https:\/\/jadranski-zavod.hazu.hr\/en\/"},{"@type":"ListItem","position":2,"name":"Editorial Board","item":"https:\/\/jadranski-zavod.hazu.hr\/en\/editorial-board\/"},{"@type":"ListItem","position":3,"name":"Associate Professor Petra Peri\u0161i\u0107, PhD"}]},{"@type":"WebSite","@id":"https:\/\/jadranski-zavod.hazu.hr\/en\/#website","url":"https:\/\/jadranski-zavod.hazu.hr\/en\/","name":"Jadranski zavod","description":"Croatian Academy of Sciences and Arts","potentialAction":[{"@type":"SearchAction","target":{"@type":"EntryPoint","urlTemplate":"https:\/\/jadranski-zavod.hazu.hr\/en\/?s={search_term_string}"},"query-input":{"@type":"PropertyValueSpecification","valueRequired":true,"valueName":"search_term_string"}}],"inLanguage":"en-US"}]}},"taxonomy_info":[],"featured_image_src_large":false,"author_info":{"display_name":"Jadranski zavod","author_link":"https:\/\/jadranski-zavod.hazu.hr\/en\/author\/jsinovcicperkovic\/"},"comment_info":0,"_links":{"self":[{"href":"https:\/\/jadranski-zavod.hazu.hr\/en\/wp-json\/wp\/v2\/pages\/1926","targetHints":{"allow":["GET"]}}],"collection":[{"href":"https:\/\/jadranski-zavod.hazu.hr\/en\/wp-json\/wp\/v2\/pages"}],"about":[{"href":"https:\/\/jadranski-zavod.hazu.hr\/en\/wp-json\/wp\/v2\/types\/page"}],"author":[{"embeddable":true,"href":"https:\/\/jadranski-zavod.hazu.hr\/en\/wp-json\/wp\/v2\/users\/2"}],"replies":[{"embeddable":true,"href":"https:\/\/jadranski-zavod.hazu.hr\/en\/wp-json\/wp\/v2\/comments?post=1926"}],"version-history":[{"count":5,"href":"https:\/\/jadranski-zavod.hazu.hr\/en\/wp-json\/wp\/v2\/pages\/1926\/revisions"}],"predecessor-version":[{"id":3108,"href":"https:\/\/jadranski-zavod.hazu.hr\/en\/wp-json\/wp\/v2\/pages\/1926\/revisions\/3108"}],"up":[{"embeddable":true,"href":"https:\/\/jadranski-zavod.hazu.hr\/en\/wp-json\/wp\/v2\/pages\/1906"}],"wp:attachment":[{"href":"https:\/\/jadranski-zavod.hazu.hr\/en\/wp-json\/wp\/v2\/media?parent=1926"}],"curies":[{"name":"wp","href":"https:\/\/api.w.org\/{rel}","templated":true}]}}