{"id":1906,"date":"2024-05-06T13:42:31","date_gmt":"2024-05-06T13:42:31","guid":{"rendered":"https:\/\/jadranski-zavod.hazu.hr?page_id=1906"},"modified":"2026-04-13T11:49:17","modified_gmt":"2026-04-13T10:49:17","slug":"editorial-board","status":"publish","type":"page","link":"https:\/\/jadranski-zavod.hazu.hr\/en\/editorial-board\/","title":{"rendered":"Editorial Board"},"content":{"rendered":"\n<p><strong>Editor-in-Chief<\/strong><br>Academician <a href=\"https:\/\/jadranski-zavod.hazu.hr\/en\/about\/staff#arsenbacic\"><strong>Arsen Ba\u010di\u0107<\/strong><\/a>, Fellow of the Croatian Academy of Sciences and Arts (Zagreb, Croatia)<\/p>\n\n\n\n<p><strong>Deputy Editor-in-Chief<\/strong><br>Prof. <a href=\"https:\/\/jadranski-zavod.hazu.hr\/en\/editorial-board\/professor-dorotea-coric-phd\/\"><strong>Dorotea \u0106ori\u0107<\/strong><\/a>, PhD (University of Rijeka, Faculty of Law, Rijeka, Croatia)<\/p>\n\n\n\n<p><strong>Executive Editor<\/strong><br>Ivana Gojni\u0107, mag. educ. croat. et soc. (Croatian Academy of Sciences and Arts, Adriatic Institute, Zagreb, Croatia)<\/p>\n\n\n\n<p><strong>Associate Editor<\/strong><br>Jakov Sinov\u010di\u0107-Perkovi\u0107, mag. bibl. (Croatian Academy of Sciences and Arts, Adriatic Institute, Zagreb, Croatia)<\/p>\n\n\n\n<p><strong>Editorial Board (International)<\/strong><\/p>\n\n\n\n<p>Prof. <strong><a href=\"https:\/\/jadranski-zavod.hazu.hr\/en\/editorial-board\/professor-alfredo-antonini\/\">Alfredo Antonini<\/a><\/strong> (University of Udine, Udine, Italy)<br>Prof. <strong><a href=\"https:\/\/jadranski-zavod.hazu.hr\/en\/editorial-board\/prof-david-j-attard-phd\/\">David J. Attard<\/a><\/strong>, PhD (International Tribunal for the Law of the Sea, Hamburg, Germany)<br>Assoc. Prof. <strong><a href=\"https:\/\/jadranski-zavod.hazu.hr\/en\/editorial-board\/assoc-prof-daniele-casciano-phd\/\">Daniele Casciano<\/a><\/strong>, PhD (University of Udine, Udine, Italy)<br>Prof. <strong><a href=\"https:\/\/jadranski-zavod.hazu.hr\/en\/editorial-board\/professor-martin-davies-d-c-l-oxon-m-a-oxon-ll-m-harv\/\">Martin Davies<\/a><\/strong> (Tulane University School of Law, Tulane Maritime Law Center, USA)<br>Dr. <strong><a href=\"https:\/\/jadranski-zavod.hazu.hr\/en\/editorial-board\/dr-shengnan-jia\/\">Shengnan Jia<\/a><\/strong>, PhD (Navigation College, Jimei University, Xiamen, China)<br>Assoc. Prof. <strong><a href=\"https:\/\/jadranski-zavod.hazu.hr\/en\/editorial-board\/assoc-prof-rocco-lobianco-phd\/\">Rocco Lobianco<\/a><\/strong>, PhD (University of Udine, Udine, Italy)<br>Prof. <strong><a href=\"https:\/\/jadranski-zavod.hazu.hr\/en\/editorial-board\/prof-avv-massimiliano-musi\/\">Massimiliano Musi<\/a><\/strong>, PhD (University of Bologna, Bologna, Italy)<br>Assoc. Prof. <strong><a href=\"https:\/\/jadranski-zavod.hazu.hr\/en\/editorial-board\/assoc-prof-elena-orru\/\">Elena Orr\u00f9<\/a><\/strong>, PhD (University of Bologna, Bologna, Italy)<br>Prof. <strong><a href=\"https:\/\/jadranski-zavod.hazu.hr\/en\/editorial-board\/prof-caslav-pejovic-phd\/\">\u010caslav Pejovi\u0107<\/a><\/strong>, PhD (Kyushu University, Fukuoka, Japan)<br>Prof. <strong><a href=\"https:\/\/jadranski-zavod.hazu.hr\/en\/editorial-board\/prof-maria-victoria-petit-lavall-phd\/\">Maria Victoria Petit Lavall<\/a><\/strong>, PhD (University Jaume I, Castell\u00f3n, Spain)<br>Prof. Emer. <strong><a href=\"https:\/\/jadranski-zavod.hazu.hr\/en\/editorial-board\/prof-emer-d-rhidian-thomas-phd\/\">D. Rhidian Thomas<\/a><\/strong> (Swansea University, Swansea, Wales, UK)<br>Prof. <strong><a href=\"https:\/\/jadranski-zavod.hazu.hr\/en\/editorial-board\/assoc-prof-patricia-vella-de-fremeaux-phd\/\">Patricia Vella de Fremeaux<\/a><\/strong>, PhD (University of Malta, Msida, Malta)<br>Prof. <strong><a href=\"https:\/\/jadranski-zavod.hazu.hr\/en\/editorial-board\/professor-stefano-zunarelli-phd\/\">Stefano Zunarelli<\/a><\/strong>, PhD (University of Bologna, Bologna, Italy)<\/p>\n\n\n\n<p><strong>Editorial Board (Croatia)<\/strong><\/p>\n\n\n\n<p>Prof. <strong><a href=\"https:\/\/jadranski-zavod.hazu.hr\/en\/editorial-board\/professor-vesna-baric-punda-phd\/\">Vesna Bari\u0107 Punda<\/a><\/strong>, PhD (University of Split, Faculty of Law, Split, Croatia)<br>Prof. <strong><a href=\"https:\/\/jadranski-zavod.hazu.hr\/en\/editorial-board\/professor-dragan-bolanca-phd\/\">Dragan Bolan\u010da<\/a><\/strong>, PhD (Pomorsko savjetovanje Bolan\u010da d.o.o., Split, Croatia)<br><strong><a href=\"https:\/\/jadranski-zavod.hazu.hr\/en\/about\/djelatnici\/#bozenabulum\">Bo\u017eena Bulum<\/a><\/strong>, PhD (Croatian Academy of Sciences and Arts, Adriatic Institute, Zagreb, Croatia)<br>Emer. Prof. <strong><a href=\"https:\/\/jadranski-zavod.hazu.hr\/en\/editorial-board\/professor-emeritus-ivo-grabovac-ph-d\/\">Ivo Grabovac<\/a><\/strong>, PhD (University of Split, Split, Croatia)<br>Prof. <strong><a href=\"https:\/\/jadranski-zavod.hazu.hr\/en\/editorial-board\/professor-ivana-kunda-phd\/\">Ivana Kunda<\/a><\/strong>, PhD (University of Rijeka, Faculty of Law, Rijeka, Croatia)<br>Assoc. Prof. <strong><a href=\"https:\/\/jadranski-zavod.hazu.hr\/en\/editorial-board\/associate-professor-nikola-mandic-phd\/\">Nikola Mandi\u0107<\/a><\/strong>, PhD (University of Split, Faculty of Maritime Studies, Split, Croatia)<br>Prof. <strong><a href=\"https:\/\/jadranski-zavod.hazu.hr\/en\/editorial-board\/prof-jasenko-marin-phd\/\">Jasenko Marin<\/a><\/strong>, PhD (University of Zagreb, Faculty of Law, Zagreb, Croatia)<br>Assoc. Prof. <strong><a href=\"https:\/\/jadranski-zavod.hazu.hr\/en\/about\/djelatnici\/#adrianapadovan\">Adriana Vincenca Padovan<\/a><\/strong>, PhD (Croatian Academy of Sciences and Arts, Adriatic Institute, Zagreb, Croatia)<br>Assoc. Prof. <strong><a href=\"https:\/\/jadranski-zavod.hazu.hr\/en\/editorial-board\/associate-professor-petra-perisic-phd\/\">Petra Peri\u0161i\u0107<\/a><\/strong>, PhD (University of Rijeka, Faculty of Law, Rijeka, Croatia)<br>Prof. <strong><a href=\"https:\/\/jadranski-zavod.hazu.hr\/en\/editorial-board\/professor-ranka-petrinovic-phd\/\">Ranka Petrinovi\u0107<\/a><\/strong>, PhD (University of Split, Faculty of Maritime Studies, Split, Croatia)<br>Assoc. Prof. <strong><a href=\"https:\/\/jadranski-zavod.hazu.hr\/en\/editorial-board\/assist-prof-marija-pijaca-phd\/\">Marija Pijaca<\/a><\/strong>, PhD (University of Zadar, Maritime Department, Zadar, Croatia)<br>Prof. <strong><a href=\"https:\/\/jadranski-zavod.hazu.hr\/en\/editorial-board\/professor-davorin-rudolf-jr-phd\/\">Davorin Rudolf, Jr.<\/a><\/strong>, PhD (University of Split, Faculty of Law, Split, Croatia)<br><strong><a href=\"https:\/\/jadranski-zavod.hazu.hr\/en\/about\/djelatnici\/#vesnaskorupanwolff\">Vesna Skorupan Wolff<\/a><\/strong>, PhD (Croatian Academy of Sciences and Arts, Adriatic Institute, Zagreb, Croatia)<br>Assoc. Prof. <strong><a href=\"https:\/\/jadranski-zavod.hazu.hr\/en\/editorial-board\/prof-gordan-stankovic-phd\/\">Gordan Stankovi\u0107<\/a><\/strong>, PhD (Attorneys at law Vuki\u0107, Jelu\u0161i\u0107, \u0160ulina, Stankovi\u0107, Jurcan &amp; Jabuka, Rijeka, Croatia)<br>Asst. Prof. <strong><a href=\"https:\/\/jadranski-zavod.hazu.hr\/en\/editorial-board\/assist-prof-trpimir-mihael-sosic-phd\/\">Trpimir Mihael \u0160o\u0161i\u0107<\/a><\/strong>, PhD (University of Zagreb, Faculty of Law, Zagreb, Croatia)<br>Assoc. Prof. <strong><a href=\"https:\/\/jadranski-zavod.hazu.hr\/en\/editorial-board\/associate-professor-iva-tuhtan-grgic-phd\/\">Iva Tuhtan Grgi\u0107<\/a><\/strong>, PhD (University of Rijeka, Faculty of Law, Rijeka, Croatia)<br>Assoc. Prof. <a href=\"https:\/\/jadranski-zavod.hazu.hr\/en\/associate-professor-igor-vio-phd\/\"><strong>Igor Vio<\/strong><\/a>, PhD (University of Rijeka, Faculty of Maritime Studies, Rijeka, Croatia)<\/p>\n","protected":false},"excerpt":{"rendered":"<p>Editor-in-ChiefAcademician Arsen Ba\u010di\u0107, Fellow of the Croatian Academy of Sciences and Arts (Zagreb, Croatia) Deputy Editor-in-ChiefProf. Dorotea \u0106ori\u0107, PhD (University of Rijeka, Faculty of Law, Rijeka, Croatia) Executive EditorIvana Gojni\u0107, mag. educ. croat. et soc. (Croatian Academy of Sciences and Arts, Adriatic Institute, Zagreb, Croatia) Associate EditorJakov Sinov\u010di\u0107-Perkovi\u0107, mag. bibl. (Croatian Academy of Sciences and&#8230;<\/p>\n","protected":false},"author":2,"featured_media":0,"parent":0,"menu_order":0,"comment_status":"closed","ping_status":"closed","template":"","meta":{"_acf_changed":false,"_kad_blocks_custom_css":"","_kad_blocks_head_custom_js":"","_kad_blocks_body_custom_js":"","_kad_blocks_footer_custom_js":"","_kad_post_transparent":"","_kad_post_title":"","_kad_post_layout":"","_kad_post_sidebar_id":"","_kad_post_content_style":"","_kad_post_vertical_padding":"","_kad_post_feature":"","_kad_post_feature_position":"","_kad_post_header":false,"_kad_post_footer":false,"footnotes":""},"class_list":["post-1906","page","type-page","status-publish","hentry"],"acf":[],"yoast_head":"<!-- This site is optimized with the Yoast SEO plugin v23.8 - https:\/\/yoast.com\/wordpress\/plugins\/seo\/ -->\n<title>Editorial Board - Adriatic Institute<\/title>\n<meta name=\"robots\" content=\"index, follow, max-snippet:-1, max-image-preview:large, max-video-preview:-1\" \/>\n<link rel=\"canonical\" href=\"https:\/\/jadranski-zavod.hazu.hr\/en\/editorial-board\/\" \/>\n<script type=\"application\/ld+json\" class=\"yoast-schema-graph\">{\"@context\":\"https:\/\/schema.org\",\"@graph\":[{\"@type\":\"WebPage\",\"@id\":\"https:\/\/jadranski-zavod.hazu.hr\/en\/editorial-board\/\",\"url\":\"https:\/\/jadranski-zavod.hazu.hr\/en\/editorial-board\/\",\"name\":\"Editorial Board - Adriatic Institute\",\"isPartOf\":{\"@id\":\"https:\/\/jadranski-zavod.hazu.hr\/en\/#website\"},\"datePublished\":\"2024-05-06T13:42:31+00:00\",\"dateModified\":\"2026-04-13T10:49:17+00:00\",\"breadcrumb\":{\"@id\":\"https:\/\/jadranski-zavod.hazu.hr\/en\/editorial-board\/#breadcrumb\"},\"inLanguage\":\"en-US\",\"potentialAction\":[{\"@type\":\"ReadAction\",\"target\":[\"https:\/\/jadranski-zavod.hazu.hr\/en\/editorial-board\/\"]}]},{\"@type\":\"BreadcrumbList\",\"@id\":\"https:\/\/jadranski-zavod.hazu.hr\/en\/editorial-board\/#breadcrumb\",\"itemListElement\":[{\"@type\":\"ListItem\",\"position\":1,\"name\":\"Po\u010detna\",\"item\":\"https:\/\/jadranski-zavod.hazu.hr\/en\/\"},{\"@type\":\"ListItem\",\"position\":2,\"name\":\"Editorial Board\"}]},{\"@type\":\"WebSite\",\"@id\":\"https:\/\/jadranski-zavod.hazu.hr\/en\/#website\",\"url\":\"https:\/\/jadranski-zavod.hazu.hr\/en\/\",\"name\":\"Jadranski zavod\",\"description\":\"Croatian Academy of Sciences and Arts\",\"potentialAction\":[{\"@type\":\"SearchAction\",\"target\":{\"@type\":\"EntryPoint\",\"urlTemplate\":\"https:\/\/jadranski-zavod.hazu.hr\/en\/?s={search_term_string}\"},\"query-input\":{\"@type\":\"PropertyValueSpecification\",\"valueRequired\":true,\"valueName\":\"search_term_string\"}}],\"inLanguage\":\"en-US\"}]}<\/script>\n<!-- \/ Yoast SEO plugin. -->","yoast_head_json":{"title":"Editorial Board - Adriatic Institute","robots":{"index":"index","follow":"follow","max-snippet":"max-snippet:-1","max-image-preview":"max-image-preview:large","max-video-preview":"max-video-preview:-1"},"canonical":"https:\/\/jadranski-zavod.hazu.hr\/en\/editorial-board\/","schema":{"@context":"https:\/\/schema.org","@graph":[{"@type":"WebPage","@id":"https:\/\/jadranski-zavod.hazu.hr\/en\/editorial-board\/","url":"https:\/\/jadranski-zavod.hazu.hr\/en\/editorial-board\/","name":"Editorial Board - Adriatic Institute","isPartOf":{"@id":"https:\/\/jadranski-zavod.hazu.hr\/en\/#website"},"datePublished":"2024-05-06T13:42:31+00:00","dateModified":"2026-04-13T10:49:17+00:00","breadcrumb":{"@id":"https:\/\/jadranski-zavod.hazu.hr\/en\/editorial-board\/#breadcrumb"},"inLanguage":"en-US","potentialAction":[{"@type":"ReadAction","target":["https:\/\/jadranski-zavod.hazu.hr\/en\/editorial-board\/"]}]},{"@type":"BreadcrumbList","@id":"https:\/\/jadranski-zavod.hazu.hr\/en\/editorial-board\/#breadcrumb","itemListElement":[{"@type":"ListItem","position":1,"name":"Po\u010detna","item":"https:\/\/jadranski-zavod.hazu.hr\/en\/"},{"@type":"ListItem","position":2,"name":"Editorial Board"}]},{"@type":"WebSite","@id":"https:\/\/jadranski-zavod.hazu.hr\/en\/#website","url":"https:\/\/jadranski-zavod.hazu.hr\/en\/","name":"Jadranski zavod","description":"Croatian Academy of Sciences and Arts","potentialAction":[{"@type":"SearchAction","target":{"@type":"EntryPoint","urlTemplate":"https:\/\/jadranski-zavod.hazu.hr\/en\/?s={search_term_string}"},"query-input":{"@type":"PropertyValueSpecification","valueRequired":true,"valueName":"search_term_string"}}],"inLanguage":"en-US"}]}},"taxonomy_info":[],"featured_image_src_large":false,"author_info":{"display_name":"Jadranski zavod","author_link":"https:\/\/jadranski-zavod.hazu.hr\/en\/author\/jsinovcicperkovic\/"},"comment_info":0,"_links":{"self":[{"href":"https:\/\/jadranski-zavod.hazu.hr\/en\/wp-json\/wp\/v2\/pages\/1906","targetHints":{"allow":["GET"]}}],"collection":[{"href":"https:\/\/jadranski-zavod.hazu.hr\/en\/wp-json\/wp\/v2\/pages"}],"about":[{"href":"https:\/\/jadranski-zavod.hazu.hr\/en\/wp-json\/wp\/v2\/types\/page"}],"author":[{"embeddable":true,"href":"https:\/\/jadranski-zavod.hazu.hr\/en\/wp-json\/wp\/v2\/users\/2"}],"replies":[{"embeddable":true,"href":"https:\/\/jadranski-zavod.hazu.hr\/en\/wp-json\/wp\/v2\/comments?post=1906"}],"version-history":[{"count":16,"href":"https:\/\/jadranski-zavod.hazu.hr\/en\/wp-json\/wp\/v2\/pages\/1906\/revisions"}],"predecessor-version":[{"id":3777,"href":"https:\/\/jadranski-zavod.hazu.hr\/en\/wp-json\/wp\/v2\/pages\/1906\/revisions\/3777"}],"wp:attachment":[{"href":"https:\/\/jadranski-zavod.hazu.hr\/en\/wp-json\/wp\/v2\/media?parent=1906"}],"curies":[{"name":"wp","href":"https:\/\/api.w.org\/{rel}","templated":true}]}}