{"id":1866,"date":"2024-05-03T12:50:15","date_gmt":"2024-05-03T12:50:15","guid":{"rendered":"https:\/\/jadranski-zavod.hazu.hr?page_id=1866"},"modified":"2024-11-29T13:54:41","modified_gmt":"2024-11-29T12:54:41","slug":"professor-emeritus-ivo-grabovac-ph-d","status":"publish","type":"page","link":"https:\/\/jadranski-zavod.hazu.hr\/en\/editorial-board\/professor-emeritus-ivo-grabovac-ph-d\/","title":{"rendered":"Professor Emeritus Ivo Grabovac, PhD"},"content":{"rendered":"\n<div class=\"wp-block-columns is-layout-flex wp-container-core-columns-is-layout-9d6595d7 wp-block-columns-is-layout-flex\">\n<div class=\"wp-block-column is-layout-flow wp-block-column-is-layout-flow\" style=\"flex-basis:33.33%\">\n<figure class=\"wp-block-image size-full is-resized\"><img decoding=\"async\" width=\"200\" height=\"245\" src=\"https:\/\/jadranski-zavod.hazu.hr\/wp-content\/uploads\/2024\/03\/grabovac.jpg\" alt=\"\" class=\"wp-image-876\" style=\"width:403px;height:auto\"\/><\/figure>\n<\/div>\n\n\n\n<div class=\"wp-block-column has-theme-palette-8-background-color has-background is-layout-flow wp-block-column-is-layout-flow\" style=\"padding-top:var(--wp--preset--spacing--40);padding-right:var(--wp--preset--spacing--40);padding-bottom:var(--wp--preset--spacing--40);padding-left:var(--wp--preset--spacing--40);flex-basis:66.66%\">\n<p><strong>Professor Emeritus<\/strong> <strong>IVO GRABOVAC, PhD<\/strong><br><br>Domovinskog rata 8<br>21000 Split<br>Croatia<\/p>\n\n\n\n<p><strong>PERSONAL INFORMATION<\/strong><\/p>\n\n\n\n<p>Year of birth: 1934 (Split)<\/p>\n\n\n\n<p><strong>EDUCATION <\/strong><\/p>\n\n\n\n<ul class=\"wp-block-list\">\n<li>Classical Gymnasium (Split)<\/li>\n\n\n\n<li>Degree in Law (LLB), Faculty of Law, University of Split<\/li>\n\n\n\n<li>1965 \u2013 &nbsp;Master of law (LLM), Faculty of Law, University of Split<\/li>\n\n\n\n<li>1967 \u2013 Doctor of law (PhD), Faculty of Law, University of Split<\/li>\n\n\n\n<li>In December 2004, he was awarded the honorary title of professor emeritus by the Senate of the University of Split in recognition of teaching and scientific excellence, as well as merits for the progress and development of the University of Split<\/li>\n<\/ul>\n\n\n\n<p><strong>WORK EXPERIENCE<\/strong><\/p>\n\n\n\n<ul class=\"wp-block-list\">\n<li>1961-1976 \u2013 Assistant, Assistant Professor, Associate Professor<\/li>\n\n\n\n<li>1976-2004 \u2013 full professor of Maritime and General Transport Law and Insurance Law at the Faculty of Law, University of Split<\/li>\n\n\n\n<li>2004 \u2013 retired<\/li>\n<\/ul>\n\n\n\n<p><strong>PROFESSIONAL EXPERIENCE<\/strong><\/p>\n\n\n\n<ul class=\"wp-block-list\">\n<li>He lectured at the Faculty of Maritime Studies, University of Split, and at the University Department of Maritime Studies &#8211; Marine Fisheries<\/li>\n\n\n\n<li>He was Dean (1978-1980, 1994-1996) and President of the Council (1991-1993) of the Faculty of Law, University of Split<\/li>\n\n\n\n<li>He is the founder of the Post-graduate study in Maritime Economy at the University of Split in 1976 (one generation), and one of the founders of the Post-graduate study of the &nbsp;Law of the Sea and Maritime Law of the Faculty of Law, University of Split (1979, thirteen generations); he was director of the programme in several mandates<\/li>\n\n\n\n<li>He lectured at various post-graduate studies in Croatia and abroad<\/li>\n\n\n\n<li>For many years, he was the editor of the Collected Papers of the Faculty of Law in Split, and now he is the editor of the Maritime Library at the Split Literary Club<\/li>\n\n\n\n<li>He participated in more than 60 scientific conferences and professional consultations in Croatia and abroad<\/li>\n\n\n\n<li>He participated in legislative drafting of maritime legislation (The Maritime Code of the Republic of Croatia<\/li>\n\n\n\n<li>He was engaged in lexicography<\/li>\n<\/ul>\n\n\n\n<p><strong>MEMBERSHIPS<\/strong><\/p>\n\n\n\n<ul class=\"wp-block-list\">\n<li>He has been an associate member of the Croatian Academy of Sciences and Arts &#8211; Department of Social Sciences since 1998<\/li>\n\n\n\n<li>He was the head of the Section for socio-scientific aspects of the Scientific Council for Maritime Affairs of the Croatian Academy of Sciences and Arts<\/li>\n\n\n\n<li>He was a member of the Committee on the Constitution, Standing Orders and Political System of the House of Representatives of the Croatian Parliament<\/li>\n\n\n\n<li>He is a scientific advisor to the Constitutional Court of the Republic of Croatia<\/li>\n\n\n\n<li>Vice President of the Literary Circle Split<\/li>\n\n\n\n<li>President of the City Society of Red Cross Split<\/li>\n<\/ul>\n\n\n\n<p><strong>&nbsp;AWARDS<\/strong><\/p>\n\n\n\n<ul class=\"wp-block-list\">\n<li>In 1988, he received the Bo\u017eidar Ad\u017eija Award for significant scientific activity in the field of social and humanistic sciences in the field of maritime law<\/li>\n\n\n\n<li>In 1991, he received the annual award (for 1990) of the city of Split in the field of science for the monograph &#8220;Odgovornost prijevoznika\u201c (\u2033Liability of the carrier\u201d (Split 1989))<\/li>\n\n\n\n<li>In 1996, he received the Award of Split-Dalmatia County for his merits in promoting science<\/li>\n\n\n\n<li>In 2000, he received a Lifetime Achievement Award from Split-Dalmatia County for his contribution to the promotion of the teaching process and science in the field of maritime law<\/li>\n\n\n\n<li>In 2004, he received a Lifetime Achievement Award from Croatian regional newspaper Slobodna Dalmacija, Split<\/li>\n\n\n\n<li>In 2004, he received the award \u201dJosip Juraj Strossmayer\u2033 (Zagreb Fair and Croatian Academy of Sciences and Arts) for the book \u2033Plovedbeno pravo Republike Hrvatske\u2033 (\u2033Maritime law of the Republic of Croatia\u201d), which was rated as the most successful scientific work published in Croatian (2003) in the field of social sciences<\/li>\n\n\n\n<li>In 2006, he received a Lifetime Achievement Award from the City of Split for special scientific research achievements and contributions in the field of economic and social life<\/li>\n\n\n\n<li>In April 2007, he received the award of the Croatian Academy of Sciences and Arts for the highest scientific and artistic achievements in the Republic of Croatia in the field of social sciences<\/li>\n\n\n\n<li>In July 2007, he received the National Science Award from the Croatian Parliament for his lifetime achievement and for his scientific accomplishments in the social sciences<\/li>\n<\/ul>\n\n\n\n<p><strong>BIBLIOGRAPHY (selected)<\/strong><\/p>\n\n\n\n<ul class=\"wp-block-list\">\n<li>he published more than 700 works; about 300 original scientific papers, other publications, scripts, etc., and 30 books (monographs, commentaries, textbooks, encyclopedias of terms) in the field of maritime and traffic law<\/li>\n\n\n\n<li>He published 18 special studies in the course of his scientific research on numerous scientific projects in the field of maritime law<\/li>\n\n\n\n<li>He wrote several hundred entries in his \u201dEnciklopedija pojmova pomorskog prava\u2033 (\u2033Encyclopedia of Maritime Law Terms\u201d, 1991), in \u201dPomorska Enciklopedija\u2033 (\u2033Maritime Encyclopedia\u201d), \u201dPomorski leksikon\u2033 (\u2033Maritime Lexicon\u201d) and &#8220;Pravni leksikon&#8221; (\u201dLegal Lexicon\u2033)<\/li>\n<\/ul>\n\n\n\n<p><strong>Books<\/strong><\/p>\n\n\n\n<ol class=\"wp-block-list\">\n<li>Grabovac, Ivo; Ka\u0161tela, Slobodan.<br>Me\u0111unarodni i nacionalni izvori hrvatskoga prometnog prava : odabrana poglavlja.             Zagreb; Split : Hrvatska akademija znanosti i umjetnosti; Knji\u017eevni krug Split, 2013 (monograph).<\/li>\n\n\n\n<li>Grabovac, Ivo.<br>Odgovornost prijevoznika u prijevozu stvari u pomorskom zakoniku Republike Hrvatske i u me\u0111unarodnim konvencijama.<br>Split : Knji\u017eevni krug, 2010 (monograph).<\/li>\n\n\n\n<li>Grabovac, Ivo.<br>Suvremeno hrvatsko pomorsko pravo i Pomorski zakonik.                                                                           Split : Knji\u017eevni krug, 2005 (monograph).<\/li>\n\n\n\n<li>Grabovac, Ivo.<br>Plovidbeno pravo Republike Hrvatske.                                                                                                                 Split : Knji\u017eevni krug, 2003 (monograph).<\/li>\n\n\n\n<li>Grabovac, Ivo.<br>Ograni\u010denje odgovornosti u pomorskom poduzetni\u0161tvu.                                                                              Split : Knji\u017eevni krug, 2001 (monograph).<\/li>\n\n\n\n<li>Grabovac, Ivo.<br>Temelj odgovornosti u prometnom pravu.                                                                                                   Split : Knji\u017eevni krug, 2000 (monograph).<\/li>\n\n\n\n<li>Grabovac, Ivo.<br>Prijevozno ugovorno pravo Republike Hrvatske.                                                                                              Split : Knji\u017eevni krug, 1999 (monograph).<\/li>\n\n\n\n<li>Grabovac, Ivo.<br>Ogledi o odgovornosti brodara.<br>Split : Knji\u017eevni krug, Split, 1997 (monograph)<\/li>\n<\/ol>\n\n\n\n<p><strong>Textbooks and scripta<\/strong><\/p>\n\n\n\n<ol class=\"wp-block-list\">\n<li>Grabovac, Ivo; Petrinovi\u0107, Ranka.<br>Pomorsko pravo (Pomorsko javno, upravno i radno pravo).                                                                         Split : Pomorski fakultet, 2006.<\/li>\n\n\n\n<li>Grabovac, Ivo.<br>Pomorsko pravo, knjiga prva \/ Pavi\u0107, Drago (ed.).<br>Split : Visoka pomorska \u0161kola Split, 2001.<\/li>\n\n\n\n<li>Grabovac, Ivo; Stankovi\u0107, Predrag.<br>Pomorsko pravo, ispit za zapovjednika broda od 3000 BT ili ve\u0107eg. \/ Milo\u0161evi\u0107, Miodrag (ed.).<br>Rijeka : Vi\u0161a pomorska \u0161kola u Rijeci, 2000.<\/li>\n<\/ol>\n\n\n\n<p><strong>Scientific articles<\/strong><\/p>\n\n\n\n<ol class=\"wp-block-list\">\n<li>Grabovac, Ivo.<br>Atenska konvencija o prijevozu putnika i njihove prtljage morem, 2002, Europska unija i hrvatski Pomorski zakonik. \/\/ Kapetanov glasnik, 27 (2013); pp. 8-11 (article, scientific).<\/li>\n\n\n\n<li>Grabovac, Ivo.<br>Meteorolo\u0161ke pojave i Pomorski zakonik Republike Hrvatske. \/\/ Jadranska meteorologija, LVI (2011); pp. 59-63 (article, scientific).<\/li>\n\n\n\n<li>Grabovac, Ivo.<br>Piratstvo &#8211; suvremena prijetnja sigurnosti plovidbe i doga\u0111aj koji utje\u010de na odgovornost pomorskog prijevoznika u prijevozu stvari. \/\/ Zbornik radova Pravnog fakulteta u Splitu, 48 (2011), 3; pp. 461-474 (article, scientific).<\/li>\n\n\n\n<li>Grabovac, Ivo.<br>Hrvatski pravilnik o mjestima zakloni\u0161ta (u povodu slu\u010daja turskog broda &#8220;UND ADRIYATIK&#8221;. \/\/ Jadranska meteorologija, LIV (2009); pp. 34-38 (article, scientific).<\/li>\n\n\n\n<li>Grabovac, Ivo.<br>Mjesta zakloni\u0161ta za brodove i propisi Republike Hrvatske. \/\/ Pomorski zbornik, 45 (2009), 1; pp. 11-19 (article, scientific).<\/li>\n\n\n\n<li>Grabovac, Ivo.<br>Me\u0111unarodni ugovori kao temelj ujedna\u010davanja pomorskog prava \u2013 u povodu Zakona o izmjenama i dopunama pomorskog zakonika, 2008. \/\/ Zbornik radova Pravnog fakulteta u Splitu, 46 (2009), 2; pp. 261-269 (article, scientific).<\/li>\n<\/ol>\n\n\n\n<p>(&#8230;) see more: <a href=\"https:\/\/bib.irb.hr\/lista-radova?autor=14075\">https:\/\/bib.irb.hr\/lista-radova?autor=14075<\/a><\/p>\n\n\n\n<p><strong><a href=\"https:\/\/jadranski-zavod.hazu.hr\/en\/editorial-board\/\">&lt;&lt;&lt; Back to the Editorial Board<\/a><\/strong><\/p>\n<\/div>\n<\/div>\n","protected":false},"excerpt":{"rendered":"<p>Professor Emeritus IVO GRABOVAC, PhD Domovinskog rata 821000 SplitCroatia PERSONAL INFORMATION Year of birth: 1934 (Split) EDUCATION WORK EXPERIENCE PROFESSIONAL EXPERIENCE MEMBERSHIPS &nbsp;AWARDS BIBLIOGRAPHY (selected) Books Textbooks and scripta Scientific articles (&#8230;) see more: https:\/\/bib.irb.hr\/lista-radova?autor=14075 &lt;&lt;&lt; Back to the Editorial Board<\/p>\n","protected":false},"author":2,"featured_media":0,"parent":1906,"menu_order":0,"comment_status":"closed","ping_status":"closed","template":"","meta":{"_acf_changed":false,"_kad_blocks_custom_css":"","_kad_blocks_head_custom_js":"","_kad_blocks_body_custom_js":"","_kad_blocks_footer_custom_js":"","_kad_post_transparent":"","_kad_post_title":"","_kad_post_layout":"","_kad_post_sidebar_id":"","_kad_post_content_style":"","_kad_post_vertical_padding":"","_kad_post_feature":"","_kad_post_feature_position":"","_kad_post_header":false,"_kad_post_footer":false,"footnotes":""},"class_list":["post-1866","page","type-page","status-publish","hentry"],"acf":[],"yoast_head":"<!-- This site is optimized with the Yoast SEO plugin v23.8 - https:\/\/yoast.com\/wordpress\/plugins\/seo\/ -->\n<title>Professor Emeritus Ivo Grabovac, PhD - Adriatic Institute<\/title>\n<meta name=\"robots\" content=\"index, follow, max-snippet:-1, max-image-preview:large, max-video-preview:-1\" \/>\n<link rel=\"canonical\" href=\"https:\/\/jadranski-zavod.hazu.hr\/en\/editorial-board\/professor-emeritus-ivo-grabovac-ph-d\/\" \/>\n<script type=\"application\/ld+json\" class=\"yoast-schema-graph\">{\"@context\":\"https:\/\/schema.org\",\"@graph\":[{\"@type\":\"WebPage\",\"@id\":\"https:\/\/jadranski-zavod.hazu.hr\/en\/editorial-board\/professor-emeritus-ivo-grabovac-ph-d\/\",\"url\":\"https:\/\/jadranski-zavod.hazu.hr\/en\/editorial-board\/professor-emeritus-ivo-grabovac-ph-d\/\",\"name\":\"Professor Emeritus Ivo Grabovac, PhD - Adriatic Institute\",\"isPartOf\":{\"@id\":\"https:\/\/jadranski-zavod.hazu.hr\/en\/#website\"},\"primaryImageOfPage\":{\"@id\":\"https:\/\/jadranski-zavod.hazu.hr\/en\/editorial-board\/professor-emeritus-ivo-grabovac-ph-d\/#primaryimage\"},\"image\":{\"@id\":\"https:\/\/jadranski-zavod.hazu.hr\/en\/editorial-board\/professor-emeritus-ivo-grabovac-ph-d\/#primaryimage\"},\"thumbnailUrl\":\"https:\/\/jadranski-zavod.hazu.hr\/wp-content\/uploads\/2024\/03\/grabovac.jpg\",\"datePublished\":\"2024-05-03T12:50:15+00:00\",\"dateModified\":\"2024-11-29T12:54:41+00:00\",\"breadcrumb\":{\"@id\":\"https:\/\/jadranski-zavod.hazu.hr\/en\/editorial-board\/professor-emeritus-ivo-grabovac-ph-d\/#breadcrumb\"},\"inLanguage\":\"en-US\",\"potentialAction\":[{\"@type\":\"ReadAction\",\"target\":[\"https:\/\/jadranski-zavod.hazu.hr\/en\/editorial-board\/professor-emeritus-ivo-grabovac-ph-d\/\"]}]},{\"@type\":\"ImageObject\",\"inLanguage\":\"en-US\",\"@id\":\"https:\/\/jadranski-zavod.hazu.hr\/en\/editorial-board\/professor-emeritus-ivo-grabovac-ph-d\/#primaryimage\",\"url\":\"https:\/\/jadranski-zavod.hazu.hr\/wp-content\/uploads\/2024\/03\/grabovac.jpg\",\"contentUrl\":\"https:\/\/jadranski-zavod.hazu.hr\/wp-content\/uploads\/2024\/03\/grabovac.jpg\"},{\"@type\":\"BreadcrumbList\",\"@id\":\"https:\/\/jadranski-zavod.hazu.hr\/en\/editorial-board\/professor-emeritus-ivo-grabovac-ph-d\/#breadcrumb\",\"itemListElement\":[{\"@type\":\"ListItem\",\"position\":1,\"name\":\"Po\u010detna\",\"item\":\"https:\/\/jadranski-zavod.hazu.hr\/en\/\"},{\"@type\":\"ListItem\",\"position\":2,\"name\":\"Editorial Board\",\"item\":\"https:\/\/jadranski-zavod.hazu.hr\/en\/editorial-board\/\"},{\"@type\":\"ListItem\",\"position\":3,\"name\":\"Professor Emeritus Ivo Grabovac, PhD\"}]},{\"@type\":\"WebSite\",\"@id\":\"https:\/\/jadranski-zavod.hazu.hr\/en\/#website\",\"url\":\"https:\/\/jadranski-zavod.hazu.hr\/en\/\",\"name\":\"Jadranski zavod\",\"description\":\"Croatian Academy of Sciences and Arts\",\"potentialAction\":[{\"@type\":\"SearchAction\",\"target\":{\"@type\":\"EntryPoint\",\"urlTemplate\":\"https:\/\/jadranski-zavod.hazu.hr\/en\/?s={search_term_string}\"},\"query-input\":{\"@type\":\"PropertyValueSpecification\",\"valueRequired\":true,\"valueName\":\"search_term_string\"}}],\"inLanguage\":\"en-US\"}]}<\/script>\n<!-- \/ Yoast SEO plugin. -->","yoast_head_json":{"title":"Professor Emeritus Ivo Grabovac, PhD - Adriatic Institute","robots":{"index":"index","follow":"follow","max-snippet":"max-snippet:-1","max-image-preview":"max-image-preview:large","max-video-preview":"max-video-preview:-1"},"canonical":"https:\/\/jadranski-zavod.hazu.hr\/en\/editorial-board\/professor-emeritus-ivo-grabovac-ph-d\/","schema":{"@context":"https:\/\/schema.org","@graph":[{"@type":"WebPage","@id":"https:\/\/jadranski-zavod.hazu.hr\/en\/editorial-board\/professor-emeritus-ivo-grabovac-ph-d\/","url":"https:\/\/jadranski-zavod.hazu.hr\/en\/editorial-board\/professor-emeritus-ivo-grabovac-ph-d\/","name":"Professor Emeritus Ivo Grabovac, PhD - Adriatic Institute","isPartOf":{"@id":"https:\/\/jadranski-zavod.hazu.hr\/en\/#website"},"primaryImageOfPage":{"@id":"https:\/\/jadranski-zavod.hazu.hr\/en\/editorial-board\/professor-emeritus-ivo-grabovac-ph-d\/#primaryimage"},"image":{"@id":"https:\/\/jadranski-zavod.hazu.hr\/en\/editorial-board\/professor-emeritus-ivo-grabovac-ph-d\/#primaryimage"},"thumbnailUrl":"https:\/\/jadranski-zavod.hazu.hr\/wp-content\/uploads\/2024\/03\/grabovac.jpg","datePublished":"2024-05-03T12:50:15+00:00","dateModified":"2024-11-29T12:54:41+00:00","breadcrumb":{"@id":"https:\/\/jadranski-zavod.hazu.hr\/en\/editorial-board\/professor-emeritus-ivo-grabovac-ph-d\/#breadcrumb"},"inLanguage":"en-US","potentialAction":[{"@type":"ReadAction","target":["https:\/\/jadranski-zavod.hazu.hr\/en\/editorial-board\/professor-emeritus-ivo-grabovac-ph-d\/"]}]},{"@type":"ImageObject","inLanguage":"en-US","@id":"https:\/\/jadranski-zavod.hazu.hr\/en\/editorial-board\/professor-emeritus-ivo-grabovac-ph-d\/#primaryimage","url":"https:\/\/jadranski-zavod.hazu.hr\/wp-content\/uploads\/2024\/03\/grabovac.jpg","contentUrl":"https:\/\/jadranski-zavod.hazu.hr\/wp-content\/uploads\/2024\/03\/grabovac.jpg"},{"@type":"BreadcrumbList","@id":"https:\/\/jadranski-zavod.hazu.hr\/en\/editorial-board\/professor-emeritus-ivo-grabovac-ph-d\/#breadcrumb","itemListElement":[{"@type":"ListItem","position":1,"name":"Po\u010detna","item":"https:\/\/jadranski-zavod.hazu.hr\/en\/"},{"@type":"ListItem","position":2,"name":"Editorial Board","item":"https:\/\/jadranski-zavod.hazu.hr\/en\/editorial-board\/"},{"@type":"ListItem","position":3,"name":"Professor Emeritus Ivo Grabovac, PhD"}]},{"@type":"WebSite","@id":"https:\/\/jadranski-zavod.hazu.hr\/en\/#website","url":"https:\/\/jadranski-zavod.hazu.hr\/en\/","name":"Jadranski zavod","description":"Croatian Academy of Sciences and Arts","potentialAction":[{"@type":"SearchAction","target":{"@type":"EntryPoint","urlTemplate":"https:\/\/jadranski-zavod.hazu.hr\/en\/?s={search_term_string}"},"query-input":{"@type":"PropertyValueSpecification","valueRequired":true,"valueName":"search_term_string"}}],"inLanguage":"en-US"}]}},"taxonomy_info":[],"featured_image_src_large":false,"author_info":{"display_name":"Jadranski zavod","author_link":"https:\/\/jadranski-zavod.hazu.hr\/en\/author\/jsinovcicperkovic\/"},"comment_info":0,"_links":{"self":[{"href":"https:\/\/jadranski-zavod.hazu.hr\/en\/wp-json\/wp\/v2\/pages\/1866","targetHints":{"allow":["GET"]}}],"collection":[{"href":"https:\/\/jadranski-zavod.hazu.hr\/en\/wp-json\/wp\/v2\/pages"}],"about":[{"href":"https:\/\/jadranski-zavod.hazu.hr\/en\/wp-json\/wp\/v2\/types\/page"}],"author":[{"embeddable":true,"href":"https:\/\/jadranski-zavod.hazu.hr\/en\/wp-json\/wp\/v2\/users\/2"}],"replies":[{"embeddable":true,"href":"https:\/\/jadranski-zavod.hazu.hr\/en\/wp-json\/wp\/v2\/comments?post=1866"}],"version-history":[{"count":9,"href":"https:\/\/jadranski-zavod.hazu.hr\/en\/wp-json\/wp\/v2\/pages\/1866\/revisions"}],"predecessor-version":[{"id":3049,"href":"https:\/\/jadranski-zavod.hazu.hr\/en\/wp-json\/wp\/v2\/pages\/1866\/revisions\/3049"}],"up":[{"embeddable":true,"href":"https:\/\/jadranski-zavod.hazu.hr\/en\/wp-json\/wp\/v2\/pages\/1906"}],"wp:attachment":[{"href":"https:\/\/jadranski-zavod.hazu.hr\/en\/wp-json\/wp\/v2\/media?parent=1866"}],"curies":[{"name":"wp","href":"https:\/\/api.w.org\/{rel}","templated":true}]}}