{"id":1856,"date":"2024-05-03T10:56:14","date_gmt":"2024-05-03T10:56:14","guid":{"rendered":"https:\/\/jadranski-zavod.hazu.hr?page_id=1856"},"modified":"2024-11-29T13:48:51","modified_gmt":"2024-11-29T12:48:51","slug":"professor-vesna-baric-punda-phd","status":"publish","type":"page","link":"https:\/\/jadranski-zavod.hazu.hr\/en\/editorial-board\/professor-vesna-baric-punda-phd\/","title":{"rendered":"Professor Vesna Bari\u0107 Punda, PhD"},"content":{"rendered":"\n<div class=\"wp-block-columns is-layout-flex wp-container-core-columns-is-layout-9d6595d7 wp-block-columns-is-layout-flex\">\n<div class=\"wp-block-column is-layout-flow wp-block-column-is-layout-flow\" style=\"flex-basis:33.33%\">\n<figure class=\"wp-block-image size-full\"><img decoding=\"async\" width=\"400\" height=\"334\" src=\"https:\/\/jadranski-zavod.hazu.hr\/wp-content\/uploads\/2024\/11\/IMG_1573_corr1-1.jpg\" alt=\"\" class=\"wp-image-3017\" srcset=\"https:\/\/jadranski-zavod.hazu.hr\/wp-content\/uploads\/2024\/11\/IMG_1573_corr1-1.jpg 400w, https:\/\/jadranski-zavod.hazu.hr\/wp-content\/uploads\/2024\/11\/IMG_1573_corr1-1-300x251.jpg 300w\" sizes=\"(max-width: 400px) 100vw, 400px\" \/><\/figure>\n<\/div>\n\n\n\n<div class=\"wp-block-column has-theme-palette-8-background-color has-background is-layout-flow wp-block-column-is-layout-flow\" style=\"padding-top:var(--wp--preset--spacing--40);padding-right:var(--wp--preset--spacing--40);padding-bottom:var(--wp--preset--spacing--40);padding-left:var(--wp--preset--spacing--40);flex-basis:66.66%\">\n<p><strong>Professor<\/strong> <strong>VESNA BARI\u0106 PUNDA, PhD<\/strong><br><br>University of Split, Faculty of Law<br>Domovinskog rata 8<br>21000 Split, Croatia<br>Email: <strong>vesnapu@pravst.hr<\/strong><\/p>\n\n\n\n<p><strong>PERSONAL INFORMATION<\/strong><br><br>Year of birth: 1955 (Sarajevo, BiH)<\/p>\n\n\n\n<p><strong>EDUCATION<\/strong><\/p>\n\n\n\n<ul class=\"wp-block-list\">\n<li>1974 \u2013&nbsp; High school degree, Classical Gymnasium Natko Nodilo, Split<\/li>\n\n\n\n<li>1978 \u2013 &nbsp;Degree in Law, Faculty of Law, Split<\/li>\n<\/ul>\n\n\n\n<p><strong>WORK EXPERIENCE<\/strong><\/p>\n\n\n\n<ul class=\"wp-block-list\">\n<li>Full professor with tenure<\/li>\n\n\n\n<li>Head of the Department of International Law<\/li>\n\n\n\n<li>She &nbsp;teaches on the following subjects: Public International Law, The Law of International Organizations, Diplomatic and Consular Law, Settlement of International Disputes and Law of the Sea (Faculty of Law in Split); The Basisc of International Law and Consular Law (professional Administrative Study of Law); Human rights &#8211; International Aspects and International Law (Specialist study of the Faculty of Law in Split); and International Law of the Sea (The doctoral studies at the Faculty of Law, University of Mostar)<\/li>\n\n\n\n<li>Course lecturer in International Law at the University Department of Forensic Sciences, University in Split<\/li>\n<\/ul>\n\n\n\n<p><strong>OTHER PROFESSIONAL ACTIVITIES<\/strong><\/p>\n\n\n\n<ul class=\"wp-block-list\">\n<li>She was the Directress of the Postgraduate Scientific Study in Maritime Law and Law of the Sea at the Faculty of Law, University in Split, as well as the Vice Dean of the Faculty of Law in Split<\/li>\n<\/ul>\n\n\n\n<p><strong>Projects<\/strong><\/p>\n\n\n\n<ul class=\"wp-block-list\">\n<li>2006-2007 \u2013 She participated in the project of the Croatian Academy of Sciences and Arts and the Institute for Scientific and Artistic Work in Split, \u201eScientific and professional basics for the settlement of border disputes between the Republic of Croatia and the Republic of Slovenia\u201c<\/li>\n\n\n\n<li>She was the head of the scientific research project \u201eMaritime boundaries of the Republic of Croatia and international agreements regulating the relationships at see\u201c financed by the Ministry of Science, Education and Sports<\/li>\n\n\n\n<li>She was a member of the expert group of the State Commission for Borders of the Government of the Republic of Croatia for the study and specification of the border between the Republic of Croatia and Montenegro, as well as of the Negotiating Commission for negotiations on the Republic of Croatia&#8217;s southern border with Socijalist Republic of Yugoslavia<\/li>\n\n\n\n<li>She made a significant contribution to the structure and organisation of the Centre for German, Croatian, European and Comparative Law Split-Berlin, based at the Law Faculty in Split<\/li>\n<\/ul>\n\n\n\n<p><strong>MEMBERSHIPS<\/strong><\/p>\n\n\n\n<ul class=\"wp-block-list\">\n<li>Scientific Council for Social Sciences of the National Council for Science (completed mandate)<\/li>\n\n\n\n<li>Member of the Ministry of Science&#8217;s Scientific Field Committee for Social Sciences&nbsp;<\/li>\n\n\n\n<li>Croatian International Law Association<\/li>\n\n\n\n<li>Croatian Maritime Law Association<\/li>\n\n\n\n<li>International Law Association<\/li>\n\n\n\n<li>Asociaci\u00f3n Argentina de Derecho Internacional<\/li>\n\n\n\n<li>Regular member of the Croatian Academy of Legal Sciences<\/li>\n\n\n\n<li>University of Split Senate<\/li>\n<\/ul>\n\n\n\n<p><strong>BIBLIOGRAPHY (selected)<\/strong><\/p>\n\n\n\n<p><strong>Books<\/strong><\/p>\n\n\n\n<ol class=\"wp-block-list\">\n<li>Bari\u0107 Punda, Vesna; Rudolf, Jr., Davorin.<br>Komentar javnopravnih odredbi Pomorskoga zakonika. <br>Split : Pravni fakultet u Splitu, 2010 (monograph).<\/li>\n\n\n\n<li>Bari\u0107 Punda, Vesna; Rudolf, Jr., Davorin.<br>Pravo mora &#8211; dokumenti, mi\u0161ljenja znanstvenika, komentari. <br>Split : Pravni fakultet u Splitu, 2007 (monograph).<\/li>\n\n\n\n<li>Bari\u0107 Punda, Vesna; Rudolf, Jr., Davorin.<br>Rje\u0161avanje sporova u me\u0111unarodnom pravu mora &#8211; dokumenti, sudska praksa, mi\u0161ljenja znanstvenika, komentari.<br>Split : Pravni fakultet u Splitu, 2007 (monograph).<\/li>\n<\/ol>\n\n\n\n<p><strong>Book Chapters<\/strong><\/p>\n\n\n\n<ol class=\"wp-block-list\">\n<li>Degan, Vladimir-\u0110uro; Bari\u0107 Punda, Vesna.<br>Ograni\u010denje u vr\u0161enju univerzalne sudbenosti (principa univerzaliteta) \/\/ Kazneno pravo, kazneno postupovno pravo i kriminalistika : Zbornik radova povodom 70. godine \u017eivota Berislava Pavi\u0161i\u0107a \/ Matulovi\u0107, Miomir; Kun\u0161tek, Eduard (eds.).<br>Rijeka : Pravni fakultet Sveu\u010dili\u0161ta u Rijeci, 2014, pp. 89-103.<\/li>\n<\/ol>\n\n\n\n<p><strong>Scientific Articles<\/strong><\/p>\n\n\n\n<ol class=\"wp-block-list\">\n<li>Degan, Vladimir-\u0110uro; Bari\u0107 Punda, Vesna.<br>Universal Criminal Jurisdiction &#8211; An option or a legal obligation for States? \/\/ International Law Review of Wuhan University, 13 (2010), pp. 66-92 (articles, scientific).<\/li>\n\n\n\n<li>Gr\u017eeti\u0107, Zvonko; Bari\u0107 Punda, Vesna; Filipovi\u0107, Valerija.<br>O granicama u sjevernom Jadranu (1948.-2009.) s posebnim osvrtom na kronolo\u0161ki kartografski prikaz. \/\/ Poredbeno pomorsko pravo = Comparative Maritime Law, vol. 49&nbsp;(2010), no. 164, pp. 19-72 (\u010dlanak, znanstveni).<\/li>\n\n\n\n<li>Kazazi\u0107, Vesna; Bari\u0107 Punda, Vesna; Brki\u0107, Zlatko.<br>Pravo progona i nacionalni propisi obalnih dr\u017eava. \/\/ Zbornik radova Pravnog fakulteta Sveu\u010dili\u0161ta u Mostaru, XXI. (2010), pp. 7-25 (articles, scientific).<\/li>\n\n\n\n<li>Bari\u0107 Punda, Vesna.<br>Uloga Europske unije u za\u0161titi i o\u010duvanju Sredozemnog mora s osvrtom na pravne i strate\u0161ke dokumente. \/\/ Zbornik radova Pravnog fakulteta u Splitu, vol. 45 (2008), no. 4, pp. 761-778 &nbsp;(original scientific paper, scientific).<\/li>\n\n\n\n<li>Degan, Vladimir \u0110uro; Bari\u0107 Punda, Vesna.<br>Jednostrani akti dr\u017eava u pravu mora napose s obzirom na spor Slovenije i Hrvatske na Sjevernom Jadranu. \/\/ Zbornik radova Pravnog fakulteta u Splitu, vol. 45 (2008), no. 4, pp. 841-861 (original scientific paper, scientific).<\/li>\n\n\n\n<li>Bari\u0107 Punda, Vesna.<br>O morskim i podmorskim prostorima Republike Hrvatske u Pomorskom zakoniku iz 2004. \/\/ Poredbeno pomorsko pravo = Comparative Maritime Law, vol. 46 (2007), no. 161, pp. 65- 78 (original scientific paper, scientific).<\/li>\n\n\n\n<li>Bari\u0107 Punda, Vesna; Brki\u0107, Zlatko.<br>Za\u0161tita i o\u010duvanje Sredozemnog mora s posebnim osvrtom na obalne dr\u017eave \u010dlanice EU. \/\/ Zbornik radova Pravnog fakulteta u Splitu, vol. 44 (2007), no. 1, pp. 53-65 (articles, scientific).<\/li>\n<\/ol>\n\n\n\n<p>(&#8230; ) see more: <a href=\"https:\/\/bib.irb.hr\/lista-radova?autor=133373\">https:\/\/bib.irb.hr\/lista-radova?autor=133373<\/a><\/p>\n\n\n\n<p><strong><a href=\"https:\/\/jadranski-zavod.hazu.hr\/en\/editorial-board\/\">&lt;&lt;&lt; Back to the Editorial Board<\/a><\/strong><\/p>\n<\/div>\n<\/div>\n","protected":false},"excerpt":{"rendered":"<p>Professor VESNA BARI\u0106 PUNDA, PhD University of Split, Faculty of LawDomovinskog rata 821000 Split, CroatiaEmail: vesnapu@pravst.hr PERSONAL INFORMATION Year of birth: 1955 (Sarajevo, BiH) EDUCATION WORK EXPERIENCE OTHER PROFESSIONAL ACTIVITIES Projects MEMBERSHIPS BIBLIOGRAPHY (selected) Books Book Chapters Scientific Articles (&#8230; ) see more: https:\/\/bib.irb.hr\/lista-radova?autor=133373 &lt;&lt;&lt; Back to the Editorial Board<\/p>\n","protected":false},"author":2,"featured_media":0,"parent":1906,"menu_order":0,"comment_status":"closed","ping_status":"closed","template":"","meta":{"_acf_changed":false,"_kad_blocks_custom_css":"","_kad_blocks_head_custom_js":"","_kad_blocks_body_custom_js":"","_kad_blocks_footer_custom_js":"","_kad_post_transparent":"","_kad_post_title":"","_kad_post_layout":"","_kad_post_sidebar_id":"","_kad_post_content_style":"","_kad_post_vertical_padding":"","_kad_post_feature":"","_kad_post_feature_position":"","_kad_post_header":false,"_kad_post_footer":false,"footnotes":""},"class_list":["post-1856","page","type-page","status-publish","hentry"],"acf":[],"yoast_head":"<!-- This site is optimized with the Yoast SEO plugin v23.8 - https:\/\/yoast.com\/wordpress\/plugins\/seo\/ -->\n<title>Professor Vesna Bari\u0107 Punda, PhD - Adriatic Institute<\/title>\n<meta name=\"robots\" content=\"index, follow, max-snippet:-1, max-image-preview:large, max-video-preview:-1\" \/>\n<link rel=\"canonical\" href=\"https:\/\/jadranski-zavod.hazu.hr\/en\/editorial-board\/professor-vesna-baric-punda-phd\/\" \/>\n<script type=\"application\/ld+json\" class=\"yoast-schema-graph\">{\"@context\":\"https:\/\/schema.org\",\"@graph\":[{\"@type\":\"WebPage\",\"@id\":\"https:\/\/jadranski-zavod.hazu.hr\/en\/editorial-board\/professor-vesna-baric-punda-phd\/\",\"url\":\"https:\/\/jadranski-zavod.hazu.hr\/en\/editorial-board\/professor-vesna-baric-punda-phd\/\",\"name\":\"Professor Vesna Bari\u0107 Punda, PhD - Adriatic Institute\",\"isPartOf\":{\"@id\":\"https:\/\/jadranski-zavod.hazu.hr\/en\/#website\"},\"primaryImageOfPage\":{\"@id\":\"https:\/\/jadranski-zavod.hazu.hr\/en\/editorial-board\/professor-vesna-baric-punda-phd\/#primaryimage\"},\"image\":{\"@id\":\"https:\/\/jadranski-zavod.hazu.hr\/en\/editorial-board\/professor-vesna-baric-punda-phd\/#primaryimage\"},\"thumbnailUrl\":\"https:\/\/jadranski-zavod.hazu.hr\/wp-content\/uploads\/2024\/11\/IMG_1573_corr1-1.jpg\",\"datePublished\":\"2024-05-03T10:56:14+00:00\",\"dateModified\":\"2024-11-29T12:48:51+00:00\",\"breadcrumb\":{\"@id\":\"https:\/\/jadranski-zavod.hazu.hr\/en\/editorial-board\/professor-vesna-baric-punda-phd\/#breadcrumb\"},\"inLanguage\":\"en-US\",\"potentialAction\":[{\"@type\":\"ReadAction\",\"target\":[\"https:\/\/jadranski-zavod.hazu.hr\/en\/editorial-board\/professor-vesna-baric-punda-phd\/\"]}]},{\"@type\":\"ImageObject\",\"inLanguage\":\"en-US\",\"@id\":\"https:\/\/jadranski-zavod.hazu.hr\/en\/editorial-board\/professor-vesna-baric-punda-phd\/#primaryimage\",\"url\":\"https:\/\/jadranski-zavod.hazu.hr\/wp-content\/uploads\/2024\/11\/IMG_1573_corr1-1.jpg\",\"contentUrl\":\"https:\/\/jadranski-zavod.hazu.hr\/wp-content\/uploads\/2024\/11\/IMG_1573_corr1-1.jpg\"},{\"@type\":\"BreadcrumbList\",\"@id\":\"https:\/\/jadranski-zavod.hazu.hr\/en\/editorial-board\/professor-vesna-baric-punda-phd\/#breadcrumb\",\"itemListElement\":[{\"@type\":\"ListItem\",\"position\":1,\"name\":\"Po\u010detna\",\"item\":\"https:\/\/jadranski-zavod.hazu.hr\/en\/\"},{\"@type\":\"ListItem\",\"position\":2,\"name\":\"Editorial Board\",\"item\":\"https:\/\/jadranski-zavod.hazu.hr\/en\/editorial-board\/\"},{\"@type\":\"ListItem\",\"position\":3,\"name\":\"Professor Vesna Bari\u0107 Punda, PhD\"}]},{\"@type\":\"WebSite\",\"@id\":\"https:\/\/jadranski-zavod.hazu.hr\/en\/#website\",\"url\":\"https:\/\/jadranski-zavod.hazu.hr\/en\/\",\"name\":\"Jadranski zavod\",\"description\":\"Croatian Academy of Sciences and Arts\",\"potentialAction\":[{\"@type\":\"SearchAction\",\"target\":{\"@type\":\"EntryPoint\",\"urlTemplate\":\"https:\/\/jadranski-zavod.hazu.hr\/en\/?s={search_term_string}\"},\"query-input\":{\"@type\":\"PropertyValueSpecification\",\"valueRequired\":true,\"valueName\":\"search_term_string\"}}],\"inLanguage\":\"en-US\"}]}<\/script>\n<!-- \/ Yoast SEO plugin. -->","yoast_head_json":{"title":"Professor Vesna Bari\u0107 Punda, PhD - Adriatic Institute","robots":{"index":"index","follow":"follow","max-snippet":"max-snippet:-1","max-image-preview":"max-image-preview:large","max-video-preview":"max-video-preview:-1"},"canonical":"https:\/\/jadranski-zavod.hazu.hr\/en\/editorial-board\/professor-vesna-baric-punda-phd\/","schema":{"@context":"https:\/\/schema.org","@graph":[{"@type":"WebPage","@id":"https:\/\/jadranski-zavod.hazu.hr\/en\/editorial-board\/professor-vesna-baric-punda-phd\/","url":"https:\/\/jadranski-zavod.hazu.hr\/en\/editorial-board\/professor-vesna-baric-punda-phd\/","name":"Professor Vesna Bari\u0107 Punda, PhD - Adriatic Institute","isPartOf":{"@id":"https:\/\/jadranski-zavod.hazu.hr\/en\/#website"},"primaryImageOfPage":{"@id":"https:\/\/jadranski-zavod.hazu.hr\/en\/editorial-board\/professor-vesna-baric-punda-phd\/#primaryimage"},"image":{"@id":"https:\/\/jadranski-zavod.hazu.hr\/en\/editorial-board\/professor-vesna-baric-punda-phd\/#primaryimage"},"thumbnailUrl":"https:\/\/jadranski-zavod.hazu.hr\/wp-content\/uploads\/2024\/11\/IMG_1573_corr1-1.jpg","datePublished":"2024-05-03T10:56:14+00:00","dateModified":"2024-11-29T12:48:51+00:00","breadcrumb":{"@id":"https:\/\/jadranski-zavod.hazu.hr\/en\/editorial-board\/professor-vesna-baric-punda-phd\/#breadcrumb"},"inLanguage":"en-US","potentialAction":[{"@type":"ReadAction","target":["https:\/\/jadranski-zavod.hazu.hr\/en\/editorial-board\/professor-vesna-baric-punda-phd\/"]}]},{"@type":"ImageObject","inLanguage":"en-US","@id":"https:\/\/jadranski-zavod.hazu.hr\/en\/editorial-board\/professor-vesna-baric-punda-phd\/#primaryimage","url":"https:\/\/jadranski-zavod.hazu.hr\/wp-content\/uploads\/2024\/11\/IMG_1573_corr1-1.jpg","contentUrl":"https:\/\/jadranski-zavod.hazu.hr\/wp-content\/uploads\/2024\/11\/IMG_1573_corr1-1.jpg"},{"@type":"BreadcrumbList","@id":"https:\/\/jadranski-zavod.hazu.hr\/en\/editorial-board\/professor-vesna-baric-punda-phd\/#breadcrumb","itemListElement":[{"@type":"ListItem","position":1,"name":"Po\u010detna","item":"https:\/\/jadranski-zavod.hazu.hr\/en\/"},{"@type":"ListItem","position":2,"name":"Editorial Board","item":"https:\/\/jadranski-zavod.hazu.hr\/en\/editorial-board\/"},{"@type":"ListItem","position":3,"name":"Professor Vesna Bari\u0107 Punda, PhD"}]},{"@type":"WebSite","@id":"https:\/\/jadranski-zavod.hazu.hr\/en\/#website","url":"https:\/\/jadranski-zavod.hazu.hr\/en\/","name":"Jadranski zavod","description":"Croatian Academy of Sciences and Arts","potentialAction":[{"@type":"SearchAction","target":{"@type":"EntryPoint","urlTemplate":"https:\/\/jadranski-zavod.hazu.hr\/en\/?s={search_term_string}"},"query-input":{"@type":"PropertyValueSpecification","valueRequired":true,"valueName":"search_term_string"}}],"inLanguage":"en-US"}]}},"taxonomy_info":[],"featured_image_src_large":false,"author_info":{"display_name":"Jadranski zavod","author_link":"https:\/\/jadranski-zavod.hazu.hr\/en\/author\/jsinovcicperkovic\/"},"comment_info":0,"_links":{"self":[{"href":"https:\/\/jadranski-zavod.hazu.hr\/en\/wp-json\/wp\/v2\/pages\/1856","targetHints":{"allow":["GET"]}}],"collection":[{"href":"https:\/\/jadranski-zavod.hazu.hr\/en\/wp-json\/wp\/v2\/pages"}],"about":[{"href":"https:\/\/jadranski-zavod.hazu.hr\/en\/wp-json\/wp\/v2\/types\/page"}],"author":[{"embeddable":true,"href":"https:\/\/jadranski-zavod.hazu.hr\/en\/wp-json\/wp\/v2\/users\/2"}],"replies":[{"embeddable":true,"href":"https:\/\/jadranski-zavod.hazu.hr\/en\/wp-json\/wp\/v2\/comments?post=1856"}],"version-history":[{"count":11,"href":"https:\/\/jadranski-zavod.hazu.hr\/en\/wp-json\/wp\/v2\/pages\/1856\/revisions"}],"predecessor-version":[{"id":3045,"href":"https:\/\/jadranski-zavod.hazu.hr\/en\/wp-json\/wp\/v2\/pages\/1856\/revisions\/3045"}],"up":[{"embeddable":true,"href":"https:\/\/jadranski-zavod.hazu.hr\/en\/wp-json\/wp\/v2\/pages\/1906"}],"wp:attachment":[{"href":"https:\/\/jadranski-zavod.hazu.hr\/en\/wp-json\/wp\/v2\/media?parent=1856"}],"curies":[{"name":"wp","href":"https:\/\/api.w.org\/{rel}","templated":true}]}}