{"id":1848,"date":"2024-03-21T09:13:08","date_gmt":"2024-03-21T09:13:08","guid":{"rendered":"https:\/\/jadranski-zavod.hazu.hr\/prof-maria-victoria-petit-lavall-phd\/"},"modified":"2024-11-29T14:19:40","modified_gmt":"2024-11-29T13:19:40","slug":"prof-maria-victoria-petit-lavall-phd","status":"publish","type":"page","link":"https:\/\/jadranski-zavod.hazu.hr\/en\/editorial-board\/prof-maria-victoria-petit-lavall-phd\/","title":{"rendered":"Professor Maria Victoria Petit Lavall, PhD"},"content":{"rendered":"\n<div class=\"wp-block-columns is-layout-flex wp-container-core-columns-is-layout-9d6595d7 wp-block-columns-is-layout-flex\">\n<div class=\"wp-block-column is-layout-flow wp-block-column-is-layout-flow\" style=\"flex-basis:33.33%\">\n<figure class=\"wp-block-image size-full is-resized\"><img decoding=\"async\" width=\"193\" height=\"257\" src=\"https:\/\/jadranski-zavod.hazu.hr\/wp-content\/uploads\/2024\/03\/lavall.jpg\" alt=\"\" class=\"wp-image-988\" style=\"width:405px;height:auto\"\/><\/figure>\n<\/div>\n\n\n\n<div class=\"wp-block-column has-theme-palette-8-background-color has-background is-layout-flow wp-block-column-is-layout-flow\" style=\"padding-top:var(--wp--preset--spacing--40);padding-right:var(--wp--preset--spacing--40);padding-bottom:var(--wp--preset--spacing--40);padding-left:var(--wp--preset--spacing--40);flex-basis:66.66%\">\n<p><strong>Professor<\/strong> <strong>MARIA VICTORIA PETIT LAVALL, PhD<\/strong><\/p>\n\n\n\n<p>University Institute of Transport Law<br>Universitat Jaume I, Castell\u00f3n de la Plana, Spain<br>Email: <strong>petit@uji.es<\/strong><\/p>\n\n\n\n<p><strong>EDUCATION<\/strong><\/p>\n\n\n\n<ul class=\"wp-block-list\">\n<li>1983-1988 &#8211; Law Degree<\/li>\n\n\n\n<li>1988-1990 &#8211; Business Studies Degree<\/li>\n\n\n\n<li>1988-1993 \u2013 PhD (Law)<\/li>\n<\/ul>\n\n\n\n<p><strong>WORK EXPERIENCE<\/strong><\/p>\n\n\n\n<ul class=\"wp-block-list\">\n<li>1990-2008 \u2013 Professor of Commercial Law (Universitat Jaume I, Castell\u00f3n de la Plana, Spain)<\/li>\n\n\n\n<li>2008-present \u2013 Full Professor of Commercial Law (Universitat Jaume I, Castell\u00f3n de la Plana, Spain)<\/li>\n\n\n\n<li>2014-present \u2013 Managing Director of the University Institute of Transport Law (Universitat Jaume I, Castell\u00f3n de la Plana, Spain)<\/li>\n\n\n\n<li>2000-2015 \u2013 Substitute Judge<\/li>\n<\/ul>\n\n\n\n<p><strong>PERSONAL SKILLS<\/strong><\/p>\n\n\n\n<ul class=\"wp-block-list\">\n<li>Languages: Spanish, English<\/li>\n\n\n\n<li>Leadership and management expertise (Chancellor of the University; &nbsp;Vice-Dean of the Faculty of Law)<\/li>\n\n\n\n<li>Managing Director of the Institute of Transport Law<\/li>\n\n\n\n<li>Digital competence: User level<\/li>\n<\/ul>\n\n\n\n<p><strong>PROJECTS (main researcher)<\/strong><\/p>\n\n\n\n<ul class=\"wp-block-list\">\n<li>&#8220;El futuro del transporte postal y de mensajer\u00eda en el nuevo marco jur\u00eddico liberalizado&#8221;, Bancaixa-Caja Castell\u00f3n Foundation (2010-2012)<\/li>\n\n\n\n<li>&#8220;Innovaci\u00f3n de gesti\u00f3n de EBTs&#8221;, Valencian Regional Government (2011)<\/li>\n\n\n\n<li>&#8220;Ayudas para la promoci\u00f3n de la investigaci\u00f3n de los parques cient\u00edficos de las universidades&#8221;, Valencian Regional Government (2012)<\/li>\n\n\n\n<li>Multi-Party Project (Jaume I University-University of the Basque Country- Universities of Andalusia), &#8220;La eficiencia del transporte como objetivo de la actuaci\u00f3n de los poderes p\u00fablicos: competencia, liberalizaci\u00f3n y responsabilidad&#8221;, Ministry of Economy and Competitivity, 2013-2015, DER2012- 37543-C03-01<\/li>\n\n\n\n<li>&#8220;Transporte a\u00e9reo y por ferrocarril: competencia y responsabilidad&#8221;, Jaume I University, 2013-2015, P1.1B2012-58<\/li>\n\n\n\n<li>&#8220;Acciones de transferencia de conocimientos e innovaci\u00f3n&#8221;, Valencian Regional Government (13I122.01\/1), 2013<\/li>\n\n\n\n<li>Multi-Party Project (Jaume I University-University of the Basque Country- Universities of Andalusia), &#8220;El transporte como motor del desarrollo socioecon\u00f3mico: protecci\u00f3n del contratante d\u00e9bil y avances en la liberalizaci\u00f3n del sector&#8221;, Ministry of Economy and Competitivity, 2016-2019, DER2015- 65424-C4-3-P<\/li>\n<\/ul>\n\n\n\n<p><strong>CONFERENCES (selected)<\/strong><\/p>\n\n\n\n<ul class=\"wp-block-list\">\n<li>&nbsp;May 2013, &#8220;Servizi di assistenza a terra negli aeroporti&#8221;, VI Congresso di Dirittoaeronautico: la nuova legislazione europea sugli aeroporti, Universidad La Sapienza (Roma), 9-10 May 2013<\/li>\n\n\n\n<li>5-6 September 2013, &#8220;La liberalizaci\u00f3n del handling en Europa&#8221;, VII Coloquio Rioplatense de Derecho Aeron\u00e1utico y Espacial, Facultad de Derecho, Universidad de Buenos Aires<\/li>\n\n\n\n<li>29 May 2014, &#8220;Nuevas tendencias europeas en la protecci\u00f3n de los pasajeros&#8221;, VIII Coloquio Rioplatense de Derecho Aeron\u00e1utico y Espacial, Montevideo (Uruguay)<\/li>\n\n\n\n<li>3-5 September 2014, &#8220;La defensa de la competencia en el transporte a\u00e9reo&#8221;, XVIII Jornadas Nacionales de Derecho Aeron\u00e1utico y Espacial, Facultad de Derecho de la Universidad de Buenos Aires<\/li>\n\n\n\n<li>October 9<sup>th<\/sup> 2014, &#8220;Condiciones para el ejercicio de la profesi\u00f3n de transportistaen la UE&#8221;, XXXIX Congreso Nacional del Transporte, Federaci\u00f3n Colombiana deTransportadores de Carga y su Log\u00edstica (COLFECAR), Cartagena de Indias (Colombia)<\/li>\n\n\n\n<li>November 28<sup>th<\/sup> 2014, &#8220;Aplicaci\u00f3n de las obligaciones de servicio p\u00fablico en el transporte a\u00e9reo&#8221;, La continuit\u00e0 territoriale della Sardegna. Passeggeri e merci, low cost e turismo, Universit\u00e0 di Sassari, 28-29 November 2014<\/li>\n\n\n\n<li>5 May 2015, &#8220;La responsabilidad de la compa\u00f1\u00eda a\u00e9rea derivada de accidentes de aviaci\u00f3n&#8221;, Congreso Centenario de la Facultad de Derecho de Murcia, Murcia, 4-7 May 2015<\/li>\n\n\n\n<li>June 26<sup>th<\/sup> 2015, &#8220;Escepticismo ante una \u00bfnueva? Ley de Auditor\u00eda de Cuentas&#8221;, XVCongreso anual de la Asociaci\u00f3n Sa\u00ednz de Andino, &#8220;Recientes reformas en Derecho de Sociedades&#8221;, Facultad de Derecho, Universidad de Granada<\/li>\n\n\n\n<li>October 15<sup>th<\/sup> 2015, &#8220;Rail passengers&#8217; rights under Regulation (EC) N\u00ba 1371\/2007 and their implementation in Spain: does the Spanish rail sector regulation comply with the acquis communautaire?&#8221; (with A. Puetz), INTRANSLAW Zagreb2015, Zagreb (Croatia), 15-16 October 2015<\/li>\n\n\n\n<li>April 15<sup>th<\/sup> 2016, &#8220;Retos y tendencias actuales en el \u00e1mbito de la contrataci\u00f3n deltransporte&#8221;, Congreso Nacional Retos y tendencias del Derecho de la contrataci\u00f3n mercantil, Universidad de C\u00f3rdoba, 14-15 April 2016<\/li>\n<\/ul>\n\n\n\n<p><strong>MASTERS (selected)<\/strong><\/p>\n\n\n\n<ul class=\"wp-block-list\">\n<li>May 26<sup>th<\/sup> 2015, lecture in the Master universitario en ingenier\u00eda del transporteterrestre y log\u00edstica, Universidad de Ja\u00e9n, 4 hours<\/li>\n\n\n\n<li>Academic years 2014-2015 and 2015-2016, Master en Abogac\u00eda, Universitat Jaume I, tutor of a master thesis<\/li>\n\n\n\n<li>March 11<sup>th<\/sup> 2016, lecture in the Master sobre Derecho de los sectores regulados, Universidad Carlos III, Madrid, 4 hours (&#8220;Transporte postal&#8221;)<\/li>\n\n\n\n<li>April 27<sup>th<\/sup> 2016, lecture in the Master universitario de ingenier\u00eda del transporteterrestre y log\u00edstica, Universidad de Ja\u00e9n, 4 hours<\/li>\n\n\n\n<li>Academic year 2015-2016, Master on-line en Creaci\u00f3n de Nuevas Empresas Internacionales, Universitat Jaume I (&#8220;Aspectos legales del comercio internacional&#8221;)<\/li>\n<\/ul>\n\n\n\n<p><strong>PhD COURSES (selected)<\/strong><\/p>\n\n\n\n<ul class=\"wp-block-list\">\n<li>14-18 July 2014, &#8220;M\u00f3dulo Derecho del transporte terrestre y a\u00e9reo&#8221;, Doctorado en Derecho Tributario y Derecho Mercantil, Universidad San Carlos de Guatemala, Ciudad de Guatemala (Guatemala)<\/li>\n\n\n\n<li>10-14 November 2014, &#8220;M\u00f3dulo Derecho del transporte terrestre y a\u00e9reo&#8221;, Doctorado en Derecho Tributario y Derecho Mercantil, Universidad San Carlos de Guatemala, Tegucigalpa (Honduras)<\/li>\n\n\n\n<li>20-24 May 2015: &#8220;Transporte a\u00e9reo&#8221;, Universit\u00e0 degli Studi di Bologna (Italy)<\/li>\n<\/ul>\n\n\n\n<p><strong>MEMBERSHIPS<\/strong><\/p>\n\n\n\n<ul class=\"wp-block-list\">\n<li>Member of the Board of Trustees of the &#8220;Fundaci\u00f3n PortCastell\u00f3&#8221;, since December 12<sup>th<\/sup> 2006<\/li>\n\n\n\n<li>Member of the group Aerojuristas of the Spanish Aeronautical Society (Sociedad Aeron\u00e1utica Espa\u00f1ola)<\/li>\n\n\n\n<li>Member of the Asociaci\u00f3n Latino Americana de Derecho Aeron\u00e1utico y Espacial (ALADA) since 2012<\/li>\n\n\n\n<li>Member of the Board of Trustees of the Fundaci\u00f3n Universitat Jaume I-Empresa since December 15<sup>th<\/sup> 2014<\/li>\n<\/ul>\n\n\n\n<p><strong>BIBLIOGRAPHY (Selected)<\/strong><\/p>\n\n\n\n<p><strong>Books<\/strong><\/p>\n\n\n\n<ol class=\"wp-block-list\">\n<li>La eficiencia del transporte como objetivo de la actuaci\u00f3n de los poderes p\u00fablicos:liberalizaci\u00f3n y responsabilidad<br>Mar\u00eda Victoria Petit Lavall, Achim Puetz. 2015. Edici\u00f3. Nacional. Cient\u00edfic. ISBN 9788416402830. Madrid (Espanya). Ed. Marcial Pons.<\/li>\n\n\n\n<li>Derecho A\u00e9reo y del Espacio<br>Mar\u00eda Jos\u00e9 Morillas Jarillo, Mar\u00eda Victoria Petit Lavall, Mar\u00eda Jes\u00fas Guerrero Lebr\u00f3n. 2014. Autoria. Nacional. Cient\u00edfic. ISBN 9788416212507. Madrid (Espanya). Ed. Marcial Pons.<\/li>\n\n\n\n<li>Estudios de Derecho Mercantil. Liber Amicorum profesor Dr. Francisco Vicent Chuli\u00e1 Mar\u00eda Victoria Petit Lavall. 2013. Edici\u00f3. Nacional. Cient\u00edfic. ISBN 9788490530382. Valencia (Espanya). Ed. Tirant Lo Blanch.<\/li>\n\n\n\n<li>La nueva ordenaci\u00f3n del mercado de transporte (V Congreso Internacional deTransporte: la nueva ordenaci\u00f3n del mercado de transporte)<br>Andr\u00e9s Recalde Castells, Mar\u00eda Victoria Petit Lavall, Fernando Mart\u00ednez Sanz, Andr\u00e9s Juan Recalde Castells, Achim Puetz. 2013. Edici\u00f3. Internacional. Cient\u00edfic. ISBN 9788415664765. Madrid (Espanya). Ed. Marcial Pons.<\/li>\n\n\n\n<li>Comentarios a la Ley de Transporte Terrestre<br>Mar\u00eda Victoria Petit Lavall. 2010. Edici\u00f3. Nacional. Cient\u00edfic. ISBN 9788499036298. Cizur Menor (Navarra). Ed. Aranzadi.<\/li>\n\n\n\n<li>Estudio de Derecho A\u00e9reo: Aeronave y Liberalizaci\u00f3n<br>Fernando Mart\u00ednez Sanz, Mar\u00eda Victoria Petit Lavall. 2009. Edici\u00f3. Nacional. Cient\u00edfic. ISBN 9788497687041. Madrid. Ed. Marcial Pons.<\/li>\n\n\n\n<li>El r\u00e9gimen jur\u00eddico y econ\u00f3mico del transporte de mercanc\u00edas por carretera en Rusia<br>Mar\u00eda Victoria Petit Lavall, Achim Puetz. 2008. Traducci\u00f3 sense aparell cr\u00edtic. Nacional. Cient\u00edfic. ISBN 9788449808180. Madrid. Ed. Ministerio de Fomento.<\/li>\n\n\n\n<li>Perspectivas de futuro de la gesti\u00f3n aeroportuaria en Espa\u00f1a<br>Mar\u00eda Victoria Petit Lavall, Bernardo S\u00e1nchez Pav\u00f3n. 2008. Autoria. Nacional. Cient\u00edfic. ISBN 9788469109564. Santiago de Compostela. Ed. T\u00f3rcuato Artes Gr\u00e1ficas.<\/li>\n\n\n\n<li>La responsabilidad por da\u00f1os en el transporte a\u00e9reo internacional de mercanc\u00edas Mar\u00eda Victoria Petit Lavall. 2007. Autoria. Nacional. Cient\u00edfic. ISBN 9788498362534.Albolote (Granada). Ed. Comares.<\/li>\n\n\n\n<li>Liber amicorum en honor al Dr. Enrique Mapelli L\u00f3pez<br>Mar\u00eda Victoria Petit Lavall. 2007. Autoria. Internacional. Cient\u00edfic. ISBN 9789879895153. Argentina. Ed. ALADA.<\/li>\n\n\n\n<li>C\u00f3digo de Transporte<br>Fernando Mart\u00ednez Sanz, Mar\u00eda Victoria Petit Lavall, Mar\u00eda Lorena Sales Pallar\u00e9s, Mar\u00eda Estrella Solernou Sanz. 2004. Autoria. Nacional. Cient\u00edfic. ISBN 8484560805. Valencia. Ed. Tirant Lo Blanch.<\/li>\n\n\n\n<li>Los acuerdos entre compa\u00f1\u00edas a\u00e9reas en la normativa comunitaria liberalizadora delsector a\u00e9reo<br>Mar\u00eda Victoria Petit Lavall. 2000. Autoria. Nacional. Cient\u00edfic. ISBN 8484421465. Valencia. Ed. Tirant Lo Blanch.<\/li>\n\n\n\n<li>Lecciones de Derecho del Turismo<br>Andr\u00e9s Juan Recalde Castells, Mar\u00eda Victoria Petit Lavall, Ricardo Garc\u00eda Macho. 2000. Edici\u00f3. Nacional. Cient\u00edfic. ISBN 8484420361. Valencia. Ed. Tirant Lo Blanch.<\/li>\n<\/ol>\n\n\n\n<p>(&#8230;) see more: <a href=\"https:\/\/www.idt.uji.es\/wp-content\/uploads\/2021\/11\/CV-MARIA-VICTORIA-PETIT-3.pdf\">web<\/a><\/p>\n\n\n\n<p><strong><a href=\"https:\/\/jadranski-zavod.hazu.hr\/en\/editorial-board\/\"><strong><\/strong><\/a><strong><a href=\"https:\/\/jadranski-zavod.hazu.hr\/en\/editorial-board\/\">&lt;&lt;&lt; Back to the Editorial Board<\/a><\/strong><\/strong><\/p>\n<\/div>\n<\/div>\n","protected":false},"excerpt":{"rendered":"<p>Professor MARIA VICTORIA PETIT LAVALL, PhD University Institute of Transport LawUniversitat Jaume I, Castell\u00f3n de la Plana, SpainEmail: petit@uji.es EDUCATION WORK EXPERIENCE PERSONAL SKILLS PROJECTS (main researcher) CONFERENCES (selected) MASTERS (selected) PhD COURSES (selected) MEMBERSHIPS BIBLIOGRAPHY (Selected) Books (&#8230;) see more: web &lt;&lt;&lt; Back to the Editorial Board<\/p>\n","protected":false},"author":2,"featured_media":0,"parent":1906,"menu_order":0,"comment_status":"closed","ping_status":"closed","template":"","meta":{"_acf_changed":false,"_kad_blocks_custom_css":"","_kad_blocks_head_custom_js":"","_kad_blocks_body_custom_js":"","_kad_blocks_footer_custom_js":"","_kad_post_transparent":"","_kad_post_title":"","_kad_post_layout":"","_kad_post_sidebar_id":"","_kad_post_content_style":"","_kad_post_vertical_padding":"","_kad_post_feature":"","_kad_post_feature_position":"","_kad_post_header":false,"_kad_post_footer":false,"footnotes":""},"class_list":["post-1848","page","type-page","status-publish","hentry"],"acf":[],"yoast_head":"<!-- This site is optimized with the Yoast SEO plugin v23.8 - https:\/\/yoast.com\/wordpress\/plugins\/seo\/ -->\n<title>Professor Maria Victoria Petit Lavall, PhD - Adriatic Institute<\/title>\n<meta name=\"robots\" content=\"index, follow, max-snippet:-1, max-image-preview:large, max-video-preview:-1\" \/>\n<link rel=\"canonical\" href=\"https:\/\/jadranski-zavod.hazu.hr\/en\/editorial-board\/prof-maria-victoria-petit-lavall-phd\/\" \/>\n<script type=\"application\/ld+json\" class=\"yoast-schema-graph\">{\"@context\":\"https:\/\/schema.org\",\"@graph\":[{\"@type\":\"WebPage\",\"@id\":\"https:\/\/jadranski-zavod.hazu.hr\/en\/editorial-board\/prof-maria-victoria-petit-lavall-phd\/\",\"url\":\"https:\/\/jadranski-zavod.hazu.hr\/en\/editorial-board\/prof-maria-victoria-petit-lavall-phd\/\",\"name\":\"Professor Maria Victoria Petit Lavall, PhD - Adriatic Institute\",\"isPartOf\":{\"@id\":\"https:\/\/jadranski-zavod.hazu.hr\/en\/#website\"},\"primaryImageOfPage\":{\"@id\":\"https:\/\/jadranski-zavod.hazu.hr\/en\/editorial-board\/prof-maria-victoria-petit-lavall-phd\/#primaryimage\"},\"image\":{\"@id\":\"https:\/\/jadranski-zavod.hazu.hr\/en\/editorial-board\/prof-maria-victoria-petit-lavall-phd\/#primaryimage\"},\"thumbnailUrl\":\"https:\/\/jadranski-zavod.hazu.hr\/wp-content\/uploads\/2024\/03\/lavall.jpg\",\"datePublished\":\"2024-03-21T09:13:08+00:00\",\"dateModified\":\"2024-11-29T13:19:40+00:00\",\"breadcrumb\":{\"@id\":\"https:\/\/jadranski-zavod.hazu.hr\/en\/editorial-board\/prof-maria-victoria-petit-lavall-phd\/#breadcrumb\"},\"inLanguage\":\"en-US\",\"potentialAction\":[{\"@type\":\"ReadAction\",\"target\":[\"https:\/\/jadranski-zavod.hazu.hr\/en\/editorial-board\/prof-maria-victoria-petit-lavall-phd\/\"]}]},{\"@type\":\"ImageObject\",\"inLanguage\":\"en-US\",\"@id\":\"https:\/\/jadranski-zavod.hazu.hr\/en\/editorial-board\/prof-maria-victoria-petit-lavall-phd\/#primaryimage\",\"url\":\"https:\/\/jadranski-zavod.hazu.hr\/wp-content\/uploads\/2024\/03\/lavall.jpg\",\"contentUrl\":\"https:\/\/jadranski-zavod.hazu.hr\/wp-content\/uploads\/2024\/03\/lavall.jpg\"},{\"@type\":\"BreadcrumbList\",\"@id\":\"https:\/\/jadranski-zavod.hazu.hr\/en\/editorial-board\/prof-maria-victoria-petit-lavall-phd\/#breadcrumb\",\"itemListElement\":[{\"@type\":\"ListItem\",\"position\":1,\"name\":\"Po\u010detna\",\"item\":\"https:\/\/jadranski-zavod.hazu.hr\/en\/\"},{\"@type\":\"ListItem\",\"position\":2,\"name\":\"Editorial Board\",\"item\":\"https:\/\/jadranski-zavod.hazu.hr\/en\/editorial-board\/\"},{\"@type\":\"ListItem\",\"position\":3,\"name\":\"Professor Maria Victoria Petit Lavall, PhD\"}]},{\"@type\":\"WebSite\",\"@id\":\"https:\/\/jadranski-zavod.hazu.hr\/en\/#website\",\"url\":\"https:\/\/jadranski-zavod.hazu.hr\/en\/\",\"name\":\"Jadranski zavod\",\"description\":\"Croatian Academy of Sciences and Arts\",\"potentialAction\":[{\"@type\":\"SearchAction\",\"target\":{\"@type\":\"EntryPoint\",\"urlTemplate\":\"https:\/\/jadranski-zavod.hazu.hr\/en\/?s={search_term_string}\"},\"query-input\":{\"@type\":\"PropertyValueSpecification\",\"valueRequired\":true,\"valueName\":\"search_term_string\"}}],\"inLanguage\":\"en-US\"}]}<\/script>\n<!-- \/ Yoast SEO plugin. -->","yoast_head_json":{"title":"Professor Maria Victoria Petit Lavall, PhD - Adriatic Institute","robots":{"index":"index","follow":"follow","max-snippet":"max-snippet:-1","max-image-preview":"max-image-preview:large","max-video-preview":"max-video-preview:-1"},"canonical":"https:\/\/jadranski-zavod.hazu.hr\/en\/editorial-board\/prof-maria-victoria-petit-lavall-phd\/","schema":{"@context":"https:\/\/schema.org","@graph":[{"@type":"WebPage","@id":"https:\/\/jadranski-zavod.hazu.hr\/en\/editorial-board\/prof-maria-victoria-petit-lavall-phd\/","url":"https:\/\/jadranski-zavod.hazu.hr\/en\/editorial-board\/prof-maria-victoria-petit-lavall-phd\/","name":"Professor Maria Victoria Petit Lavall, PhD - Adriatic Institute","isPartOf":{"@id":"https:\/\/jadranski-zavod.hazu.hr\/en\/#website"},"primaryImageOfPage":{"@id":"https:\/\/jadranski-zavod.hazu.hr\/en\/editorial-board\/prof-maria-victoria-petit-lavall-phd\/#primaryimage"},"image":{"@id":"https:\/\/jadranski-zavod.hazu.hr\/en\/editorial-board\/prof-maria-victoria-petit-lavall-phd\/#primaryimage"},"thumbnailUrl":"https:\/\/jadranski-zavod.hazu.hr\/wp-content\/uploads\/2024\/03\/lavall.jpg","datePublished":"2024-03-21T09:13:08+00:00","dateModified":"2024-11-29T13:19:40+00:00","breadcrumb":{"@id":"https:\/\/jadranski-zavod.hazu.hr\/en\/editorial-board\/prof-maria-victoria-petit-lavall-phd\/#breadcrumb"},"inLanguage":"en-US","potentialAction":[{"@type":"ReadAction","target":["https:\/\/jadranski-zavod.hazu.hr\/en\/editorial-board\/prof-maria-victoria-petit-lavall-phd\/"]}]},{"@type":"ImageObject","inLanguage":"en-US","@id":"https:\/\/jadranski-zavod.hazu.hr\/en\/editorial-board\/prof-maria-victoria-petit-lavall-phd\/#primaryimage","url":"https:\/\/jadranski-zavod.hazu.hr\/wp-content\/uploads\/2024\/03\/lavall.jpg","contentUrl":"https:\/\/jadranski-zavod.hazu.hr\/wp-content\/uploads\/2024\/03\/lavall.jpg"},{"@type":"BreadcrumbList","@id":"https:\/\/jadranski-zavod.hazu.hr\/en\/editorial-board\/prof-maria-victoria-petit-lavall-phd\/#breadcrumb","itemListElement":[{"@type":"ListItem","position":1,"name":"Po\u010detna","item":"https:\/\/jadranski-zavod.hazu.hr\/en\/"},{"@type":"ListItem","position":2,"name":"Editorial Board","item":"https:\/\/jadranski-zavod.hazu.hr\/en\/editorial-board\/"},{"@type":"ListItem","position":3,"name":"Professor Maria Victoria Petit Lavall, PhD"}]},{"@type":"WebSite","@id":"https:\/\/jadranski-zavod.hazu.hr\/en\/#website","url":"https:\/\/jadranski-zavod.hazu.hr\/en\/","name":"Jadranski zavod","description":"Croatian Academy of Sciences and Arts","potentialAction":[{"@type":"SearchAction","target":{"@type":"EntryPoint","urlTemplate":"https:\/\/jadranski-zavod.hazu.hr\/en\/?s={search_term_string}"},"query-input":{"@type":"PropertyValueSpecification","valueRequired":true,"valueName":"search_term_string"}}],"inLanguage":"en-US"}]}},"taxonomy_info":[],"featured_image_src_large":false,"author_info":{"display_name":"Jadranski zavod","author_link":"https:\/\/jadranski-zavod.hazu.hr\/en\/author\/jsinovcicperkovic\/"},"comment_info":0,"_links":{"self":[{"href":"https:\/\/jadranski-zavod.hazu.hr\/en\/wp-json\/wp\/v2\/pages\/1848","targetHints":{"allow":["GET"]}}],"collection":[{"href":"https:\/\/jadranski-zavod.hazu.hr\/en\/wp-json\/wp\/v2\/pages"}],"about":[{"href":"https:\/\/jadranski-zavod.hazu.hr\/en\/wp-json\/wp\/v2\/types\/page"}],"author":[{"embeddable":true,"href":"https:\/\/jadranski-zavod.hazu.hr\/en\/wp-json\/wp\/v2\/users\/2"}],"replies":[{"embeddable":true,"href":"https:\/\/jadranski-zavod.hazu.hr\/en\/wp-json\/wp\/v2\/comments?post=1848"}],"version-history":[{"count":10,"href":"https:\/\/jadranski-zavod.hazu.hr\/en\/wp-json\/wp\/v2\/pages\/1848\/revisions"}],"predecessor-version":[{"id":3062,"href":"https:\/\/jadranski-zavod.hazu.hr\/en\/wp-json\/wp\/v2\/pages\/1848\/revisions\/3062"}],"up":[{"embeddable":true,"href":"https:\/\/jadranski-zavod.hazu.hr\/en\/wp-json\/wp\/v2\/pages\/1906"}],"wp:attachment":[{"href":"https:\/\/jadranski-zavod.hazu.hr\/en\/wp-json\/wp\/v2\/media?parent=1848"}],"curies":[{"name":"wp","href":"https:\/\/api.w.org\/{rel}","templated":true}]}}