{"id":1077,"date":"2024-02-21T08:50:54","date_gmt":"2024-02-21T08:50:54","guid":{"rendered":"https:\/\/jadranski-zavod.hazu.hr\/poredbeno-pomorsko-pravo\/"},"modified":"2026-01-13T14:21:07","modified_gmt":"2026-01-13T13:21:07","slug":"comparative-maritime-law","status":"publish","type":"page","link":"https:\/\/jadranski-zavod.hazu.hr\/en\/comparative-maritime-law\/","title":{"rendered":"Comparative Maritime Law"},"content":{"rendered":"\n<div class=\"wp-block-columns is-layout-flex wp-container-core-columns-is-layout-9d6595d7 wp-block-columns-is-layout-flex\">\n<div class=\"wp-block-column is-layout-flow wp-block-column-is-layout-flow\">\n<figure class=\"wp-block-image size-large is-resized\"><img decoding=\"async\" width=\"725\" height=\"1024\" src=\"https:\/\/jadranski-zavod.hazu.hr\/wp-content\/uploads\/2026\/01\/PPP-2025-725x1024.jpg\" alt=\"\" class=\"wp-image-3678\" style=\"width:500px\" srcset=\"https:\/\/jadranski-zavod.hazu.hr\/wp-content\/uploads\/2026\/01\/PPP-2025-725x1024.jpg 725w, https:\/\/jadranski-zavod.hazu.hr\/wp-content\/uploads\/2026\/01\/PPP-2025-213x300.jpg 213w, https:\/\/jadranski-zavod.hazu.hr\/wp-content\/uploads\/2026\/01\/PPP-2025-768x1084.jpg 768w, https:\/\/jadranski-zavod.hazu.hr\/wp-content\/uploads\/2026\/01\/PPP-2025-1088x1536.jpg 1088w, https:\/\/jadranski-zavod.hazu.hr\/wp-content\/uploads\/2026\/01\/PPP-2025.jpg 1339w\" sizes=\"(max-width: 725px) 100vw, 725px\" \/><\/figure>\n<\/div>\n\n\n\n<div class=\"wp-block-column is-layout-flow wp-block-column-is-layout-flow\">\n<p style=\"font-size:18px\"><strong>Publisher:<\/strong><br><a href=\"https:\/\/www.info.hazu.hr\/en\/jedinice\/jadranski-zavod\/\">Croatian Academy of Sciences and Arts<\/a><br>Trg Nikole \u0160ubi\u0107a Zrinskog 11<br>10000 Zagreb<\/p>\n\n\n\n<p style=\"font-size:18px\"><strong>Editorial Board Address:<\/strong><br>Jadranski zavod HAZU = Adriatic Institute<br>Augusta \u0160enoe 4<br>10000 Zagreb<br>Tel\/fax +385 (0)1 4812 703<br>E-mail:&nbsp;<a href=\"mailto:jz@hazu.hr\">jz@hazu.hr<\/a>&nbsp;<\/p>\n\n\n\n<p style=\"font-size:18px\"><strong>ISSN: <\/strong>1331-9914&nbsp;(print version)<br><strong>ISSN: <\/strong>1848-8927<strong>&nbsp;<\/strong>(electronic version)<br><strong>UDC: <\/strong>347.79<\/p>\n\n\n\n<p style=\"font-size:18px\"><strong>DOI<\/strong>: <a href=\"https:\/\/doi.org\/10.21857\/mjrl3uwg79\" target=\"_blank\" rel=\"noreferrer noopener\">https:\/\/doi.org\/10.21857\/mjrl3uwg79<\/a><\/p>\n<\/div>\n<\/div>\n\n\n\n<p><strong>Comparative Maritime Law<\/strong> publishes scientific and professional papers in the field of maritime and transport law, insurance law and international law of the sea, as well as original texts of maritime and transport conventions and other international unification instruments and their professional translations, reviews of domestic and foreign court and arbitration decisions, reports from scientific and professional meetings and reviews of newly published books in relevant fields.<\/p>\n\n\n\n<p>The authors of the papers and the readership are distinguished domestic and foreign experts in legal disciplines, university professors, associates from other scientific institutions, judges of commercial courts, legal experts in the maritime economy, insurance experts and young authors who are involved in scientific research.<\/p>\n\n\n\n<p><strong>Comparative Maritime Law<\/strong> has been published continuously since 1958, and links to the contents of all previously published issues can be found <a href=\"https:\/\/jadranski-zavod.hazu.hr\/en\/arhiva-casopisa\/\">here<\/a>.<\/p>\n\n\n\n<h2 class=\"wp-block-heading\">Current Issue<\/h2>\n\n\n\n<div class=\"wp-block-columns has-theme-palette-8-background-color has-background is-layout-flex wp-container-core-columns-is-layout-9d6595d7 wp-block-columns-is-layout-flex\">\n<div class=\"wp-block-column is-layout-flow wp-block-column-is-layout-flow\">\n<figure class=\"wp-block-image size-large\"><img decoding=\"async\" width=\"725\" height=\"1024\" src=\"https:\/\/jadranski-zavod.hazu.hr\/wp-content\/uploads\/2026\/01\/PPP-2025-725x1024.jpg\" alt=\"\" class=\"wp-image-3678\" srcset=\"https:\/\/jadranski-zavod.hazu.hr\/wp-content\/uploads\/2026\/01\/PPP-2025-725x1024.jpg 725w, https:\/\/jadranski-zavod.hazu.hr\/wp-content\/uploads\/2026\/01\/PPP-2025-213x300.jpg 213w, https:\/\/jadranski-zavod.hazu.hr\/wp-content\/uploads\/2026\/01\/PPP-2025-768x1084.jpg 768w, https:\/\/jadranski-zavod.hazu.hr\/wp-content\/uploads\/2026\/01\/PPP-2025-1088x1536.jpg 1088w, https:\/\/jadranski-zavod.hazu.hr\/wp-content\/uploads\/2026\/01\/PPP-2025.jpg 1339w\" sizes=\"(max-width: 725px) 100vw, 725px\" \/><\/figure>\n<\/div>\n\n\n\n<div class=\"wp-block-column is-layout-flow wp-block-column-is-layout-flow\">\n<p><strong>2025. Vol. 64 No. 179<\/strong><\/p>\n\n\n\n<p><strong>Editor:<\/strong>\u00a0Jak\u0161a Barbi\u0107<br><strong>Description:<\/strong>\u00a0523 pages<br><strong>Linked:<\/strong>\u00a0full text at\u00a0<a href=\"https:\/\/hrcak.srce.hr\/en\/broj\/26371\">HR\u010cAK<\/a><br><br>More info <a href=\"https:\/\/jadranski-zavod.hazu.hr\/en\/publication\/vol-64-no-179-2025\/\">here<\/a>.<\/p>\n<\/div>\n\n\n\n<div class=\"wp-block-column is-layout-flow wp-block-column-is-layout-flow\"><\/div>\n<\/div>\n","protected":false},"excerpt":{"rendered":"<p>Publisher:Croatian Academy of Sciences and ArtsTrg Nikole \u0160ubi\u0107a Zrinskog 1110000 Zagreb Editorial Board Address:Jadranski zavod HAZU = Adriatic InstituteAugusta \u0160enoe 410000 ZagrebTel\/fax +385 (0)1 4812 703E-mail:&nbsp;jz@hazu.hr&nbsp; ISSN: 1331-9914&nbsp;(print version)ISSN: 1848-8927&nbsp;(electronic version)UDC: 347.79 DOI: https:\/\/doi.org\/10.21857\/mjrl3uwg79 Comparative Maritime Law publishes scientific and professional papers in the field of maritime and transport law, insurance law and international law&#8230;<\/p>\n","protected":false},"author":2,"featured_media":0,"parent":0,"menu_order":0,"comment_status":"closed","ping_status":"closed","template":"","meta":{"_acf_changed":false,"_kad_blocks_custom_css":"","_kad_blocks_head_custom_js":"","_kad_blocks_body_custom_js":"","_kad_blocks_footer_custom_js":"","_kad_post_transparent":"","_kad_post_title":"","_kad_post_layout":"","_kad_post_sidebar_id":"","_kad_post_content_style":"","_kad_post_vertical_padding":"","_kad_post_feature":"","_kad_post_feature_position":"","_kad_post_header":false,"_kad_post_footer":false,"footnotes":""},"class_list":["post-1077","page","type-page","status-publish","hentry"],"acf":[],"yoast_head":"<!-- This site is optimized with the Yoast SEO plugin v23.8 - https:\/\/yoast.com\/wordpress\/plugins\/seo\/ -->\n<title>Comparative Maritime Law - Adriatic Institute<\/title>\n<meta name=\"robots\" content=\"index, follow, max-snippet:-1, max-image-preview:large, max-video-preview:-1\" \/>\n<link rel=\"canonical\" href=\"https:\/\/jadranski-zavod.hazu.hr\/en\/comparative-maritime-law\/\" \/>\n<script type=\"application\/ld+json\" class=\"yoast-schema-graph\">{\"@context\":\"https:\/\/schema.org\",\"@graph\":[{\"@type\":\"WebPage\",\"@id\":\"https:\/\/jadranski-zavod.hazu.hr\/en\/comparative-maritime-law\/\",\"url\":\"https:\/\/jadranski-zavod.hazu.hr\/en\/comparative-maritime-law\/\",\"name\":\"Comparative Maritime Law - Adriatic Institute\",\"isPartOf\":{\"@id\":\"https:\/\/jadranski-zavod.hazu.hr\/en\/#website\"},\"primaryImageOfPage\":{\"@id\":\"https:\/\/jadranski-zavod.hazu.hr\/en\/comparative-maritime-law\/#primaryimage\"},\"image\":{\"@id\":\"https:\/\/jadranski-zavod.hazu.hr\/en\/comparative-maritime-law\/#primaryimage\"},\"thumbnailUrl\":\"https:\/\/jadranski-zavod.hazu.hr\/wp-content\/uploads\/2026\/01\/PPP-2025-725x1024.jpg\",\"datePublished\":\"2024-02-21T08:50:54+00:00\",\"dateModified\":\"2026-01-13T13:21:07+00:00\",\"breadcrumb\":{\"@id\":\"https:\/\/jadranski-zavod.hazu.hr\/en\/comparative-maritime-law\/#breadcrumb\"},\"inLanguage\":\"en-US\",\"potentialAction\":[{\"@type\":\"ReadAction\",\"target\":[\"https:\/\/jadranski-zavod.hazu.hr\/en\/comparative-maritime-law\/\"]}]},{\"@type\":\"ImageObject\",\"inLanguage\":\"en-US\",\"@id\":\"https:\/\/jadranski-zavod.hazu.hr\/en\/comparative-maritime-law\/#primaryimage\",\"url\":\"https:\/\/jadranski-zavod.hazu.hr\/wp-content\/uploads\/2026\/01\/PPP-2025-725x1024.jpg\",\"contentUrl\":\"https:\/\/jadranski-zavod.hazu.hr\/wp-content\/uploads\/2026\/01\/PPP-2025-725x1024.jpg\"},{\"@type\":\"BreadcrumbList\",\"@id\":\"https:\/\/jadranski-zavod.hazu.hr\/en\/comparative-maritime-law\/#breadcrumb\",\"itemListElement\":[{\"@type\":\"ListItem\",\"position\":1,\"name\":\"Po\u010detna\",\"item\":\"https:\/\/jadranski-zavod.hazu.hr\/en\/\"},{\"@type\":\"ListItem\",\"position\":2,\"name\":\"Comparative Maritime Law\"}]},{\"@type\":\"WebSite\",\"@id\":\"https:\/\/jadranski-zavod.hazu.hr\/en\/#website\",\"url\":\"https:\/\/jadranski-zavod.hazu.hr\/en\/\",\"name\":\"Jadranski zavod\",\"description\":\"Croatian Academy of Sciences and Arts\",\"potentialAction\":[{\"@type\":\"SearchAction\",\"target\":{\"@type\":\"EntryPoint\",\"urlTemplate\":\"https:\/\/jadranski-zavod.hazu.hr\/en\/?s={search_term_string}\"},\"query-input\":{\"@type\":\"PropertyValueSpecification\",\"valueRequired\":true,\"valueName\":\"search_term_string\"}}],\"inLanguage\":\"en-US\"}]}<\/script>\n<!-- \/ Yoast SEO plugin. -->","yoast_head_json":{"title":"Comparative Maritime Law - Adriatic Institute","robots":{"index":"index","follow":"follow","max-snippet":"max-snippet:-1","max-image-preview":"max-image-preview:large","max-video-preview":"max-video-preview:-1"},"canonical":"https:\/\/jadranski-zavod.hazu.hr\/en\/comparative-maritime-law\/","schema":{"@context":"https:\/\/schema.org","@graph":[{"@type":"WebPage","@id":"https:\/\/jadranski-zavod.hazu.hr\/en\/comparative-maritime-law\/","url":"https:\/\/jadranski-zavod.hazu.hr\/en\/comparative-maritime-law\/","name":"Comparative Maritime Law - Adriatic Institute","isPartOf":{"@id":"https:\/\/jadranski-zavod.hazu.hr\/en\/#website"},"primaryImageOfPage":{"@id":"https:\/\/jadranski-zavod.hazu.hr\/en\/comparative-maritime-law\/#primaryimage"},"image":{"@id":"https:\/\/jadranski-zavod.hazu.hr\/en\/comparative-maritime-law\/#primaryimage"},"thumbnailUrl":"https:\/\/jadranski-zavod.hazu.hr\/wp-content\/uploads\/2026\/01\/PPP-2025-725x1024.jpg","datePublished":"2024-02-21T08:50:54+00:00","dateModified":"2026-01-13T13:21:07+00:00","breadcrumb":{"@id":"https:\/\/jadranski-zavod.hazu.hr\/en\/comparative-maritime-law\/#breadcrumb"},"inLanguage":"en-US","potentialAction":[{"@type":"ReadAction","target":["https:\/\/jadranski-zavod.hazu.hr\/en\/comparative-maritime-law\/"]}]},{"@type":"ImageObject","inLanguage":"en-US","@id":"https:\/\/jadranski-zavod.hazu.hr\/en\/comparative-maritime-law\/#primaryimage","url":"https:\/\/jadranski-zavod.hazu.hr\/wp-content\/uploads\/2026\/01\/PPP-2025-725x1024.jpg","contentUrl":"https:\/\/jadranski-zavod.hazu.hr\/wp-content\/uploads\/2026\/01\/PPP-2025-725x1024.jpg"},{"@type":"BreadcrumbList","@id":"https:\/\/jadranski-zavod.hazu.hr\/en\/comparative-maritime-law\/#breadcrumb","itemListElement":[{"@type":"ListItem","position":1,"name":"Po\u010detna","item":"https:\/\/jadranski-zavod.hazu.hr\/en\/"},{"@type":"ListItem","position":2,"name":"Comparative Maritime Law"}]},{"@type":"WebSite","@id":"https:\/\/jadranski-zavod.hazu.hr\/en\/#website","url":"https:\/\/jadranski-zavod.hazu.hr\/en\/","name":"Jadranski zavod","description":"Croatian Academy of Sciences and Arts","potentialAction":[{"@type":"SearchAction","target":{"@type":"EntryPoint","urlTemplate":"https:\/\/jadranski-zavod.hazu.hr\/en\/?s={search_term_string}"},"query-input":{"@type":"PropertyValueSpecification","valueRequired":true,"valueName":"search_term_string"}}],"inLanguage":"en-US"}]}},"taxonomy_info":[],"featured_image_src_large":false,"author_info":{"display_name":"Jadranski zavod","author_link":"https:\/\/jadranski-zavod.hazu.hr\/en\/author\/jsinovcicperkovic\/"},"comment_info":0,"_links":{"self":[{"href":"https:\/\/jadranski-zavod.hazu.hr\/en\/wp-json\/wp\/v2\/pages\/1077","targetHints":{"allow":["GET"]}}],"collection":[{"href":"https:\/\/jadranski-zavod.hazu.hr\/en\/wp-json\/wp\/v2\/pages"}],"about":[{"href":"https:\/\/jadranski-zavod.hazu.hr\/en\/wp-json\/wp\/v2\/types\/page"}],"author":[{"embeddable":true,"href":"https:\/\/jadranski-zavod.hazu.hr\/en\/wp-json\/wp\/v2\/users\/2"}],"replies":[{"embeddable":true,"href":"https:\/\/jadranski-zavod.hazu.hr\/en\/wp-json\/wp\/v2\/comments?post=1077"}],"version-history":[{"count":13,"href":"https:\/\/jadranski-zavod.hazu.hr\/en\/wp-json\/wp\/v2\/pages\/1077\/revisions"}],"predecessor-version":[{"id":3685,"href":"https:\/\/jadranski-zavod.hazu.hr\/en\/wp-json\/wp\/v2\/pages\/1077\/revisions\/3685"}],"wp:attachment":[{"href":"https:\/\/jadranski-zavod.hazu.hr\/en\/wp-json\/wp\/v2\/media?parent=1077"}],"curies":[{"name":"wp","href":"https:\/\/api.w.org\/{rel}","templated":true}]}}